{"id":1012,"date":"2016-10-21T15:54:26","date_gmt":"2016-10-21T12:54:26","guid":{"rendered":"http:\/\/teehead.ee\/1\/?page_id=1012"},"modified":"2025-12-21T15:11:11","modified_gmt":"2025-12-21T13:11:11","slug":"meie-pere-joulupidu-2016","status":"publish","type":"page","link":"https:\/\/teehead.ee\/1\/?page_id=1012","title":{"rendered":"Meie pere j\u00f5ulupidu 2016"},"content":{"rendered":"<div align=\"justify\">\n<p><strong><span style=\"font-family: 'comic sans ms', sans-serif; font-size: 12pt;\"><span style=\"color: #ff0000;\">\u00dcrituse pildid on n\u00e4htavad<\/span> <a href=\"http:\/\/teehead.ee\/Galerii%201\/?page_id=6715\"><span style=\"font-size: 14pt;\">siin:<\/span><\/a><\/span><\/strong><\/p>\n<p>&nbsp;<\/p>\n<\/div>\n<div align=\"justify\"><span style=\"font-size: 12pt; font-family: 'comic sans ms', sans-serif;\"><span class=\"ws36\" style=\"color: #000000;\">S<\/span><span class=\"ws12\" style=\"color: #000000;\">elle-aastane &#8220;<\/span><span class=\"ws12\" style=\"color: #000000;\"><b>Meie pere j\u00f5ulupidu<\/b><\/span><span class=\"ws12\" style=\"color: #000000;\">&#8221; toimus 2017. aasta kaheksandal p\u00e4eval ehk 08.01.2017. \u00dcritus algas&nbsp;<\/span><span class=\"ws12\" style=\"color: #000000;\"><b>12.00<\/b><\/span><span class=\"ws12\" style=\"color: #000000;\"> ja kestis viis tundi. J\u00f5ule t\u00e4histasime sel aastal Tabasalu Spordikeskuses<\/span><span class=\"ws12\" style=\"color: #000000;\">. Tegu oli kinnise \u00fcritusega, kuhu ootasime lasterikkaid peresid ning \u00fcksikvanemaid koos lastega k\u00f5ikjalt \u00fcle Eesti.<\/span><\/span><\/div>\n<div align=\"justify\"><span class=\"ws12\" style=\"color: #000000; font-family: 'comic sans ms', sans-serif; font-size: 12pt;\">&nbsp;<\/span><\/div>\n<div align=\"justify\"><span style=\"font-size: 12pt; font-family: 'comic sans ms', sans-serif;\"><span class=\"ws12\" style=\"color: #000000;\">P\u00e4evajuht oli&nbsp;<\/span><span class=\"ws12\" style=\"color: #ff0000;\"><b><a href=\"http:\/\/www.renxx.ee\">Renxx<\/a>!<\/b><\/span><\/span><\/div>\n<div align=\"justify\"><span class=\"ws11\" style=\"color: #000000; font-family: 'comic sans ms', sans-serif; font-size: 12pt;\">&nbsp;<\/span><\/div>\n<div align=\"justify\"><span class=\"ws11\" style=\"color: #000000; font-family: 'comic sans ms', sans-serif; font-size: 12pt;\"><b>Mis toimus?<\/b><\/span><\/div>\n<div align=\"justify\"><span style=\"font-size: 12pt; font-family: 'comic sans ms', sans-serif; color: #000000;\">Kell 12 algav&nbsp;ja 5 tundi kestev \u00fcritus oli k\u00f5igile tasuta. &#8220;Meie pere j\u00f5ulupidu&#8221; \u00fcritus oli m\u00f5eldud lasterikastele peredele (peres pidi aastavahetuse seisuga elama v\u00e4hemalt 3 alaealist last) ja \u00fcksikvanematega peredele \u00fcle Eesti. J\u00f5ulupeol \u00fchendasime meeldiva tervislikuga ning pakkusime k\u00f5ikidele huvilistele v\u00f5imalust v\u00f5tta j\u00f5ulukingid sel aastal j\u00f5uluvanalt vastu p\u00e4rast v\u00e4ikest sportimist. Erinevalt tavap\u00e4rasest j\u00f5ulutrallist said nii lapsed kui lapsevanemad&nbsp;&#8220;Meie pere j\u00f5ulupeol&#8221; v\u00f5istelda paljudel ebatraditsioonilistel v\u00f5istlusaladel. Igal \u00fcrituse k\u00fclastajal oli v\u00f5imalus m\u00e4ngida squashi, sulgpalli ja \u00f5hupalliga v\u00f5rkpalli.&nbsp;Kuni 5&nbsp;aastastel lastel oli v\u00f5imalus lennutada lendavat taldrikut&nbsp;ja visata pehmet palli v\u00e4ravasse. Suuremad inimesed said veel visata korvpalliga t\u00e4psust, proovida saalihokit, m\u00e4ngida m\u00e4nge &#8220;T\u00e4pne liug&#8221; ja &#8220;Peegelkiri&#8221; ja v\u00f5tta osa veel mitmest erinevast tegevusest. Suurt energiat vajavatele tegevustele vahelduseks oli k\u00f5igil v\u00f5imalus ka joonistada. M\u00f5istagi ei puudunud j\u00f5ulupeolt ka j\u00f5uluvana ja kingikotid k\u00f5ikidele peredele!<\/span><br \/>\n<span style=\"font-size: 12pt; font-family: 'comic sans ms', sans-serif; color: #000000;\">Lisaks k\u00f5igele eelnevale oli meie eesm\u00e4rgiks tagada j\u00f5ulupeole tulijatele t\u00e4is k\u00f5ht ning transpordikulude katmine. Kokku osales \u00fcritusel&nbsp;\u00fcle&nbsp;30&nbsp;pere ehk&nbsp;~150 inimest.<\/span><\/div>\n<div align=\"justify\">&nbsp;<\/div>\n<div align=\"justify\"><strong><span style=\"font-family: 'comic sans ms', sans-serif; color: #000000; font-size: 12pt;\">Auhinnatavad v\u00f5istlusalad:<\/span><\/strong><\/div>\n<div align=\"justify\"><span style=\"font-family: 'comic sans ms', sans-serif; font-size: 12pt; color: #000000;\"><span style=\"color: #ff0000;\"><strong>Squash<\/strong><\/span> &#8211; turniiri p\u00f5him\u00f5ttel, osaleda v\u00f5ivad k\u00f5ik, auhinnatakse parimat<br \/>\n<strong><span style=\"color: #ff0000;\">Sulgpall<\/span><\/strong> &#8211; turniiri p\u00f5him\u00f5ttel, osaleda v\u00f5ivad k\u00f5ik, auhinnatakse parimat<br \/>\n<span style=\"color: #ff0000;\"><strong>\u00d5hupalliga v\u00f5rkpall<\/strong><\/span> &#8211; turniiri p\u00f5him\u00f5ttel, osaleda v\u00f5ivad k\u00f5ik, auhinnatakse parimat<br \/>\n<span style=\"color: #008000;\"><strong>Ajalehtedest torni ehitamine<\/strong><\/span> &#8211; iga pere saab proovida \u00fche korra, auhinnatakse parimat<br \/>\n<span style=\"color: #0000ff;\"><strong>Korvpalliga t\u00e4psusvise<\/strong><\/span> &#8211; v\u00f5ib proovida niimitu korda kui soovitakse, osaleda v\u00f5ivad k\u00f5ik, auhinnatakse esikolmikut<br \/>\n<strong><span style=\"color: #0000ff;\">Puldiauto ralli<\/span><\/strong> &#8211;&nbsp;v\u00f5ib proovida niimitu korda kui soovitakse, osaleda v\u00f5ivad k\u00f5ik, auhinnatakse esikolmikut<br \/>\n<strong><span style=\"color: #0000ff;\">Saalihoki t\u00e4psusvise<\/span><\/strong> &#8211; v\u00f5ib proovida niimitu korda kui soovitakse, osaleda v\u00f5ivad k\u00f5ik, auhinnatakse esikolmikut<br \/>\n<span style=\"color: #0000ff;\"><strong>Osavusm\u00e4ng &#8220;T\u00e4pne liug<\/strong><\/span>&#8221; &#8211; v\u00f5ib proovida niimitu korda kui soovitakse, osaleda v\u00f5ivad k\u00f5ik, auhinnatakse&nbsp;esikolmikut<br \/>\n<span style=\"color: #0000ff;\"><strong>Osavusm\u00e4ng &#8220;Peegelkiri&#8221;<\/strong><\/span>&nbsp;&#8211; v\u00f5ib proovida niimitu korda kui soovitakse, osaleda v\u00f5ivad k\u00f5ik, auhinnatakse&nbsp;esikolmikut<br \/>\n<span style=\"color: #ff6600;\"><strong>Lendava taldriku kaugusvise<\/strong><\/span> &#8211; v\u00f5ib proovida niimitu korda kui soovitakse, osaleda v\u00f5ivad kuni 5 aastased lapsed (kaasaarvatud),&nbsp;auhinnatakse&nbsp;esikolmikut<\/span><br \/>\n<span style=\"font-size: 12pt; color: #000000; font-family: 'comic sans ms', sans-serif;\"><span style=\"color: #ff6600;\"><strong>Palli v\u00e4ravasse viskamine<\/strong><\/span> &#8211; v\u00f5ib proovida niimitu korda kui soovitakse, osaleda v\u00f5ivad kuni 5 aastased lapsed (kaasaarvatud),&nbsp;auhinnatakse&nbsp;esikolmikut<\/span><\/div>\n<div align=\"justify\">\n<div align=\"justify\"><span class=\"ws12\" style=\"color: #000000; font-family: 'comic sans ms', sans-serif; font-size: 12pt;\">&nbsp;<\/span><\/div>\n<p><b style=\"color: #000000; font-family: 'comic sans ms', sans-serif; font-size: 12pt; line-height: 1;\">Kuidas saab osalema?<br \/>\n<\/b><span style=\"color: #000000; font-size: 12pt; font-family: 'comic sans ms', sans-serif;\">Osalemiseks tuleb registreerida oma pere. Selleks tuleb saata&nbsp;meile t\u00e4idetud <span style=\"font-size: 14pt;\"><strong><span style=\"color: #0000ff;\">AV<\/span><\/strong><\/span><span style=\"font-size: 14pt;\"><strong><span style=\"color: #0000ff;\">ALDUS<\/span><\/strong><\/span>. Kahjuks ei ole ruumid kummist ja seet\u00f5ttu on piiratud ka osalejate arv.<\/span><\/p>\n<\/div>\n<div align=\"justify\"><span class=\"ws11\" style=\"color: #000000; font-family: 'comic sans ms', sans-serif; font-size: 12pt;\"><b>Milleks sponsorid?<\/b><\/span><\/div>\n<div align=\"justify\"><span class=\"ws11\" style=\"color: #000000; font-family: 'comic sans ms', sans-serif; font-size: 12pt;\">Projekti toetajate abil saab&nbsp;lisaks lustlikule ja meeleolukale p\u00e4evale iga pere ka j\u00f5ulukingitused, tasume v\u00e4ljast poolt Harjumaad&nbsp;tulijate transpordikulud ning organiseerime \u00fcrituse k\u00fclastajaile korraliku s\u00f6\u00f6gilaua.<\/span><\/div>\n<div align=\"justify\"><span class=\"ws11\" style=\"color: #000000; font-family: 'comic sans ms', sans-serif; font-size: 12pt;\">&nbsp;<\/span><\/div>\n<div align=\"justify\"><span class=\"ws11\" style=\"color: #000000; font-family: 'comic sans ms', sans-serif; font-size: 12pt;\"><b>Vabatahtlikud<\/b><\/span><\/div>\n<div><span style=\"color: #000000; font-family: 'comic sans ms', sans-serif;\"><span style=\"font-size: 16px; line-height: 16px;\">\u00dcritusele \u00f5nnestumisele kaasa aitamiseks otsime&nbsp;appi vabatahtlikke. Vabatahtlikuks&nbsp;registreeri ennast portaalis&nbsp;<a href=\"http:\/\/vabatahtlikud.ee\/kuulutus\/meie-pere-joulupidu-kutsub-appi-2\/\" target=\"_blank\" rel=\"noopener\">VABATAHTLIKUD<\/a>.<\/span><\/span><\/div>\n<div>&nbsp;<\/div>\n<div>&nbsp;<\/div>\n<div>&nbsp;<\/div>\n<div align=\"center\"><span class=\"ws12\" style=\"color: #ff0000; font-family: 'comic sans ms', sans-serif; font-size: 12pt;\"><b>Heategevus\u00fching Hea Tegu t\u00e4nab k\u00f5iki projekti toetajaid!<\/b><\/span><\/div>\n<div align=\"justify\">&nbsp;<\/div>\n<div align=\"justify\">&nbsp;<\/div>\n<div align=\"justify\"><span class=\"ws20\" style=\"color: #ff0000; font-family: 'comic sans ms', sans-serif; font-size: 12pt;\"><b>&nbsp;<\/b><\/span><\/div>\n<div align=\"center\"><span class=\"ws20\" style=\"color: #ff0000; font-family: 'comic sans ms', sans-serif; font-size: 14pt;\"><b>Projekti \u00f5nnestumisele aitavad kaasa:<\/b><\/span><\/div>\n<div align=\"center\">&nbsp;<\/div>\n<div align=\"center\">&nbsp;<\/div>\n<div align=\"center\">\n<p><a href=\"http:\/\/www.epl.ee\"><img fetchpriority=\"high\" decoding=\"async\" class=\"aligncenter wp-image-237 size-full\" src=\"http:\/\/teehead.ee\/1\/wp-content\/uploads\/2015\/08\/epl.png\" alt=\"Eesti P\u00e4evaleht\" width=\"1004\" height=\"93\" srcset=\"https:\/\/teehead.ee\/1\/wp-content\/uploads\/2015\/08\/epl.png 1004w, https:\/\/teehead.ee\/1\/wp-content\/uploads\/2015\/08\/epl-300x28.png 300w, https:\/\/teehead.ee\/1\/wp-content\/uploads\/2015\/08\/epl-624x58.png 624w\" sizes=\"(max-width: 1004px) 100vw, 1004px\" \/><\/a><\/p>\n<p><a href=\"http:\/\/www.tabasalusport.ee\"><img decoding=\"async\" class=\"aligncenter wp-image-1028 size-full\" src=\"http:\/\/teehead.ee\/1\/wp-content\/uploads\/2016\/10\/tabasalu_spordikompleks-logo.jpg\" alt=\"tabasalu_spordikompleks-logo\" width=\"407\" height=\"151\" srcset=\"https:\/\/teehead.ee\/1\/wp-content\/uploads\/2016\/10\/tabasalu_spordikompleks-logo.jpg 407w, https:\/\/teehead.ee\/1\/wp-content\/uploads\/2016\/10\/tabasalu_spordikompleks-logo-300x111.jpg 300w\" sizes=\"(max-width: 407px) 100vw, 407px\" \/><\/a><\/p>\n<p><a href=\"http:\/\/www.irest.ee\"><img decoding=\"async\" class=\"aligncenter wp-image-782\" src=\"http:\/\/teehead.ee\/1\/wp-content\/uploads\/2015\/10\/Irest-300x146.png\" alt=\"Irest\" width=\"500\" height=\"243\" srcset=\"https:\/\/teehead.ee\/1\/wp-content\/uploads\/2015\/10\/Irest-300x146.png 300w, https:\/\/teehead.ee\/1\/wp-content\/uploads\/2015\/10\/Irest-624x303.png 624w, https:\/\/teehead.ee\/1\/wp-content\/uploads\/2015\/10\/Irest.png 700w\" sizes=\"(max-width: 500px) 100vw, 500px\" \/><\/a><\/p>\n<p><a href=\"http:\/\/www.knc.ee\"><img loading=\"lazy\" decoding=\"async\" class=\"aligncenter wp-image-1047\" src=\"http:\/\/teehead.ee\/1\/wp-content\/uploads\/2016\/10\/Kunda-Nordic-Cement.png\" alt=\"kunda-nordic-cement\" width=\"502\" height=\"86\" srcset=\"https:\/\/teehead.ee\/1\/wp-content\/uploads\/2016\/10\/Kunda-Nordic-Cement.png 356w, https:\/\/teehead.ee\/1\/wp-content\/uploads\/2016\/10\/Kunda-Nordic-Cement-300x51.png 300w\" sizes=\"(max-width: 502px) 100vw, 502px\" \/><\/a><\/p>\n<p><a href=\"http:\/\/www.hims.ee\"><img loading=\"lazy\" decoding=\"async\" class=\"alignnone size-medium wp-image-1044\" src=\"http:\/\/teehead.ee\/1\/wp-content\/uploads\/2016\/10\/Helmetal-IMS-300x189.png\" alt=\"helmetal-ims\" width=\"300\" height=\"189\" srcset=\"https:\/\/teehead.ee\/1\/wp-content\/uploads\/2016\/10\/Helmetal-IMS-300x189.png 300w, https:\/\/teehead.ee\/1\/wp-content\/uploads\/2016\/10\/Helmetal-IMS.png 314w\" sizes=\"(max-width: 300px) 100vw, 300px\" \/><\/a>&nbsp;<a href=\"http:\/\/www.heinosinisalu.ee\"><img loading=\"lazy\" decoding=\"async\" class=\"alignnone wp-image-1033 size-medium\" src=\"http:\/\/teehead.ee\/1\/wp-content\/uploads\/2016\/10\/lauab\u00e4nner-300x180.png\" alt=\"lauabanner\" width=\"300\" height=\"180\" srcset=\"https:\/\/teehead.ee\/1\/wp-content\/uploads\/2016\/10\/lauab\u00e4nner-300x180.png 300w, https:\/\/teehead.ee\/1\/wp-content\/uploads\/2016\/10\/lauab\u00e4nner-768x460.png 768w, https:\/\/teehead.ee\/1\/wp-content\/uploads\/2016\/10\/lauab\u00e4nner-624x374.png 624w, https:\/\/teehead.ee\/1\/wp-content\/uploads\/2016\/10\/lauab\u00e4nner.png 979w\" sizes=\"(max-width: 300px) 100vw, 300px\" \/><\/a>&nbsp;&nbsp;<a href=\"http:\/\/www.katevara..ee\"><img loading=\"lazy\" decoding=\"async\" class=\"alignnone wp-image-1037\" src=\"http:\/\/teehead.ee\/1\/wp-content\/uploads\/2016\/10\/Katevara-logo.jpg\" alt=\"katevara-logo\" width=\"300\" height=\"90\"><\/a>&nbsp;&nbsp;<a href=\"http:\/\/www.verkur.ee\"><img loading=\"lazy\" decoding=\"async\" class=\"alignnone wp-image-795 size-medium\" src=\"http:\/\/teehead.ee\/1\/wp-content\/uploads\/2015\/10\/verkur-logo-300x217.jpg\" alt=\"verkur logo\" width=\"300\" height=\"217\" srcset=\"https:\/\/teehead.ee\/1\/wp-content\/uploads\/2015\/10\/verkur-logo-300x217.jpg 300w, https:\/\/teehead.ee\/1\/wp-content\/uploads\/2015\/10\/verkur-logo.jpg 500w\" sizes=\"(max-width: 300px) 100vw, 300px\" \/><\/a>&nbsp;&nbsp;<a href=\"http:\/\/www.tbb.ee\"><img loading=\"lazy\" decoding=\"async\" class=\"alignnone wp-image-973\" src=\"http:\/\/teehead.ee\/1\/wp-content\/uploads\/2016\/03\/TBB-Logo.198x198.jpg\" alt=\"TBB-Logo.198x198\" width=\"300\" height=\"300\" srcset=\"https:\/\/teehead.ee\/1\/wp-content\/uploads\/2016\/03\/TBB-Logo.198x198.jpg 198w, https:\/\/teehead.ee\/1\/wp-content\/uploads\/2016\/03\/TBB-Logo.198x198-150x150.jpg 150w, https:\/\/teehead.ee\/1\/wp-content\/uploads\/2016\/03\/TBB-Logo.198x198-176x176.jpg 176w, https:\/\/teehead.ee\/1\/wp-content\/uploads\/2016\/03\/TBB-Logo.198x198-60x60.jpg 60w\" sizes=\"(max-width: 300px) 100vw, 300px\" \/><\/a>&nbsp;<img loading=\"lazy\" decoding=\"async\" class=\"alignnone wp-image-1051 size-medium\" src=\"http:\/\/teehead.ee\/1\/wp-content\/uploads\/2016\/10\/edgar-grynberg-300x133.jpg\" alt=\"edgar-grynberg\" width=\"300\" height=\"133\" srcset=\"https:\/\/teehead.ee\/1\/wp-content\/uploads\/2016\/10\/edgar-grynberg-300x133.jpg 300w, https:\/\/teehead.ee\/1\/wp-content\/uploads\/2016\/10\/edgar-grynberg-768x340.jpg 768w, https:\/\/teehead.ee\/1\/wp-content\/uploads\/2016\/10\/edgar-grynberg-1024x453.jpg 1024w, https:\/\/teehead.ee\/1\/wp-content\/uploads\/2016\/10\/edgar-grynberg-624x276.jpg 624w\" sizes=\"(max-width: 300px) 100vw, 300px\" \/><\/p>\n<p><a href=\"http:\/\/espak.ee\/kauplused\/parnu\/\"><img loading=\"lazy\" decoding=\"async\" class=\"wp-image-1025 alignnone\" src=\"http:\/\/teehead.ee\/1\/wp-content\/uploads\/2016\/10\/Espak_Parnu-300x102.gif\" alt=\"espak_parnu\" width=\"200\" height=\"68\" srcset=\"https:\/\/teehead.ee\/1\/wp-content\/uploads\/2016\/10\/Espak_Parnu-300x102.gif 300w, https:\/\/teehead.ee\/1\/wp-content\/uploads\/2016\/10\/Espak_Parnu-624x211.gif 624w\" sizes=\"(max-width: 200px) 100vw, 200px\" \/><\/a>&nbsp;&nbsp;<a href=\"http:\/\/www.lasilabetoon.ee\"><img loading=\"lazy\" decoding=\"async\" class=\"alignnone wp-image-763\" src=\"http:\/\/teehead.ee\/1\/wp-content\/uploads\/2015\/10\/Lasila-Betoon-300x106.png\" alt=\"Lasila Betoon\" width=\"200\" height=\"71\"><\/a>&nbsp;&nbsp;<a href=\"http:\/\/www.schon.ee\"><img loading=\"lazy\" decoding=\"async\" class=\"alignnone wp-image-818\" src=\"http:\/\/teehead.ee\/1\/wp-content\/uploads\/2015\/10\/Schon.bmp\" alt=\"Schon\" width=\"200\" height=\"61\"><\/a>&nbsp;<a href=\"http:\/\/www.buss.ee\"><img loading=\"lazy\" decoding=\"async\" class=\"alignnone wp-image-1059\" src=\"http:\/\/teehead.ee\/1\/wp-content\/uploads\/2016\/10\/hea-sobra-reisid.png\" alt=\"hea-sobra-reisid\" width=\"187\" height=\"100\"><\/a><\/p>\n<p>&nbsp;<\/p>\n<\/div>\n<p>&nbsp;<\/p>\n<p style=\"text-align: center;\"><span style=\"color: #ff0000; font-size: 14pt;\"><b>Kingikottide t\u00e4itmisega ja auhindadega aitavad kaasa:<\/b><\/span><\/p>\n<p>&nbsp;&nbsp;<a href=\"http:\/\/www.ajakirjad.ee\">&nbsp;&nbsp;&nbsp;<\/a>&nbsp; &nbsp;&nbsp;&nbsp; &nbsp;&nbsp;<a href=\"http:\/\/kiirprint.ee\/\"><img loading=\"lazy\" decoding=\"async\" class=\"alignnone wp-image-141\" src=\"http:\/\/teehead.ee\/1\/wp-content\/uploads\/2014\/09\/kiirprint.ee_200dpi_rgb.jpg\" alt=\"Kiirprint\" width=\"200\" height=\"89\" srcset=\"https:\/\/teehead.ee\/1\/wp-content\/uploads\/2014\/09\/kiirprint.ee_200dpi_rgb.jpg 818w, https:\/\/teehead.ee\/1\/wp-content\/uploads\/2014\/09\/kiirprint.ee_200dpi_rgb-300x134.jpg 300w, https:\/\/teehead.ee\/1\/wp-content\/uploads\/2014\/09\/kiirprint.ee_200dpi_rgb-624x279.jpg 624w\" sizes=\"(max-width: 200px) 100vw, 200px\" \/><\/a>&nbsp;&nbsp;<a href=\"http:\/\/www.beautyplaza.ee\/\" rel=\"attachment wp-att-838\"><img loading=\"lazy\" decoding=\"async\" class=\"alignnone wp-image-838 size-medium\" src=\"http:\/\/teehead.ee\/1\/wp-content\/uploads\/2015\/10\/BeautyPlaza_logo2-300x43.png\" alt=\"BeautyPlaza_logo2\" width=\"300\" height=\"43\" srcset=\"https:\/\/teehead.ee\/1\/wp-content\/uploads\/2015\/10\/BeautyPlaza_logo2-300x43.png 300w, https:\/\/teehead.ee\/1\/wp-content\/uploads\/2015\/10\/BeautyPlaza_logo2-768x111.png 768w, https:\/\/teehead.ee\/1\/wp-content\/uploads\/2015\/10\/BeautyPlaza_logo2-1024x147.png 1024w, https:\/\/teehead.ee\/1\/wp-content\/uploads\/2015\/10\/BeautyPlaza_logo2-624x90.png 624w\" sizes=\"(max-width: 300px) 100vw, 300px\" \/><\/a>&nbsp;&nbsp;<a href=\"http:\/\/www.koduekstra.ee\"><img loading=\"lazy\" decoding=\"async\" class=\"alignnone wp-image-948\" src=\"http:\/\/teehead.ee\/1\/wp-content\/uploads\/2016\/03\/koduekstra.png\" alt=\"koduekstra\" width=\"200\" height=\"73\"><\/a>&nbsp;<a href=\"http:\/\/www.viiking.ee\"><img loading=\"lazy\" decoding=\"async\" class=\"alignnone wp-image-1031\" src=\"http:\/\/teehead.ee\/1\/wp-content\/uploads\/2016\/10\/Viiking-Spa-hotell-300x116.jpg\" alt=\"viiking-spa-hotell\" width=\"200\" height=\"78\" srcset=\"https:\/\/teehead.ee\/1\/wp-content\/uploads\/2016\/10\/Viiking-Spa-hotell-300x116.jpg 300w, https:\/\/teehead.ee\/1\/wp-content\/uploads\/2016\/10\/Viiking-Spa-hotell.jpg 320w\" sizes=\"(max-width: 200px) 100vw, 200px\" \/>&nbsp;<\/a>&nbsp;<a href=\"http:\/\/www.spa.ee\"><img loading=\"lazy\" decoding=\"async\" class=\"alignnone wp-image-775\" src=\"http:\/\/teehead.ee\/1\/wp-content\/uploads\/2015\/10\/Paradiis-EST-300x165.jpg\" width=\"200\" height=\"110\" srcset=\"https:\/\/teehead.ee\/1\/wp-content\/uploads\/2015\/10\/Paradiis-EST-300x165.jpg 300w, https:\/\/teehead.ee\/1\/wp-content\/uploads\/2015\/10\/Paradiis-EST-624x343.jpg 624w, https:\/\/teehead.ee\/1\/wp-content\/uploads\/2015\/10\/Paradiis-EST.jpg 640w\" sizes=\"(max-width: 200px) 100vw, 200px\" \/><\/a>&nbsp;&nbsp;<a href=\"http:\/\/www.petroneprint.ee\"><img loading=\"lazy\" decoding=\"async\" class=\"alignnone wp-image-787\" src=\"http:\/\/teehead.ee\/1\/wp-content\/uploads\/2015\/10\/petrone_print-300x155.jpg\" alt=\"petrone_print\" width=\"200\" height=\"104\" srcset=\"https:\/\/teehead.ee\/1\/wp-content\/uploads\/2015\/10\/petrone_print-300x155.jpg 300w, https:\/\/teehead.ee\/1\/wp-content\/uploads\/2015\/10\/petrone_print-1024x531.jpg 1024w, https:\/\/teehead.ee\/1\/wp-content\/uploads\/2015\/10\/petrone_print-624x323.jpg 624w, https:\/\/teehead.ee\/1\/wp-content\/uploads\/2015\/10\/petrone_print.jpg 1150w\" sizes=\"(max-width: 200px) 100vw, 200px\" \/><\/a>&nbsp;&nbsp;<a href=\"http:\/\/www.kalevspa.ee\"><img loading=\"lazy\" decoding=\"async\" class=\"alignnone wp-image-793\" src=\"http:\/\/teehead.ee\/1\/wp-content\/uploads\/2015\/10\/KalevSpa-logo-300x300.jpg\" alt=\"KalevSpa logo\" width=\"200\" height=\"200\" srcset=\"https:\/\/teehead.ee\/1\/wp-content\/uploads\/2015\/10\/KalevSpa-logo-300x300.jpg 300w, https:\/\/teehead.ee\/1\/wp-content\/uploads\/2015\/10\/KalevSpa-logo-150x150.jpg 150w, https:\/\/teehead.ee\/1\/wp-content\/uploads\/2015\/10\/KalevSpa-logo-176x176.jpg 176w, https:\/\/teehead.ee\/1\/wp-content\/uploads\/2015\/10\/KalevSpa-logo.jpg 500w\" sizes=\"(max-width: 200px) 100vw, 200px\" \/><\/a>&nbsp;<a href=\"https:\/\/www.saku.ee\/toode\/lotte-limonaad\/\"><img loading=\"lazy\" decoding=\"async\" class=\"alignnone wp-image-1063\" src=\"http:\/\/teehead.ee\/1\/wp-content\/uploads\/2016\/10\/lotte-limonaad-logo-300x289.png\" alt=\"lotte-limonaad-logo\" width=\"200\" height=\"193\" srcset=\"https:\/\/teehead.ee\/1\/wp-content\/uploads\/2016\/10\/lotte-limonaad-logo-300x289.png 300w, https:\/\/teehead.ee\/1\/wp-content\/uploads\/2016\/10\/lotte-limonaad-logo-768x740.png 768w, https:\/\/teehead.ee\/1\/wp-content\/uploads\/2016\/10\/lotte-limonaad-logo-624x601.png 624w, https:\/\/teehead.ee\/1\/wp-content\/uploads\/2016\/10\/lotte-limonaad-logo.png 912w\" sizes=\"(max-width: 200px) 100vw, 200px\" \/><\/a>&nbsp;<a href=\"http:\/\/www.santamaria.ee\"><img loading=\"lazy\" decoding=\"async\" class=\"alignnone wp-image-936\" src=\"http:\/\/teehead.ee\/1\/wp-content\/uploads\/2016\/03\/Santa_Mantaria_logotype_RGB-300x113.jpg\" alt=\"Santa_Mantaria_logotype_RGB\" width=\"200\" height=\"75\" srcset=\"https:\/\/teehead.ee\/1\/wp-content\/uploads\/2016\/03\/Santa_Mantaria_logotype_RGB-300x113.jpg 300w, https:\/\/teehead.ee\/1\/wp-content\/uploads\/2016\/03\/Santa_Mantaria_logotype_RGB-768x290.jpg 768w, https:\/\/teehead.ee\/1\/wp-content\/uploads\/2016\/03\/Santa_Mantaria_logotype_RGB-1024x386.jpg 1024w, https:\/\/teehead.ee\/1\/wp-content\/uploads\/2016\/03\/Santa_Mantaria_logotype_RGB-624x235.jpg 624w\" sizes=\"(max-width: 200px) 100vw, 200px\" \/><\/a>&nbsp;<a href=\"http:\/\/www.prolexplast.ee\"><img loading=\"lazy\" decoding=\"async\" class=\"alignnone wp-image-814\" src=\"http:\/\/teehead.ee\/1\/wp-content\/uploads\/2015\/10\/Prolexplast-300x94.jpg\" alt=\"Prolexplast\" width=\"201\" height=\"63\" srcset=\"https:\/\/teehead.ee\/1\/wp-content\/uploads\/2015\/10\/Prolexplast-300x94.jpg 300w, https:\/\/teehead.ee\/1\/wp-content\/uploads\/2015\/10\/Prolexplast-1024x321.jpg 1024w, https:\/\/teehead.ee\/1\/wp-content\/uploads\/2015\/10\/Prolexplast-624x195.jpg 624w\" sizes=\"(max-width: 201px) 100vw, 201px\" \/><\/a><a href=\"http:\/\/www.suukool.ee\">&nbsp;<\/a><a href=\"http:\/\/www.svensky.ee\"><img loading=\"lazy\" decoding=\"async\" class=\"alignnone wp-image-1067\" src=\"http:\/\/teehead.ee\/1\/wp-content\/uploads\/2016\/10\/Svensky-logo-kirjaga-300x84.png\" alt=\"svensky-logo-kirjaga\" width=\"200\" height=\"56\" srcset=\"https:\/\/teehead.ee\/1\/wp-content\/uploads\/2016\/10\/Svensky-logo-kirjaga-300x84.png 300w, https:\/\/teehead.ee\/1\/wp-content\/uploads\/2016\/10\/Svensky-logo-kirjaga.png 600w\" sizes=\"(max-width: 200px) 100vw, 200px\" \/><\/a><a href=\"http:\/\/www.suukool.ee\">&nbsp;<img loading=\"lazy\" decoding=\"async\" class=\"alignnone wp-image-1065\" src=\"http:\/\/teehead.ee\/1\/wp-content\/uploads\/2016\/10\/Suukool-300x300.jpg\" width=\"200\" height=\"200\" srcset=\"https:\/\/teehead.ee\/1\/wp-content\/uploads\/2016\/10\/Suukool-300x300.jpg 300w, https:\/\/teehead.ee\/1\/wp-content\/uploads\/2016\/10\/Suukool-150x150.jpg 150w, https:\/\/teehead.ee\/1\/wp-content\/uploads\/2016\/10\/Suukool-176x176.jpg 176w, https:\/\/teehead.ee\/1\/wp-content\/uploads\/2016\/10\/Suukool-60x60.jpg 60w, https:\/\/teehead.ee\/1\/wp-content\/uploads\/2016\/10\/Suukool.jpg 320w\" sizes=\"(max-width: 200px) 100vw, 200px\" \/><\/a>&nbsp;<a href=\"http:\/\/www.mereannid.ee\"><img loading=\"lazy\" decoding=\"async\" class=\"alignnone wp-image-277\" src=\"http:\/\/teehead.ee\/1\/wp-content\/uploads\/2015\/08\/KaptenGrant-logov-300x298.gif\" alt=\"KaptenGrant-logov\" width=\"200\" height=\"198\" srcset=\"https:\/\/teehead.ee\/1\/wp-content\/uploads\/2015\/08\/KaptenGrant-logov-300x298.gif 300w, https:\/\/teehead.ee\/1\/wp-content\/uploads\/2015\/08\/KaptenGrant-logov-150x150.gif 150w\" sizes=\"(max-width: 200px) 100vw, 200px\" \/><\/a>&nbsp;<a href=\"http:\/\/www.catering.ee\"><img loading=\"lazy\" decoding=\"async\" class=\"alignnone wp-image-875\" src=\"http:\/\/teehead.ee\/1\/wp-content\/uploads\/2015\/10\/Catering-Service-300x118.jpg\" alt=\"Catering Service\" width=\"200\" height=\"79\" srcset=\"https:\/\/teehead.ee\/1\/wp-content\/uploads\/2015\/10\/Catering-Service-300x118.jpg 300w, https:\/\/teehead.ee\/1\/wp-content\/uploads\/2015\/10\/Catering-Service-624x246.jpg 624w, https:\/\/teehead.ee\/1\/wp-content\/uploads\/2015\/10\/Catering-Service.jpg 725w\" sizes=\"(max-width: 200px) 100vw, 200px\" \/><\/a><\/p>\n<p><b>&nbsp;<\/b><\/p>\n","protected":false},"excerpt":{"rendered":"<p>\u00dcrituse pildid on n\u00e4htavad siin: &nbsp; Selle-aastane &#8220;Meie pere j\u00f5ulupidu&#8221; toimus 2017. aasta kaheksandal p\u00e4eval ehk 08.01.2017. \u00dcritus algas&nbsp;12.00 ja kestis viis tundi. J\u00f5ule t\u00e4histasime sel aastal Tabasalu Spordikeskuses. Tegu oli kinnise \u00fcritusega, kuhu ootasime lasterikkaid peresid ning \u00fcksikvanemaid koos lastega k\u00f5ikjalt \u00fcle Eesti. &nbsp; P\u00e4evajuht oli&nbsp;Renxx! &nbsp; Mis toimus? Kell 12 algav&nbsp;ja 5 tundi kestev \u00fcritus oli k\u00f5igile tasuta. &#8220;Meie pere j\u00f5ulupidu&#8221; \u00fcritus oli m\u00f5eldud lasterikastele peredele (peres pidi aastavahetuse seisuga elama v\u00e4hemalt 3 alaealist last) ja \u00fcksikvanematega peredele<\/p>\n","protected":false},"author":1,"featured_media":0,"parent":23,"menu_order":162,"comment_status":"closed","ping_status":"closed","template":"","meta":{"ngg_post_thumbnail":0,"footnotes":""},"class_list":["post-1012","page","type-page","status-publish","hentry"],"jetpack_sharing_enabled":true,"_links":{"self":[{"href":"https:\/\/teehead.ee\/1\/index.php?rest_route=\/wp\/v2\/pages\/1012","targetHints":{"allow":["GET"]}}],"collection":[{"href":"https:\/\/teehead.ee\/1\/index.php?rest_route=\/wp\/v2\/pages"}],"about":[{"href":"https:\/\/teehead.ee\/1\/index.php?rest_route=\/wp\/v2\/types\/page"}],"author":[{"embeddable":true,"href":"https:\/\/teehead.ee\/1\/index.php?rest_route=\/wp\/v2\/users\/1"}],"replies":[{"embeddable":true,"href":"https:\/\/teehead.ee\/1\/index.php?rest_route=%2Fwp%2Fv2%2Fcomments&post=1012"}],"version-history":[{"count":5,"href":"https:\/\/teehead.ee\/1\/index.php?rest_route=\/wp\/v2\/pages\/1012\/revisions"}],"predecessor-version":[{"id":2805,"href":"https:\/\/teehead.ee\/1\/index.php?rest_route=\/wp\/v2\/pages\/1012\/revisions\/2805"}],"up":[{"embeddable":true,"href":"https:\/\/teehead.ee\/1\/index.php?rest_route=\/wp\/v2\/pages\/23"}],"wp:attachment":[{"href":"https:\/\/teehead.ee\/1\/index.php?rest_route=%2Fwp%2Fv2%2Fmedia&parent=1012"}],"curies":[{"name":"wp","href":"https:\/\/api.w.org\/{rel}","templated":true}]}}