{"id":1252,"date":"2018-03-08T11:00:47","date_gmt":"2018-03-08T09:00:47","guid":{"rendered":"http:\/\/teehead.ee\/1\/?page_id=1252"},"modified":"2025-12-21T15:00:32","modified_gmt":"2025-12-21T13:00:32","slug":"meie-pere-suvelaager-2018","status":"publish","type":"page","link":"https:\/\/teehead.ee\/1\/?page_id=1252","title":{"rendered":"Meie pere suvelaager 2018"},"content":{"rendered":"<div align=\"justify\">\n<p style=\"text-align: center;\"><span style=\"color: #ff0000;\"><span style=\"font-size: 18.6667px;\"><b>2018 aasta Meie Pere Suvelaager on l\u00e4bi!<\/b><\/span><\/span><\/p>\n<p>T\u00e4name k\u00f5iki osalejaid ja k\u00f5iki toetajaid! Pildigalerii on k\u00f5igest toimunust on n\u00e4htav <a href=\"http:\/\/teehead.ee\/Galerii%201\/?page_id=10017\"><strong><span style=\"font-size: 14pt;\">siin:<\/span><\/strong><\/a><\/p>\n<p style=\"text-align: left;\">Sel aastal proovisime uut punktis\u00fcsteemi, ehk igast tegevusest\/v\u00f5istlusest osav\u00f5tmine andis perele punke ja nii tekkis edetabel.<\/p>\n<p style=\"text-align: center;\"><strong>\u00dcldarvestuses:<br \/>\n<span style=\"font-size: 18pt;\">1 koht &#8211; perekond<\/span><\/strong> <strong><span style=\"font-size: 12pt;\"><span style=\"font-size: 18pt;\">Lozin<\/span><br \/>\n<span style=\"font-size: 14pt;\">2 koht &#8211; perekond K\u00fcttis<\/span><br \/>\n<span style=\"font-size: 14pt;\">3 koht &#8211; perekond Aedm\u00e4e<\/span><br \/>\n<span style=\"font-size: 14pt;\">4 koht &#8211; perekond Matson<\/span><br \/>\n<span style=\"font-size: 14pt;\">5 koht &#8211; perekond Rosin<\/span><br \/>\n<\/span><\/strong><\/p>\n<p>Eriauhinna (&#8220;Pere &amp; Kodu&#8221; ajakirja 6 kuu tellimus) kogu \u00fcrituse k\u00f5ige emotsionaalsema hetke eest sai perekond <strong>Ojamets<\/strong>&nbsp;imekauni isa ja poja dueti eest karaoke v\u00f5istlusel.<\/p>\n<p>Kingikotid said k\u00f5ik pered. Oluline oli osav\u00f5tt!<\/p>\n<p>&nbsp;<\/p>\n<p style=\"text-align: center;\"><span style=\"font-size: 14pt;\"><strong><span style=\"color: #ff0000;\">Tutvustus:<\/span><\/strong><\/span><\/p>\n<p>Sel aastal&nbsp;korraldasime lasterikastele peredele (pere, kus kasvab v\u00e4hemalt 3 alaealist last) ja \u00fcksikvanematega peredele sportliku suunitlusega, 24 tundi kestva, suvelaagri. <strong>Meie pere&nbsp;suvelaager<\/strong> algas p\u00fchap\u00e4eval, <strong>29. juulil<\/strong>, kell <strong>12.00<\/strong>&nbsp;ning kestis j\u00e4rgmise p\u00e4eva kella 12-ni. Suvelaager toimus&nbsp;<strong><a href=\"http:\/\/www.kaariku.com\/\" target=\"_blank\" rel=\"noopener noreferrer\">K\u00e4\u00e4riku puhkekeskuses<\/a><\/strong>.<\/p>\n<\/div>\n<div align=\"justify\">Kohapeal oli k\u00f5igil soovijail v\u00f5imalus m\u00e4ngida sulgpalli, lauatennist, tennist, v\u00f5rkpalli, petanki, osaleda teatev\u00f5istlustel&nbsp;jne.&nbsp;Lisaks eelpool mainitule oli v\u00e4iksematele lastele&nbsp;\u00fcritusel multikatuba ja joonistamisnurk. Sel aastal tegeles lastega ka muinasjutuvestja Jaak K\u00e4nd.<\/div>\n<p>\u00dcritusele osales kokku ligi&nbsp;<strong>30 peret<\/strong>, ehk veidi alla&nbsp;<strong>~200 inimese!<\/strong><\/p>\n<div align=\"justify\"><span class=\"ws14\">&nbsp;<\/span><\/div>\n<div align=\"justify\">&nbsp;<\/div>\n<div align=\"justify\"><strong><span class=\"ws12\">Algus<\/span><\/strong>&nbsp;\u2013 29.07.2018 kell 12.00<br \/>\n<strong><span class=\"ws12\">L\u00f5pp<\/span><\/strong>&nbsp;\u2013 30.07.2018 kell 12.00<\/div>\n<div align=\"justify\"><strong>Toitlustus<\/strong> \u2013 k\u00f5igile kohale tulnuile oli tellitud&nbsp;esimeseks p\u00e4evaks l\u00f5unas\u00f6\u00f6k, \u00f5htus\u00f6\u00f6k ning \u00f6\u00f6oode&nbsp;ja&nbsp;teiseks p\u00e4evaks hommikus\u00f6\u00f6k<\/div>\n<div align=\"justify\"><span class=\"ws12\"><strong>Suvelaagri&nbsp;juht<\/strong> \u2013<\/span>&nbsp;<strong><span class=\"ws12\"><u><a href=\"http:\/\/www.renxx.ee\/\" target=\"_blank\" rel=\"noopener noreferrer\">Renxx<\/a><\/u><\/span><\/strong><\/div>\n<div align=\"justify\"><span class=\"ws12\"><strong>Majutus<\/strong> \u2013 \u00f6\u00f6bimine oli&nbsp;<span style=\"font-size: 12pt;\">perep\u00f5hiselt<\/span> tubades, ehk iga pere \u00f6\u00f6bib eraldi toas<\/span><\/div>\n<div align=\"justify\"><span class=\"ws12\"><strong>Registreerimine<\/strong> \u2013 \u00fcritusele registreerimine algas 1. aprillil 2018 ja kestis kuni 15. aprillini 2018.&nbsp;Registreerimiseks tuli t\u00e4ita <span style=\"font-size: 12pt;\"><strong>AVALDUS<\/strong><\/span>. P\u00e4rast registreerimisperioodi l\u00f5ppu vaadatakse \u00fcle k\u00f5ik avaldused ning tehakse valik, kes saavad \u00fcritusel osaleda. Esmaselt eelistatakse peresid, kes pole varem sarnasel \u00fcritusel osalenud, kuid avaldusi oodatakse k\u00f5ikidelt peredelt, kes soovivad osaleda. P\u00fc\u00fcame leida v\u00f5imalusi, et erinevalt varasematest aastatest saame \u00fcritusele vastu v\u00f5tta pea 2 korda rohkem peresid.&nbsp; Registreerimistasu oli 15 EUR pere kohta, mis tuli tasuda peredel, kes olid kinnitatud osalevate peredena. Pere loeti registreerituks p\u00e4rast korraldajate kinnitamist ning osav\u00f5tumaksu tasumist. K\u00f5ikide avalduse esitajatega v\u00f5eti eraldi \u00fchendust.<\/span><\/div>\n<div align=\"justify\">&nbsp;<\/div>\n<div align=\"justify\"><strong><span class=\"ws12\"><u>Tegevused<\/u><\/span><\/strong><\/div>\n<div align=\"justify\"><strong>Kogu aeg toimunud tegevused:<\/strong><\/div>\n<div align=\"justify\">Multikatuba, laste m\u00e4nguv\u00e4ljak,&nbsp;korvpall, tennis, lauatennis, j\u00f5usaali kasutamine ja&nbsp;s\u00f5udeergomeetritel s\u00f5udmine.<\/div>\n<div align=\"justify\">&nbsp;<\/div>\n<div align=\"justify\">\n<div align=\"justify\"><strong><span class=\"ws12\"><u>AJAKAVA:<\/u><\/span><\/strong><\/div>\n<div align=\"justify\">\n<p><strong>29.07.2018<\/strong><br \/>\n<strong>10.30<\/strong>&nbsp;Registreerimine ja majutamine (bussipeatuses)<br \/>\n<strong>12.00 <\/strong>Avak\u00f5ned ja \u00fcrituse tutvustus (v\u00f5imla ees, vihmase ilmaga v\u00f5imlas)<strong><br \/>\n<\/strong><strong>12.15&nbsp;<\/strong>Tennise turniir, korvpalli turniir (v\u00e4liv\u00e4ljakutel) \/ vihmase ilmaga sulgpalli ja lauatennise turniirid (v\u00f5imlas)<br \/>\n<strong>12.30 <\/strong>Avame laste m\u00e4ngutoa: joonistamine, multikad, muinasjutuvestja (s\u00f6\u00f6kla majas)<br \/>\n<strong>13.30<\/strong> L\u00f5unas\u00f6\u00f6k (s\u00f6\u00f6klas)<br \/>\n<strong>14.30<\/strong>&nbsp;J\u00e4tkuvad varasemad turniirid, tuleb v\u00f5istlusi juurde<br \/>\n<strong>18.00<\/strong> \u00d5htus\u00f6\u00f6k (s\u00f6\u00f6klas)<br \/>\n<strong>19.00<\/strong>&nbsp;\u00d5htune ajude ragistamine (aulas)<br \/>\n<strong>19.30<\/strong>&nbsp;Bingo loto&nbsp;(aulas)<br \/>\n<strong>19.50 <\/strong>M\u00f5ista-m\u00f5ista? &#8211; tunne h\u00e4\u00e4li, kohti, inimesi&nbsp;(aulas)<br \/>\n<strong>20.15&nbsp;<\/strong>Talendijaht &#8211; kogu pere koos v\u00f5i pere esindaja(d) esitab(vad) etteaste (aulas)<br \/>\n<strong>21.00 <\/strong>Karaoke v\u00f5istlus (aulas)<br \/>\n<strong>23.00 <\/strong>Sulgeme laste m\u00e4ngutoa<br \/>\n<strong>00.00 <\/strong>Viimased karaoketajad l\u00e4hevad magama<\/p>\n<p><strong>30.07.2018<\/strong><br \/>\n<strong>8.30<\/strong> Hommikus\u00f6\u00f6k (s\u00f6\u00f6klas)<br \/>\n<strong>9.30<\/strong> Jalgpalli turniir (liival, palliv\u00e4ljaku k\u00f5rval \/ vihmase ilmaga v\u00f5imlas)<br \/>\n<strong>9.30<\/strong> Puldiauto ralli, spinnerdamine, minigolf ja palju muud (v\u00f5imlas)<br \/>\n<strong>12.00<\/strong>&nbsp;Autasustamine ja&nbsp;t\u00e4namine (v\u00f5imlas)<\/p>\n<\/div>\n<\/div>\n<div align=\"justify\">&nbsp;<\/div>\n<div align=\"justify\">&nbsp;<\/div>\n<div align=\"justify\"><strong>Auhinnatavad tegevused:<br \/>\n<\/strong>Tennis \/ sulgpall, korvpall jalgpall, m\u00e4lum\u00e4ng, bingo, m\u00f5ista-m\u00f5ista, talendijaht, karaoke, joonistamine,&nbsp;puldiauto ralli, spinnerdamine, noolem\u00e4ng, disc-golf, osavusm\u00e4ng &#8220;t\u00e4pne liug&#8221;&nbsp;&nbsp;<\/div>\n<div align=\"justify\">\n<p>&nbsp;<\/p>\n<p>Projekti toetajate abiga kompenseerisime osalevate perede transpordikulud, toitlustamise ning majutamise. Lisaks k\u00f5ik korralduslik + auhinnad.<\/p>\n<\/div>\n<div align=\"justify\">&nbsp;<\/div>\n<div align=\"justify\"><span class=\"ws11\">&nbsp;<\/span><\/div>\n<div align=\"justify\">\n<p style=\"text-align: center;\"><strong><span class=\"ws11\"><span style=\"color: #ff0000;\">Ait\u00e4h k\u00f5ikidele osalejatele ja toetajatele!<\/span><\/span><\/strong><\/p>\n<p>&nbsp;<\/p>\n<p style=\"text-align: center;\"><a href=\"http:\/\/www.epl.ee\"><img fetchpriority=\"high\" decoding=\"async\" class=\"aligncenter wp-image-204 size-full\" src=\"http:\/\/teehead.ee\/1\/wp-content\/uploads\/2015\/08\/epl.png\" alt=\"\" width=\"1004\" height=\"93\" srcset=\"https:\/\/teehead.ee\/1\/wp-content\/uploads\/2015\/08\/epl.png 1004w, https:\/\/teehead.ee\/1\/wp-content\/uploads\/2015\/08\/epl-300x28.png 300w, https:\/\/teehead.ee\/1\/wp-content\/uploads\/2015\/08\/epl-624x58.png 624w\" sizes=\"(max-width: 1004px) 100vw, 1004px\" \/><\/a><\/p>\n<p style=\"text-align: center;\"><a href=\"http:\/\/www.irest.ee\"><img decoding=\"async\" class=\"aligncenter wp-image-818\" src=\"http:\/\/teehead.ee\/1\/wp-content\/uploads\/2015\/10\/Schon.bmp\" alt=\"\" width=\"401\" height=\"122\"><img decoding=\"async\" class=\"aligncenter wp-image-782\" src=\"http:\/\/teehead.ee\/1\/wp-content\/uploads\/2015\/10\/Irest-300x146.png\" alt=\"\" width=\"399\" height=\"194\" srcset=\"https:\/\/teehead.ee\/1\/wp-content\/uploads\/2015\/10\/Irest-300x146.png 300w, https:\/\/teehead.ee\/1\/wp-content\/uploads\/2015\/10\/Irest-624x303.png 624w, https:\/\/teehead.ee\/1\/wp-content\/uploads\/2015\/10\/Irest.png 700w\" sizes=\"(max-width: 399px) 100vw, 399px\" \/><\/a><\/p>\n<p><a href=\"http:\/\/www.tiiutammib.ee\/\"><img loading=\"lazy\" decoding=\"async\" class=\"aligncenter wp-image-1224 size-full\" src=\"http:\/\/teehead.ee\/1\/wp-content\/uploads\/2017\/12\/Tiiu_Tamm_IB-logo.bmp\" alt=\"\" width=\"94\" height=\"114\"><\/a><\/p>\n<p><a href=\"http:\/\/www.hims.ee\"><img loading=\"lazy\" decoding=\"async\" class=\"aligncenter wp-image-1097\" src=\"http:\/\/teehead.ee\/1\/wp-content\/uploads\/2017\/03\/helmetal-logo-300x195.jpg\" alt=\"\" width=\"251\" height=\"163\" srcset=\"https:\/\/teehead.ee\/1\/wp-content\/uploads\/2017\/03\/helmetal-logo-300x195.jpg 300w, https:\/\/teehead.ee\/1\/wp-content\/uploads\/2017\/03\/helmetal-logo-768x500.jpg 768w, https:\/\/teehead.ee\/1\/wp-content\/uploads\/2017\/03\/helmetal-logo-1024x666.jpg 1024w, https:\/\/teehead.ee\/1\/wp-content\/uploads\/2017\/03\/helmetal-logo-624x406.jpg 624w\" sizes=\"(max-width: 251px) 100vw, 251px\" \/><\/a><\/p>\n<p style=\"text-align: center;\"><a href=\"http:\/\/www.osc.ee\/\"><img loading=\"lazy\" decoding=\"async\" class=\"wp-image-146 alignnone\" src=\"http:\/\/teehead.ee\/1\/wp-content\/uploads\/2014\/09\/OSC_baltikumikuller-300x72.jpg\" alt=\"\" width=\"201\" height=\"48\" srcset=\"https:\/\/teehead.ee\/1\/wp-content\/uploads\/2014\/09\/OSC_baltikumikuller-300x72.jpg 300w, https:\/\/teehead.ee\/1\/wp-content\/uploads\/2014\/09\/OSC_baltikumikuller-624x149.jpg 624w, https:\/\/teehead.ee\/1\/wp-content\/uploads\/2014\/09\/OSC_baltikumikuller.jpg 757w\" sizes=\"(max-width: 201px) 100vw, 201px\" \/><\/a><\/p>\n<p>&nbsp;<\/p>\n<p><span style=\"font-size: 12pt; font-family: 'comic sans ms', sans-serif;\"><strong>Kingikottide t\u00e4itmisega ja auhindadega aitavad kaasa:<\/strong><\/span><\/p>\n<p><span style=\"font-size: 12pt; font-family: 'comic sans ms', sans-serif;\"><a href=\"http:\/\/kiirprint.ee\/\"><img loading=\"lazy\" decoding=\"async\" class=\"alignnone wp-image-141\" src=\"http:\/\/teehead.ee\/1\/wp-content\/uploads\/2014\/09\/kiirprint.ee_200dpi_rgb.jpg\" alt=\"Kiirprint\" width=\"200\" height=\"89\" srcset=\"https:\/\/teehead.ee\/1\/wp-content\/uploads\/2014\/09\/kiirprint.ee_200dpi_rgb.jpg 818w, https:\/\/teehead.ee\/1\/wp-content\/uploads\/2014\/09\/kiirprint.ee_200dpi_rgb-300x134.jpg 300w, https:\/\/teehead.ee\/1\/wp-content\/uploads\/2014\/09\/kiirprint.ee_200dpi_rgb-624x279.jpg 624w\" sizes=\"(max-width: 200px) 100vw, 200px\" \/><\/a>&nbsp;&nbsp;<a href=\"http:\/\/www.beautyplaza.ee\/\" rel=\"attachment wp-att-838\"><img loading=\"lazy\" decoding=\"async\" class=\"alignnone wp-image-838\" src=\"http:\/\/teehead.ee\/1\/wp-content\/uploads\/2015\/10\/BeautyPlaza_logo2-300x43.png\" alt=\"BeautyPlaza_logo2\" width=\"200\" height=\"29\" srcset=\"https:\/\/teehead.ee\/1\/wp-content\/uploads\/2015\/10\/BeautyPlaza_logo2-300x43.png 300w, https:\/\/teehead.ee\/1\/wp-content\/uploads\/2015\/10\/BeautyPlaza_logo2-768x111.png 768w, https:\/\/teehead.ee\/1\/wp-content\/uploads\/2015\/10\/BeautyPlaza_logo2-1024x147.png 1024w, https:\/\/teehead.ee\/1\/wp-content\/uploads\/2015\/10\/BeautyPlaza_logo2-624x90.png 624w\" sizes=\"(max-width: 200px) 100vw, 200px\" \/><\/a>&nbsp; &nbsp;<a href=\"http:\/\/www.tallink.ee\"><img loading=\"lazy\" decoding=\"async\" class=\"alignnone wp-image-1158\" src=\"http:\/\/teehead.ee\/1\/wp-content\/uploads\/2017\/09\/TALLINK_LOGO_COLOR_CMYK-300x56.jpg\" alt=\"\" width=\"200\" height=\"37\" srcset=\"https:\/\/teehead.ee\/1\/wp-content\/uploads\/2017\/09\/TALLINK_LOGO_COLOR_CMYK-300x56.jpg 300w, https:\/\/teehead.ee\/1\/wp-content\/uploads\/2017\/09\/TALLINK_LOGO_COLOR_CMYK-768x143.jpg 768w, https:\/\/teehead.ee\/1\/wp-content\/uploads\/2017\/09\/TALLINK_LOGO_COLOR_CMYK.jpg 944w\" sizes=\"(max-width: 200px) 100vw, 200px\" \/>&nbsp;<\/a><a href=\"http:\/\/www.prolexplast.ee\/\"><img loading=\"lazy\" decoding=\"async\" class=\"alignnone wp-image-814\" src=\"http:\/\/teehead.ee\/1\/wp-content\/uploads\/2015\/10\/Prolexplast-300x94.jpg\" alt=\"\" width=\"200\" height=\"63\" srcset=\"https:\/\/teehead.ee\/1\/wp-content\/uploads\/2015\/10\/Prolexplast-300x94.jpg 300w, https:\/\/teehead.ee\/1\/wp-content\/uploads\/2015\/10\/Prolexplast-1024x321.jpg 1024w, https:\/\/teehead.ee\/1\/wp-content\/uploads\/2015\/10\/Prolexplast-624x195.jpg 624w\" sizes=\"(max-width: 200px) 100vw, 200px\" \/><\/a><a href=\"http:\/\/www.tallink.ee\">&nbsp;<\/a><a href=\"https:\/\/www.lehed.ee\/perejakodu\"><img loading=\"lazy\" decoding=\"async\" class=\"alignnone wp-image-1283\" src=\"http:\/\/teehead.ee\/1\/wp-content\/uploads\/2018\/07\/Pere-ja-Kodu-logo-punane-2017-300x78.jpg\" alt=\"\" width=\"200\" height=\"52\" srcset=\"https:\/\/teehead.ee\/1\/wp-content\/uploads\/2018\/07\/Pere-ja-Kodu-logo-punane-2017-300x78.jpg 300w, https:\/\/teehead.ee\/1\/wp-content\/uploads\/2018\/07\/Pere-ja-Kodu-logo-punane-2017-768x200.jpg 768w, https:\/\/teehead.ee\/1\/wp-content\/uploads\/2018\/07\/Pere-ja-Kodu-logo-punane-2017-1024x267.jpg 1024w\" sizes=\"(max-width: 200px) 100vw, 200px\" \/>&nbsp;<\/a><a href=\"https:\/\/www.lehed.ee\/perejakodu\"><img loading=\"lazy\" decoding=\"async\" class=\"alignnone wp-image-948\" src=\"http:\/\/teehead.ee\/1\/wp-content\/uploads\/2016\/03\/koduekstra.png\" alt=\"\" width=\"200\" height=\"73\"><\/a><a href=\"http:\/\/www.wendre.ee\"><img loading=\"lazy\" decoding=\"async\" class=\"alignnone wp-image-928\" src=\"http:\/\/teehead.ee\/1\/wp-content\/uploads\/2016\/03\/wendre_logo_primary-300x76.jpg\" alt=\"\" width=\"200\" height=\"51\" srcset=\"https:\/\/teehead.ee\/1\/wp-content\/uploads\/2016\/03\/wendre_logo_primary-300x76.jpg 300w, https:\/\/teehead.ee\/1\/wp-content\/uploads\/2016\/03\/wendre_logo_primary-768x196.jpg 768w, https:\/\/teehead.ee\/1\/wp-content\/uploads\/2016\/03\/wendre_logo_primary-1024x261.jpg 1024w, https:\/\/teehead.ee\/1\/wp-content\/uploads\/2016\/03\/wendre_logo_primary-624x159.jpg 624w, https:\/\/teehead.ee\/1\/wp-content\/uploads\/2016\/03\/wendre_logo_primary.jpg 1747w\" sizes=\"(max-width: 200px) 100vw, 200px\" \/>&nbsp;<\/a><a href=\"http:\/\/www.rakverelk.ee\/\"><img loading=\"lazy\" decoding=\"async\" class=\"alignnone wp-image-1165\" src=\"http:\/\/teehead.ee\/1\/wp-content\/uploads\/2017\/09\/horiz_logo_circle555-300x126.jpg\" alt=\"\" width=\"200\" height=\"84\" srcset=\"https:\/\/teehead.ee\/1\/wp-content\/uploads\/2017\/09\/horiz_logo_circle555-300x126.jpg 300w, https:\/\/teehead.ee\/1\/wp-content\/uploads\/2017\/09\/horiz_logo_circle555.bmp 717w\" sizes=\"(max-width: 200px) 100vw, 200px\" \/><\/a><a href=\"https:\/\/tallegg.ee\/\"><img loading=\"lazy\" decoding=\"async\" class=\"alignnone wp-image-1166\" src=\"http:\/\/teehead.ee\/1\/wp-content\/uploads\/2017\/09\/Tallegg_logo-300x161.jpg\" alt=\"\" width=\"200\" height=\"107\" srcset=\"https:\/\/teehead.ee\/1\/wp-content\/uploads\/2017\/09\/Tallegg_logo-300x161.jpg 300w, https:\/\/teehead.ee\/1\/wp-content\/uploads\/2017\/09\/Tallegg_logo-768x412.jpg 768w, https:\/\/teehead.ee\/1\/wp-content\/uploads\/2017\/09\/Tallegg_logo-1024x549.jpg 1024w, https:\/\/teehead.ee\/1\/wp-content\/uploads\/2017\/09\/Tallegg_logo.jpg 1029w\" sizes=\"(max-width: 200px) 100vw, 200px\" \/>&nbsp;<\/a><a href=\"http:\/\/www.endla.ee\"><img loading=\"lazy\" decoding=\"async\" class=\"alignnone wp-image-1293\" src=\"http:\/\/teehead.ee\/1\/wp-content\/uploads\/2018\/07\/endla_logo_taustata-207x300.png\" alt=\"\" width=\"200\" height=\"290\" srcset=\"https:\/\/teehead.ee\/1\/wp-content\/uploads\/2018\/07\/endla_logo_taustata-207x300.png 207w, https:\/\/teehead.ee\/1\/wp-content\/uploads\/2018\/07\/endla_logo_taustata.png 668w\" sizes=\"(max-width: 200px) 100vw, 200px\" \/><\/a><a href=\"http:\/\/www.icearena.ee\/\"><img loading=\"lazy\" decoding=\"async\" class=\"alignnone wp-image-1290\" src=\"http:\/\/teehead.ee\/1\/wp-content\/uploads\/2018\/07\/Skoda-jaahall_logo-300x107.jpg\" alt=\"\" width=\"200\" height=\"71\" srcset=\"https:\/\/teehead.ee\/1\/wp-content\/uploads\/2018\/07\/Skoda-jaahall_logo-300x107.jpg 300w, https:\/\/teehead.ee\/1\/wp-content\/uploads\/2018\/07\/Skoda-jaahall_logo-768x273.jpg 768w, https:\/\/teehead.ee\/1\/wp-content\/uploads\/2018\/07\/Skoda-jaahall_logo-1024x364.jpg 1024w\" sizes=\"(max-width: 200px) 100vw, 200px\" \/>&nbsp;<\/a><a href=\"http:\/\/www.petroneprint.ee\"><img loading=\"lazy\" decoding=\"async\" class=\"alignnone wp-image-787\" src=\"http:\/\/teehead.ee\/1\/wp-content\/uploads\/2015\/10\/petrone_print-300x155.jpg\" alt=\"\" width=\"200\" height=\"104\" srcset=\"https:\/\/teehead.ee\/1\/wp-content\/uploads\/2015\/10\/petrone_print-300x155.jpg 300w, https:\/\/teehead.ee\/1\/wp-content\/uploads\/2015\/10\/petrone_print-1024x531.jpg 1024w, https:\/\/teehead.ee\/1\/wp-content\/uploads\/2015\/10\/petrone_print-624x323.jpg 624w, https:\/\/teehead.ee\/1\/wp-content\/uploads\/2015\/10\/petrone_print.jpg 1150w\" sizes=\"(max-width: 200px) 100vw, 200px\" \/>&nbsp;<\/a><a href=\"http:\/\/www.denimdream.com\"><img loading=\"lazy\" decoding=\"async\" class=\"alignnone wp-image-1295\" src=\"http:\/\/teehead.ee\/1\/wp-content\/uploads\/2018\/07\/Denim-Dream-logo-300x55.png\" alt=\"\" width=\"200\" height=\"37\" srcset=\"https:\/\/teehead.ee\/1\/wp-content\/uploads\/2018\/07\/Denim-Dream-logo-300x55.png 300w, https:\/\/teehead.ee\/1\/wp-content\/uploads\/2018\/07\/Denim-Dream-logo-768x141.png 768w, https:\/\/teehead.ee\/1\/wp-content\/uploads\/2018\/07\/Denim-Dream-logo-1024x187.png 1024w, https:\/\/teehead.ee\/1\/wp-content\/uploads\/2018\/07\/Denim-Dream-logo-1320x240.png 1320w, https:\/\/teehead.ee\/1\/wp-content\/uploads\/2018\/07\/Denim-Dream-logo.png 1989w\" sizes=\"(max-width: 200px) 100vw, 200px\" \/>&nbsp;&nbsp;<img loading=\"lazy\" decoding=\"async\" class=\"alignnone wp-image-1296\" src=\"http:\/\/teehead.ee\/1\/wp-content\/uploads\/2018\/07\/LemonGrassHouse-logo-300x66.png\" alt=\"\" width=\"200\" height=\"44\" srcset=\"https:\/\/teehead.ee\/1\/wp-content\/uploads\/2018\/07\/LemonGrassHouse-logo-300x66.png 300w, https:\/\/teehead.ee\/1\/wp-content\/uploads\/2018\/07\/LemonGrassHouse-logo-768x169.png 768w, https:\/\/teehead.ee\/1\/wp-content\/uploads\/2018\/07\/LemonGrassHouse-logo-1024x226.png 1024w, https:\/\/teehead.ee\/1\/wp-content\/uploads\/2018\/07\/LemonGrassHouse-logo.png 2023w\" sizes=\"(max-width: 200px) 100vw, 200px\" \/><\/a><\/span><\/p>\n<\/div>\n","protected":false},"excerpt":{"rendered":"<p>2018 aasta Meie Pere Suvelaager on l\u00e4bi! T\u00e4name k\u00f5iki osalejaid ja k\u00f5iki toetajaid! Pildigalerii on k\u00f5igest toimunust on n\u00e4htav siin: Sel aastal proovisime uut punktis\u00fcsteemi, ehk igast tegevusest\/v\u00f5istlusest osav\u00f5tmine andis perele punke ja nii tekkis edetabel. \u00dcldarvestuses: 1 koht &#8211; perekond Lozin 2 koht &#8211; perekond K\u00fcttis 3 koht &#8211; perekond Aedm\u00e4e 4 koht &#8211; perekond Matson 5 koht &#8211; perekond Rosin Eriauhinna (&#8220;Pere &amp; Kodu&#8221; ajakirja 6 kuu tellimus) kogu \u00fcrituse k\u00f5ige emotsionaalsema hetke eest sai perekond Ojamets&nbsp;imekauni isa<\/p>\n","protected":false},"author":1,"featured_media":0,"parent":23,"menu_order":181,"comment_status":"closed","ping_status":"closed","template":"template-fullwidth.php","meta":{"ngg_post_thumbnail":0,"footnotes":""},"class_list":["post-1252","page","type-page","status-publish","hentry"],"jetpack_sharing_enabled":true,"_links":{"self":[{"href":"https:\/\/teehead.ee\/1\/index.php?rest_route=\/wp\/v2\/pages\/1252","targetHints":{"allow":["GET"]}}],"collection":[{"href":"https:\/\/teehead.ee\/1\/index.php?rest_route=\/wp\/v2\/pages"}],"about":[{"href":"https:\/\/teehead.ee\/1\/index.php?rest_route=\/wp\/v2\/types\/page"}],"author":[{"embeddable":true,"href":"https:\/\/teehead.ee\/1\/index.php?rest_route=\/wp\/v2\/users\/1"}],"replies":[{"embeddable":true,"href":"https:\/\/teehead.ee\/1\/index.php?rest_route=%2Fwp%2Fv2%2Fcomments&post=1252"}],"version-history":[{"count":5,"href":"https:\/\/teehead.ee\/1\/index.php?rest_route=\/wp\/v2\/pages\/1252\/revisions"}],"predecessor-version":[{"id":1301,"href":"https:\/\/teehead.ee\/1\/index.php?rest_route=\/wp\/v2\/pages\/1252\/revisions\/1301"}],"up":[{"embeddable":true,"href":"https:\/\/teehead.ee\/1\/index.php?rest_route=\/wp\/v2\/pages\/23"}],"wp:attachment":[{"href":"https:\/\/teehead.ee\/1\/index.php?rest_route=%2Fwp%2Fv2%2Fmedia&parent=1252"}],"curies":[{"name":"wp","href":"https:\/\/api.w.org\/{rel}","templated":true}]}}