{"id":1305,"date":"2018-10-03T19:28:23","date_gmt":"2018-10-03T16:28:23","guid":{"rendered":"http:\/\/teehead.ee\/1\/?page_id=1305"},"modified":"2025-12-21T15:01:11","modified_gmt":"2025-12-21T13:01:11","slug":"meie-pere-joulupidu-2018","status":"publish","type":"page","link":"https:\/\/teehead.ee\/1\/?page_id=1305","title":{"rendered":"Meie pere j\u00f5ulupidu 2018"},"content":{"rendered":"<h2 class=\"page-title entry-title\">182<\/h2>\n<p><strong><span style=\"font-size: 18pt;\">Kahjuks ei ole maja kummist ja kohad said t\u00e4is. Registreerimine on selleks korraks l\u00e4bi!<\/span><\/strong><\/p>\n<div class=\"entry clearfix\">\n<div align=\"justify\">&nbsp;<\/div>\n<div align=\"justify\"><span class=\"ws36\">S<\/span><span class=\"ws12\">elle-aastane \u201c<\/span><span class=\"ws12\"><b>Meie pere j\u00f5ulupidu<\/b><\/span><span class=\"ws12\">\u201d toimub&nbsp; 29.12.2018. \u00dcritus algab&nbsp;<\/span><span class=\"ws12\"><b>12.00<\/b><\/span><span class=\"ws12\">&nbsp;ja kestab viis tundi. J\u00f5ule t\u00e4histame sel aastal Tabasalu Spordikeskuses<\/span><span class=\"ws12\">. Tegu on kinnise \u00fcritusega, kuhu ootame lasterikkaid peresid ning \u00fcksikvanemaid koos lastega k\u00f5ikjalt \u00fcle Eesti.<\/span><\/div>\n<div align=\"justify\"><span class=\"ws12\">P\u00e4evajuht on&nbsp;<\/span><span class=\"ws12\"><b><a href=\"http:\/\/www.renxx.ee\/\">Renxx<\/a>!<\/b><\/span><\/div>\n<div align=\"justify\"><span class=\"ws11\"><b>Mis toimub?<\/b><\/span><\/div>\n<div align=\"justify\">Kell 12 algav&nbsp;ja 5 tundi kestev \u00fcritus on k\u00f5igile tasuta. \u201cMeie pere j\u00f5ulupidu\u201d \u00fcritus on m\u00f5eldud lasterikastele peredele (peres peab elama v\u00e4hemalt 3 alaealist last) ja \u00fcksikvanematega peredele \u00fcle Eesti. J\u00f5ulupeol \u00fchendame meeldiva tervislikuga ning pakume k\u00f5ikidele huvilistele v\u00f5imalust v\u00f5tta j\u00f5ulukingid sel aastal j\u00f5uluvanalt vastu p\u00e4rast v\u00e4ikest sportimist. Erinevalt tavap\u00e4rasest j\u00f5ulutrallist saavad nii lapsed kui lapsevanemad&nbsp;\u201cMeie pere j\u00f5ulupeol\u201d v\u00f5istelda paljudel ebatraditsioonilistel v\u00f5istlusaladel.&nbsp; Kuni 5&nbsp;aastastel lastel on v\u00f5imalus lennutada lendavat taldrikut&nbsp;ja visata pehmet palli v\u00e4ravasse. Suuremad inimesed saavad visata korvpalliga t\u00e4psust, proovida saalihokit, m\u00e4ngida m\u00e4nge \u201cT\u00e4pne liug\u201d ja \u201cPeegelkiri\u201d ja v\u00f5tta osa veel mitmest erinevast tegevusest. Suurt energiat vajavatele tegevustele vahelduseks on k\u00f5igil v\u00f5imalus ka joonistada. M\u00f5istagi ei puudu j\u00f5ulupeolt ka j\u00f5uluvana ja kingikotid k\u00f5ikidele peredele!<br \/>\nLisaks k\u00f5igele eelnevale on meie eesm\u00e4rgiks tagada j\u00f5ulupeole tulijatele t\u00e4is k\u00f5ht ning transpordikulude katmine. Kokku ootame \u00fcritusele osalema \u00fcle 50&nbsp;pere ehk&nbsp;~250 inimest.<\/div>\n<div align=\"justify\">&nbsp;<\/div>\n<div align=\"justify\"><strong>Punkte andvad v\u00f5istlusalad:<\/strong><\/div>\n<div align=\"justify\"><strong>T\u00e4ringu t\u00e4psus<\/strong> &#8211; v\u00f5ib proovida niimitu korda kui soovitakse, osaleda v\u00f5ivad k\u00f5ik.<br \/>\n<strong>Ajalehtedest torni ehitamine<\/strong>&nbsp;\u2013 iga pere saab proovida \u00fche korra.<br \/>\n<strong>Korvpalliga t\u00e4psusvise<\/strong>&nbsp;\u2013 v\u00f5ib proovida niimitu korda kui soovitakse, osaleda v\u00f5ivad k\u00f5ik.<br \/>\n<strong>Puldiauto ralli<\/strong>&nbsp;\u2013&nbsp;v\u00f5ib proovida niimitu korda kui soovitakse, osaleda v\u00f5ivad k\u00f5ik.<br \/>\n<strong>Saalihoki t\u00e4psusvise<\/strong>\u2013 v\u00f5ib proovida niimitu korda kui soovitakse, osaleda v\u00f5ivad k\u00f5ik.&nbsp;<br \/>\n<strong>Osavusm\u00e4ng \u201cT\u00e4pne liug<\/strong>\u201d \u2013 v\u00f5ib proovida niimitu korda kui soovitakse, osaleda v\u00f5ivad k\u00f5ik.<br \/>\n<strong>Osavusm\u00e4ng \u201cPeegelkiri\u201d<\/strong>&nbsp;\u2013 v\u00f5ib proovida niimitu korda kui soovitakse, osaleda v\u00f5ivad k\u00f5ik.<br \/>\n<strong>Lendava taldriku kaugusvise<\/strong>&nbsp;\u2013 v\u00f5ib proovida niimitu korda kui soovitakse, osaleda v\u00f5ivad kuni 5 aastased lapsed (kaasaarvatud).<br \/>\n<strong>Palli v\u00e4ravasse viskamine<\/strong>&nbsp;\u2013 v\u00f5ib proovida niimitu korda kui soovitakse, osaleda v\u00f5ivad kuni 5 aastased lapsed (kaasaarvatud).<\/div>\n<div align=\"justify\">\n<div align=\"justify\"><span class=\"ws12\"><strong>H\u00fcppen\u00f6\u00f6riga h\u00fcppamine<\/strong> &#8211; v\u00f5ib proovida niimitu korda kui soovitakse, osaleda v\u00f5ivad kuni 5 aastased lapsed (kaasaarvatud).<\/span><\/div>\n<div align=\"justify\"><strong>Kaartide ennustamine<\/strong> &#8211;&nbsp;v\u00f5ib proovida niimitu korda kui soovitakse, osaleda v\u00f5ivad k\u00f5ik.<\/div>\n<div align=\"justify\"><strong>Spinnerdamine<\/strong> &#8211;&nbsp;v\u00f5ib proovida niimitu korda kui soovitakse, osaleda v\u00f5ivad k\u00f5ik.<\/div>\n<div align=\"justify\"><strong>Joone jooks<\/strong> &#8211;&nbsp;v\u00f5ib proovida niimitu korda kui soovitakse, osaleda v\u00f5ivad k\u00f5ik.<\/div>\n<div align=\"justify\"><strong style=\"font-size: 0.95em;\">Korgi p\u00fcramiid<\/strong><span style=\"font-size: 0.95em;\"> &#8211;&nbsp;v\u00f5ib proovida niimitu korda kui soovitakse, osaleda v\u00f5ivad k\u00f5ik.<\/span><\/div>\n<div align=\"justify\">\n<p><strong>Kuidas saab osalema?<br \/>\n<\/strong>Osalemiseks tuleb registreerida oma pere. Selleks tuleb saata&nbsp;meile t\u00e4idetud&nbsp;<strong>AV<\/strong><strong>ALDUS<\/strong>. Kahjuks ei ole ruumid kummist ja seet\u00f5ttu on piiratud ka osalejate arv.<\/p>\n<\/div>\n<div align=\"justify\"><span class=\"ws12\"><strong>Milleks sponsorid?<\/strong><\/span><\/div>\n<div align=\"justify\"><span class=\"ws12\">Projekti toetajate abil saab&nbsp;lisaks lustlikule ja meeleolukale p\u00e4evale iga pere ka j\u00f5ulukingitused, tasume v\u00e4ljast poolt Harjumaad&nbsp;tulijate transpordikulud ning organiseerime \u00fcritusel osalejaile korraliku s\u00f6\u00f6gilaua.<\/span><\/div>\n<div align=\"justify\"><span class=\"ws12\"><strong>Vabatahtlikud<\/strong><\/span><\/div>\n<div>\u00dcrituse \u00f5nnestumisele kaasa aitamiseks otsime&nbsp;appi vabatahtlikke.&nbsp;<\/div>\n<div>&nbsp;<\/div>\n<div>&nbsp;<\/div>\n<div>&nbsp;<\/div>\n<div align=\"center\"><span class=\"ws12\"><b>Heategevus\u00fching Hea Tegu t\u00e4nab k\u00f5iki projekti toetajaid!<\/b><\/span><\/div>\n<\/div>\n<div align=\"center\"><img fetchpriority=\"high\" decoding=\"async\" class=\"\" src=\"http:\/\/teehead.ee\/1\/wp-content\/uploads\/2015\/10\/Digilux.png\" alt=\"Digilux\" width=\"616\" height=\"219\"><\/div>\n<div align=\"center\"><img decoding=\"async\" class=\"size-medium wp-image-1223 alignleft\" src=\"http:\/\/teehead.ee\/1\/wp-content\/uploads\/2017\/12\/tervis-spa-group-300x158.jpg\" alt=\"\" width=\"300\" height=\"158\" srcset=\"https:\/\/teehead.ee\/1\/wp-content\/uploads\/2017\/12\/tervis-spa-group-300x158.jpg 300w, https:\/\/teehead.ee\/1\/wp-content\/uploads\/2017\/12\/tervis-spa-group-768x404.jpg 768w, https:\/\/teehead.ee\/1\/wp-content\/uploads\/2017\/12\/tervis-spa-group-1024x539.jpg 1024w\" sizes=\"(max-width: 300px) 100vw, 300px\" \/><img decoding=\"async\" class=\"aligncenter size-medium wp-image-1097\" src=\"http:\/\/teehead.ee\/1\/wp-content\/uploads\/2017\/03\/helmetal-logo-300x195.jpg\" alt=\"\" width=\"300\" height=\"195\" srcset=\"https:\/\/teehead.ee\/1\/wp-content\/uploads\/2017\/03\/helmetal-logo-300x195.jpg 300w, https:\/\/teehead.ee\/1\/wp-content\/uploads\/2017\/03\/helmetal-logo-768x500.jpg 768w, https:\/\/teehead.ee\/1\/wp-content\/uploads\/2017\/03\/helmetal-logo-1024x666.jpg 1024w, https:\/\/teehead.ee\/1\/wp-content\/uploads\/2017\/03\/helmetal-logo-624x406.jpg 624w\" sizes=\"(max-width: 300px) 100vw, 300px\" \/><img loading=\"lazy\" decoding=\"async\" class=\" wp-image-795 alignleft\" src=\"http:\/\/teehead.ee\/1\/wp-content\/uploads\/2015\/10\/verkur-logo-300x217.jpg\" alt=\"\" width=\"249\" height=\"180\" srcset=\"https:\/\/teehead.ee\/1\/wp-content\/uploads\/2015\/10\/verkur-logo-300x217.jpg 300w, https:\/\/teehead.ee\/1\/wp-content\/uploads\/2015\/10\/verkur-logo.jpg 500w\" sizes=\"(max-width: 249px) 100vw, 249px\" \/><img loading=\"lazy\" decoding=\"async\" class=\" wp-image-1104 alignright\" style=\"font-size: 15.2015px;\" src=\"http:\/\/teehead.ee\/1\/wp-content\/uploads\/2017\/03\/ESERVICElogoPDF-300x70.png\" alt=\"\" width=\"381\" height=\"89\" srcset=\"https:\/\/teehead.ee\/1\/wp-content\/uploads\/2017\/03\/ESERVICElogoPDF-300x70.png 300w, https:\/\/teehead.ee\/1\/wp-content\/uploads\/2017\/03\/ESERVICElogoPDF-768x180.png 768w, https:\/\/teehead.ee\/1\/wp-content\/uploads\/2017\/03\/ESERVICElogoPDF-1024x240.png 1024w, https:\/\/teehead.ee\/1\/wp-content\/uploads\/2017\/03\/ESERVICElogoPDF-624x146.png 624w, https:\/\/teehead.ee\/1\/wp-content\/uploads\/2017\/03\/ESERVICElogoPDF.png 1782w\" sizes=\"(max-width: 381px) 100vw, 381px\" \/><img loading=\"lazy\" decoding=\"async\" class=\"wp-image-1201 aligncenter\" src=\"http:\/\/teehead.ee\/1\/wp-content\/uploads\/2017\/09\/Kunda-Nordic-Cement-300x51.png\" alt=\"\" width=\"523\" height=\"89\" srcset=\"https:\/\/teehead.ee\/1\/wp-content\/uploads\/2017\/09\/Kunda-Nordic-Cement-300x51.png 300w, https:\/\/teehead.ee\/1\/wp-content\/uploads\/2017\/09\/Kunda-Nordic-Cement-768x132.png 768w, https:\/\/teehead.ee\/1\/wp-content\/uploads\/2017\/09\/Kunda-Nordic-Cement-1024x175.png 1024w\" sizes=\"(max-width: 523px) 100vw, 523px\" \/><\/div>\n<\/div>\n<div align=\"center\">&nbsp;<\/div>\n<div class=\"entry clearfix\">\n<div align=\"center\"><img loading=\"lazy\" decoding=\"async\" class=\"size-medium wp-image-243 alignleft\" src=\"http:\/\/teehead.ee\/1\/wp-content\/uploads\/2015\/08\/Irest-300x146.png\" alt=\"\" width=\"300\" height=\"146\"><\/div>\n<p>&nbsp;<\/p>\n<div align=\"center\"><img loading=\"lazy\" decoding=\"async\" class=\"aligncenter wp-image-1391\" src=\"http:\/\/teehead.ee\/1\/wp-content\/uploads\/2018\/12\/metricus-300x59.jpg\" alt=\"\" width=\"366\" height=\"72\" srcset=\"https:\/\/teehead.ee\/1\/wp-content\/uploads\/2018\/12\/metricus-300x59.jpg 300w, https:\/\/teehead.ee\/1\/wp-content\/uploads\/2018\/12\/metricus-768x152.jpg 768w, https:\/\/teehead.ee\/1\/wp-content\/uploads\/2018\/12\/metricus-1024x202.jpg 1024w, https:\/\/teehead.ee\/1\/wp-content\/uploads\/2018\/12\/metricus.jpg 1600w\" sizes=\"(max-width: 366px) 100vw, 366px\" \/><\/div>\n<p><img loading=\"lazy\" decoding=\"async\" class=\"wp-image-818 alignnone\" style=\"font-size: 15.2015px; text-align: -webkit-center;\" src=\"http:\/\/teehead.ee\/1\/wp-content\/uploads\/2015\/10\/Schon.bmp\" alt=\"\" width=\"346\" height=\"105\"><\/p>\n<p style=\"text-align: -webkit-center;\"><span style=\"font-size: 15.2015px;\">&nbsp;<\/span><\/p>\n<p><img loading=\"lazy\" decoding=\"async\" class=\"size-full wp-image-1059 alignright\" src=\"http:\/\/teehead.ee\/1\/wp-content\/uploads\/2016\/10\/hea-sobra-reisid.png\" alt=\"\" width=\"191\" height=\"102\"><img loading=\"lazy\" decoding=\"async\" class=\"wp-image-144 alignright\" style=\"font-size: 15.2015px;\" src=\"http:\/\/teehead.ee\/1\/wp-content\/uploads\/2014\/09\/KaptenGrant-logov-300x298.gif\" alt=\"\" width=\"151\" height=\"150\" srcset=\"https:\/\/teehead.ee\/1\/wp-content\/uploads\/2014\/09\/KaptenGrant-logov-300x298.gif 300w, https:\/\/teehead.ee\/1\/wp-content\/uploads\/2014\/09\/KaptenGrant-logov-150x150.gif 150w, https:\/\/teehead.ee\/1\/wp-content\/uploads\/2014\/09\/KaptenGrant-logov-176x176.gif 176w\" sizes=\"(max-width: 151px) 100vw, 151px\" \/><img loading=\"lazy\" decoding=\"async\" class=\" wp-image-763 alignleft\" style=\"font-size: 15.2015px;\" src=\"http:\/\/teehead.ee\/1\/wp-content\/uploads\/2015\/10\/Lasila-Betoon-300x106.png\" alt=\"\" width=\"229\" height=\"81\"><\/p>\n<p><img loading=\"lazy\" decoding=\"async\" class=\"wp-image-938 alignleft\" style=\"font-size: 15.2015px;\" src=\"http:\/\/teehead.ee\/1\/wp-content\/uploads\/2016\/03\/Tradehouse_logo-300x66.jpg\" alt=\"\" width=\"459\" height=\"101\" srcset=\"https:\/\/teehead.ee\/1\/wp-content\/uploads\/2016\/03\/Tradehouse_logo-300x66.jpg 300w, https:\/\/teehead.ee\/1\/wp-content\/uploads\/2016\/03\/Tradehouse_logo-768x169.jpg 768w, https:\/\/teehead.ee\/1\/wp-content\/uploads\/2016\/03\/Tradehouse_logo-1024x226.jpg 1024w, https:\/\/teehead.ee\/1\/wp-content\/uploads\/2016\/03\/Tradehouse_logo-624x138.jpg 624w, https:\/\/teehead.ee\/1\/wp-content\/uploads\/2016\/03\/Tradehouse_logo.jpg 1075w\" sizes=\"(max-width: 459px) 100vw, 459px\" \/><img loading=\"lazy\" decoding=\"async\" class=\"size-medium wp-image-1296 alignleft\" style=\"font-size: 15.2015px; text-align: -webkit-center;\" src=\"http:\/\/teehead.ee\/1\/wp-content\/uploads\/2018\/07\/LemonGrassHouse-logo-300x66.png\" alt=\"\" width=\"300\" height=\"66\" srcset=\"https:\/\/teehead.ee\/1\/wp-content\/uploads\/2018\/07\/LemonGrassHouse-logo-300x66.png 300w, https:\/\/teehead.ee\/1\/wp-content\/uploads\/2018\/07\/LemonGrassHouse-logo-768x169.png 768w, https:\/\/teehead.ee\/1\/wp-content\/uploads\/2018\/07\/LemonGrassHouse-logo-1024x226.png 1024w, https:\/\/teehead.ee\/1\/wp-content\/uploads\/2018\/07\/LemonGrassHouse-logo.png 2023w\" sizes=\"(max-width: 300px) 100vw, 300px\" \/><img loading=\"lazy\" decoding=\"async\" class=\"size-medium wp-image-1295 alignright\" style=\"font-size: 15.2015px; text-align: -webkit-center;\" src=\"http:\/\/teehead.ee\/1\/wp-content\/uploads\/2018\/07\/Denim-Dream-logo-300x55.png\" alt=\"\" width=\"300\" height=\"55\" srcset=\"https:\/\/teehead.ee\/1\/wp-content\/uploads\/2018\/07\/Denim-Dream-logo-300x55.png 300w, https:\/\/teehead.ee\/1\/wp-content\/uploads\/2018\/07\/Denim-Dream-logo-768x141.png 768w, https:\/\/teehead.ee\/1\/wp-content\/uploads\/2018\/07\/Denim-Dream-logo-1024x187.png 1024w, https:\/\/teehead.ee\/1\/wp-content\/uploads\/2018\/07\/Denim-Dream-logo-1320x240.png 1320w, https:\/\/teehead.ee\/1\/wp-content\/uploads\/2018\/07\/Denim-Dream-logo.png 1989w\" sizes=\"(max-width: 300px) 100vw, 300px\" \/><\/p>\n<p><img loading=\"lazy\" decoding=\"async\" class=\"wp-image-1166 alignright\" style=\"font-size: 15.2015px;\" src=\"http:\/\/teehead.ee\/1\/wp-content\/uploads\/2017\/09\/Tallegg_logo-300x161.jpg\" alt=\"\" width=\"220\" height=\"118\" srcset=\"https:\/\/teehead.ee\/1\/wp-content\/uploads\/2017\/09\/Tallegg_logo-300x161.jpg 300w, https:\/\/teehead.ee\/1\/wp-content\/uploads\/2017\/09\/Tallegg_logo-768x412.jpg 768w, https:\/\/teehead.ee\/1\/wp-content\/uploads\/2017\/09\/Tallegg_logo-1024x549.jpg 1024w, https:\/\/teehead.ee\/1\/wp-content\/uploads\/2017\/09\/Tallegg_logo.jpg 1029w\" sizes=\"(max-width: 220px) 100vw, 220px\" \/><img loading=\"lazy\" decoding=\"async\" class=\"wp-image-1165 alignnone\" src=\"http:\/\/teehead.ee\/1\/wp-content\/uploads\/2017\/09\/horiz_logo_circle555-300x126.jpg\" alt=\"\" width=\"257\" height=\"108\" srcset=\"https:\/\/teehead.ee\/1\/wp-content\/uploads\/2017\/09\/horiz_logo_circle555-300x126.jpg 300w, https:\/\/teehead.ee\/1\/wp-content\/uploads\/2017\/09\/horiz_logo_circle555.bmp 717w\" sizes=\"(max-width: 257px) 100vw, 257px\" \/><img loading=\"lazy\" decoding=\"async\" class=\"wp-image-1385 alignleft\" style=\"font-size: 15.2015px; text-align: -webkit-center;\" src=\"http:\/\/teehead.ee\/1\/wp-content\/uploads\/2018\/12\/image002.jpg\" alt=\"\" width=\"180\" height=\"90\"><img loading=\"lazy\" decoding=\"async\" class=\"wp-image-1384 alignright\" style=\"text-align: -webkit-center; font-size: 15.2015px;\" src=\"http:\/\/teehead.ee\/1\/wp-content\/uploads\/2018\/12\/image001.png\" alt=\"\" width=\"140\" height=\"103\"><img loading=\"lazy\" decoding=\"async\" class=\"wp-image-875 alignright\" style=\"font-size: 15.2015px; text-align: -webkit-center;\" src=\"http:\/\/teehead.ee\/1\/wp-content\/uploads\/2015\/10\/Catering-Service-300x118.jpg\" alt=\"\" width=\"168\" height=\"66\" srcset=\"https:\/\/teehead.ee\/1\/wp-content\/uploads\/2015\/10\/Catering-Service-300x118.jpg 300w, https:\/\/teehead.ee\/1\/wp-content\/uploads\/2015\/10\/Catering-Service-624x246.jpg 624w, https:\/\/teehead.ee\/1\/wp-content\/uploads\/2015\/10\/Catering-Service.jpg 725w\" sizes=\"(max-width: 168px) 100vw, 168px\" \/><\/p>\n<p>&nbsp;<\/p>\n<\/div>\n<p><img loading=\"lazy\" decoding=\"async\" class=\"wp-image-1351 alignleft\" src=\"http:\/\/teehead.ee\/1\/wp-content\/uploads\/2018\/10\/spordimuuseum.png\" alt=\"\" width=\"214\" height=\"83\"><img loading=\"lazy\" decoding=\"async\" class=\"size-medium wp-image-1161 alignright\" src=\"http:\/\/teehead.ee\/1\/wp-content\/uploads\/2017\/09\/Aqva-logo-yksik-page-001-300x135.jpg\" alt=\"\" width=\"300\" height=\"135\" srcset=\"https:\/\/teehead.ee\/1\/wp-content\/uploads\/2017\/09\/Aqva-logo-yksik-page-001-300x135.jpg 300w, https:\/\/teehead.ee\/1\/wp-content\/uploads\/2017\/09\/Aqva-logo-yksik-page-001-768x345.jpg 768w, https:\/\/teehead.ee\/1\/wp-content\/uploads\/2017\/09\/Aqva-logo-yksik-page-001-1024x460.jpg 1024w, https:\/\/teehead.ee\/1\/wp-content\/uploads\/2017\/09\/Aqva-logo-yksik-page-001.jpg 1554w\" sizes=\"(max-width: 300px) 100vw, 300px\" \/><img loading=\"lazy\" decoding=\"async\" class=\" wp-image-936 alignleft\" src=\"http:\/\/teehead.ee\/1\/wp-content\/uploads\/2016\/03\/Santa_Mantaria_logotype_RGB-300x113.jpg\" alt=\"\" width=\"276\" height=\"104\" srcset=\"https:\/\/teehead.ee\/1\/wp-content\/uploads\/2016\/03\/Santa_Mantaria_logotype_RGB-300x113.jpg 300w, https:\/\/teehead.ee\/1\/wp-content\/uploads\/2016\/03\/Santa_Mantaria_logotype_RGB-768x290.jpg 768w, https:\/\/teehead.ee\/1\/wp-content\/uploads\/2016\/03\/Santa_Mantaria_logotype_RGB-1024x386.jpg 1024w, https:\/\/teehead.ee\/1\/wp-content\/uploads\/2016\/03\/Santa_Mantaria_logotype_RGB-624x235.jpg 624w\" sizes=\"(max-width: 276px) 100vw, 276px\" \/><img loading=\"lazy\" decoding=\"async\" class=\"size-full wp-image-948 alignleft\" src=\"http:\/\/teehead.ee\/1\/wp-content\/uploads\/2016\/03\/koduekstra.png\" alt=\"\" width=\"224\" height=\"82\"><img loading=\"lazy\" decoding=\"async\" class=\"wp-image-814 alignleft\" src=\"http:\/\/teehead.ee\/1\/wp-content\/uploads\/2015\/10\/Prolexplast-300x94.jpg\" alt=\"\" width=\"309\" height=\"97\" srcset=\"https:\/\/teehead.ee\/1\/wp-content\/uploads\/2015\/10\/Prolexplast-300x94.jpg 300w, https:\/\/teehead.ee\/1\/wp-content\/uploads\/2015\/10\/Prolexplast-1024x321.jpg 1024w, https:\/\/teehead.ee\/1\/wp-content\/uploads\/2015\/10\/Prolexplast-624x195.jpg 624w\" sizes=\"(max-width: 309px) 100vw, 309px\" \/><\/p>\n","protected":false},"excerpt":{"rendered":"<p>182 Kahjuks ei ole maja kummist ja kohad said t\u00e4is. Registreerimine on selleks korraks l\u00e4bi! &nbsp; Selle-aastane \u201cMeie pere j\u00f5ulupidu\u201d toimub&nbsp; 29.12.2018. \u00dcritus algab&nbsp;12.00&nbsp;ja kestab viis tundi. J\u00f5ule t\u00e4histame sel aastal Tabasalu Spordikeskuses. Tegu on kinnise \u00fcritusega, kuhu ootame lasterikkaid peresid ning \u00fcksikvanemaid koos lastega k\u00f5ikjalt \u00fcle Eesti. P\u00e4evajuht on&nbsp;Renxx! Mis toimub? Kell 12 algav&nbsp;ja 5 tundi kestev \u00fcritus on k\u00f5igile tasuta. \u201cMeie pere j\u00f5ulupidu\u201d \u00fcritus on m\u00f5eldud lasterikastele peredele (peres peab elama v\u00e4hemalt 3 alaealist last) ja \u00fcksikvanematega peredele<\/p>\n","protected":false},"author":1,"featured_media":0,"parent":23,"menu_order":182,"comment_status":"closed","ping_status":"closed","template":"template-fullwidth.php","meta":{"ngg_post_thumbnail":0,"footnotes":""},"class_list":["post-1305","page","type-page","status-publish","hentry"],"jetpack_sharing_enabled":true,"_links":{"self":[{"href":"https:\/\/teehead.ee\/1\/index.php?rest_route=\/wp\/v2\/pages\/1305","targetHints":{"allow":["GET"]}}],"collection":[{"href":"https:\/\/teehead.ee\/1\/index.php?rest_route=\/wp\/v2\/pages"}],"about":[{"href":"https:\/\/teehead.ee\/1\/index.php?rest_route=\/wp\/v2\/types\/page"}],"author":[{"embeddable":true,"href":"https:\/\/teehead.ee\/1\/index.php?rest_route=\/wp\/v2\/users\/1"}],"replies":[{"embeddable":true,"href":"https:\/\/teehead.ee\/1\/index.php?rest_route=%2Fwp%2Fv2%2Fcomments&post=1305"}],"version-history":[{"count":5,"href":"https:\/\/teehead.ee\/1\/index.php?rest_route=\/wp\/v2\/pages\/1305\/revisions"}],"predecessor-version":[{"id":2803,"href":"https:\/\/teehead.ee\/1\/index.php?rest_route=\/wp\/v2\/pages\/1305\/revisions\/2803"}],"up":[{"embeddable":true,"href":"https:\/\/teehead.ee\/1\/index.php?rest_route=\/wp\/v2\/pages\/23"}],"wp:attachment":[{"href":"https:\/\/teehead.ee\/1\/index.php?rest_route=%2Fwp%2Fv2%2Fmedia&parent=1305"}],"curies":[{"name":"wp","href":"https:\/\/api.w.org\/{rel}","templated":true}]}}