{"id":1333,"date":"2018-10-14T21:57:58","date_gmt":"2018-10-14T18:57:58","guid":{"rendered":"http:\/\/teehead.ee\/1\/?page_id=1333"},"modified":"2025-12-21T15:22:46","modified_gmt":"2025-12-21T13:22:46","slug":"rent","status":"publish","type":"page","link":"https:\/\/teehead.ee\/1\/","title":{"rendered":"Avaleht"},"content":{"rendered":"<p style=\"text-align: justify;\"><span class=\"ws36\" style=\"font-size: 0.95em;\">T<\/span><span class=\"ws11\" style=\"font-size: 0.95em;\">ere, kallis veebik\u00fclaline! Oled sattunud Heategevus\u00fchingu Hea Tegu kodulehele. Meie MT\u00dc on v\u00f5etud vanalt riiulilt, mineviku tolm pealt p\u00fchitud ning uus elu antud. Tegijaid on v\u00e4he, ent see-eest oleme usinad kui t\u00f6\u00f6mesilased ning anname endast k\u00f5ik, et l\u00fckata k\u00e4ima ja viia l\u00f5puni projektid, mida alustanud oleme. Projektidega, mis praegu pooleli, saab tutvuda allrubriigis.<\/span><\/p>\n<div class=\"entry clearfix\">\n<div align=\"justify\"><span class=\"ws11\">Kas leidsid, mida otsisid? Tagasisidet ja k\u00fcsimusi ootame aadressile&nbsp;<\/span><span style=\"color: #3366ff;\"><span class=\"ws11\"><u><a style=\"color: #3366ff;\" href=\"mailto:teehead@teehead.ee\">teehead@teehead.ee<\/a><\/u><\/span><span class=\"ws11\">.<\/span><\/span><\/div>\n<\/div>\n<div align=\"justify\">&nbsp;<\/div>\n<div align=\"justify\"><span class=\"ws11\" style=\"font-size: 0.95em;\">K\u00fcsi meilt hinnapakkumist visiitkaartidele, flaieritele, postkaartidele, roll-upidele, plakatitele, voldikutele\u2026 \u00dches\u00f5naga k\u00f5igele, mida annab paberil tr\u00fckkida! Meil on head hinnad, lisaks aitad kaasa meie projektide \u00f5nnestumisele! V\u00f5ta meiega \u00fchendust <span style=\"color: #3366ff;\"><u><a style=\"color: #3366ff;\" href=\"mailto:teehead@teehead.ee\">teehead@teehead.ee<\/a><\/u><\/span><\/span><span class=\"ws11\" style=\"color: #3366ff;\">.<\/span><\/div>\n<div class=\"entry clearfix\">\n<div align=\"justify\">\n<p><img class=\"aligncenter size-medium wp-image-938\"><\/p>\n<\/div>\n<\/div>\n","protected":false},"excerpt":{"rendered":"<p>Tere, kallis veebik\u00fclaline! Oled sattunud Heategevus\u00fchingu Hea Tegu kodulehele. Meie MT\u00dc on v\u00f5etud vanalt riiulilt, mineviku tolm pealt p\u00fchitud ning uus elu antud. Tegijaid on v\u00e4he, ent see-eest oleme usinad kui t\u00f6\u00f6mesilased ning anname endast k\u00f5ik, et l\u00fckata k\u00e4ima ja viia l\u00f5puni projektid, mida alustanud oleme. Projektidega, mis praegu pooleli, saab tutvuda allrubriigis. Kas leidsid, mida otsisid? Tagasisidet ja k\u00fcsimusi ootame aadressile&nbsp;teehead@teehead.ee. &nbsp; K\u00fcsi meilt hinnapakkumist visiitkaartidele, flaieritele, postkaartidele, roll-upidele, plakatitele, voldikutele\u2026 \u00dches\u00f5naga k\u00f5igele, mida annab paberil tr\u00fckkida! Meil on<\/p>\n","protected":false},"author":1,"featured_media":0,"parent":0,"menu_order":0,"comment_status":"closed","ping_status":"closed","template":"template-fullwidth.php","meta":{"ngg_post_thumbnail":0,"footnotes":""},"class_list":["post-1333","page","type-page","status-publish","hentry"],"jetpack_sharing_enabled":true,"_links":{"self":[{"href":"https:\/\/teehead.ee\/1\/index.php?rest_route=\/wp\/v2\/pages\/1333","targetHints":{"allow":["GET"]}}],"collection":[{"href":"https:\/\/teehead.ee\/1\/index.php?rest_route=\/wp\/v2\/pages"}],"about":[{"href":"https:\/\/teehead.ee\/1\/index.php?rest_route=\/wp\/v2\/types\/page"}],"author":[{"embeddable":true,"href":"https:\/\/teehead.ee\/1\/index.php?rest_route=\/wp\/v2\/users\/1"}],"replies":[{"embeddable":true,"href":"https:\/\/teehead.ee\/1\/index.php?rest_route=%2Fwp%2Fv2%2Fcomments&post=1333"}],"version-history":[{"count":5,"href":"https:\/\/teehead.ee\/1\/index.php?rest_route=\/wp\/v2\/pages\/1333\/revisions"}],"predecessor-version":[{"id":2812,"href":"https:\/\/teehead.ee\/1\/index.php?rest_route=\/wp\/v2\/pages\/1333\/revisions\/2812"}],"wp:attachment":[{"href":"https:\/\/teehead.ee\/1\/index.php?rest_route=%2Fwp%2Fv2%2Fmedia&parent=1333"}],"curies":[{"name":"wp","href":"https:\/\/api.w.org\/{rel}","templated":true}]}}