{"id":1410,"date":"2019-09-16T23:17:47","date_gmt":"2019-09-16T20:17:47","guid":{"rendered":"http:\/\/teehead.ee\/1\/?page_id=1410"},"modified":"2025-12-21T14:57:43","modified_gmt":"2025-12-21T12:57:43","slug":"meie-pere-joulupidu-2019","status":"publish","type":"page","link":"https:\/\/teehead.ee\/1\/?page_id=1410","title":{"rendered":"Meie pere j\u00f5ulupidu 2019"},"content":{"rendered":"\r\n<p style=\"text-align: justify;\">&nbsp;\u201c<strong>Meie pere j\u00f5ulupidu<\/strong>\u201d toimus&nbsp; 28.12.2019.<\/p>\r\n<p style=\"text-align: justify;\">\u00dcritus algas <strong>12.00<\/strong> ja kestis viis tundi. J\u00f5ule t\u00e4histasime sel aastal Tabasalu Spordikeskuses. Tegu oli kinnise \u00fcritusega, kuhu ootasime lasterikkaid peresid ning \u00fcksikvanemaid koos lastega k\u00f5ikjalt \u00fcle Eesti.<\/p>\r\n<p style=\"text-align: justify;\">P\u00e4evajuht on&nbsp;<strong><a href=\"http:\/\/www.renxx.ee\/\">Renxx<\/a>!<\/strong><\/p>\r\n<p style=\"text-align: justify;\"><strong>Mis toimub?<br><\/strong>Kell 12 algav ja 5 tundi kestev \u00fcritus oli k\u00f5igile tasuta. \u201cMeie pere j\u00f5ulupidu\u201d \u00fcritus oli m\u00f5eldud lasterikastele peredele (peres peab elama v\u00e4hemalt 3 alaealist last) ja \u00fcksikvanematega peredele \u00fcle Eesti. J\u00f5ulupeol \u00fchendasime meeldiva tervislikuga ning pakkusime k\u00f5ikidele huvilistele v\u00f5imalust v\u00f5tta j\u00f5ulukingid sel aastal j\u00f5uluvanalt vastu p\u00e4rast v\u00e4ikest sportimist. Erinevalt tavap\u00e4rasest j\u00f5ulutrallist said nii lapsed kui lapsevanemad \u201cMeie pere j\u00f5ulupeol\u201d v\u00f5istelda paljudel ebatraditsioonilistel v\u00f5istlusaladel.&nbsp; Kuni 5 aastastel lastel oli v\u00f5imalus lennutada lendavat taldrikut ja visata pehmet palli v\u00e4ravasse. Suuremad inimesed said visata korvpalliga t\u00e4psust, proovida saalihokit, m\u00e4ngida m\u00e4nge \u201cT\u00e4pne liug\u201d ja \u201cPeegelkiri\u201d ja v\u00f5tta osa veel mitmest erinevast tegevusest. Suurt energiat vajavatele tegevustele vahelduseks oli k\u00f5igil v\u00f5imalus ka joonistada. M\u00f5istagi ei puudu j\u00f5ulupeolt ka j\u00f5uluvana ja kingikotid k\u00f5ikidele peredele!<br>Lisaks k\u00f5igele eelnevale oli meie eesm\u00e4rgiks tagada j\u00f5ulupeole tulijatele t\u00e4is k\u00f5ht ning transpordikulude katmine. Kokku ootasime \u00fcritusele osalema \u00fcle 50 pere ehk ~250 inimest.<\/p>\r\n<p style=\"text-align: justify;\"><strong>Punkte andvad v\u00f5istlusalad:<br><\/strong><strong>T\u00e4ringu t\u00e4psus<\/strong>&nbsp;\u2013 v\u00f5ib proovida niimitu korda kui soovitakse, osaleda v\u00f5ivad k\u00f5ik.<br><strong>Ajalehtedest torni ehitamine<\/strong>&nbsp;\u2013 iga pere saab proovida \u00fche korra.<br><strong>Korvpalliga t\u00e4psusvise<\/strong>&nbsp;\u2013 v\u00f5ib proovida niimitu korda kui soovitakse, osaleda v\u00f5ivad k\u00f5ik.<br><strong>Puldiauto ralli<\/strong>&nbsp;\u2013&nbsp;v\u00f5ib proovida niimitu korda kui soovitakse, osaleda v\u00f5ivad k\u00f5ik.<br><strong>Saalihoki t\u00e4psusvise<\/strong>\u2013 v\u00f5ib proovida niimitu korda kui soovitakse, osaleda v\u00f5ivad k\u00f5ik.&nbsp;<br><strong>Osavusm\u00e4ng \u201cT\u00e4pne liug<\/strong>\u201d \u2013 v\u00f5ib proovida niimitu korda kui soovitakse, osaleda v\u00f5ivad k\u00f5ik.<br><strong>Osavusm\u00e4ng \u201cPeegelkiri\u201d<\/strong>&nbsp;\u2013 v\u00f5ib proovida niimitu korda kui soovitakse, osaleda v\u00f5ivad k\u00f5ik.<br><strong>Lendava taldriku kaugusvise<\/strong>&nbsp;\u2013 v\u00f5ib proovida niimitu korda kui soovitakse, osaleda v\u00f5ivad kuni 5 aastased lapsed (kaasaarvatud).<br><strong>Palli v\u00e4ravasse viskamine<\/strong>&nbsp;\u2013 v\u00f5ib proovida niimitu korda kui soovitakse, osaleda v\u00f5ivad kuni 5 aastased lapsed (kaasaarvatud).<br><strong>H\u00fcppen\u00f6\u00f6riga h\u00fcppamine<\/strong>&nbsp;\u2013 v\u00f5ib proovida niimitu korda kui soovitakse, osaleda v\u00f5ivad kuni 5 aastased lapsed (kaasaarvatud).<br><strong>Kaartide ennustamine<\/strong>&nbsp;\u2013&nbsp;v\u00f5ib proovida niimitu korda kui soovitakse, osaleda v\u00f5ivad k\u00f5ik.<br><strong>Spinnerdamine<\/strong>&nbsp;\u2013&nbsp;v\u00f5ib proovida niimitu korda kui soovitakse, osaleda v\u00f5ivad k\u00f5ik.<br><strong>Joone jooks<\/strong>&nbsp;\u2013&nbsp;v\u00f5ib proovida niimitu korda kui soovitakse, osaleda v\u00f5ivad k\u00f5ik.<br><strong>Korgi p\u00fcramiid<\/strong>&nbsp;\u2013&nbsp;v\u00f5ib proovida niimitu korda kui soovitakse, osaleda v\u00f5ivad k\u00f5ik.<\/p>\r\n\r\n\r\n\r\n<p style=\"text-align: justify;\"><strong>Kuidas saab osalema?<br><\/strong>Osalemiseks tuleb registreerida oma pere. Selleks tuleb saata&nbsp;meile t\u00e4idetud&nbsp;<a href=\"https:\/\/docs.google.com\/forms\/d\/1vjrvq_Zb6BxazAQ4bkmK98IGIMH-7zawMyvZ4pOuA2w\/edit\"><strong>AV<\/strong><strong>ALDUS<\/strong><\/a>. Registreerimiseks vajuta Avaldusele ja t\u00e4ida l\u00fcngad.&nbsp;<\/p>\r\n<p style=\"text-align: justify;\"><strong>Milleks sponsorid?<br><\/strong>Projekti toetajate abil saab&nbsp;lisaks lustlikule ja meeleolukale p\u00e4evale iga pere ka j\u00f5ulukingitused, tasume v\u00e4ljast poolt Harjumaad&nbsp;tulijate transpordikulud ning organiseerime \u00fcritusel osalejaile korraliku s\u00f6\u00f6gilaua.<\/p>\r\n<p style=\"text-align: justify;\"><strong>Vabatahtlikud<br><\/strong>\u00dcrituse \u00f5nnestumisele kaasa aitamiseks otsime appi vabatahtlikke. Soovid meile appi tulla? Kirjuta meile <a href=\"mailto:teehead@teehead.eu\"><span style=\"color: #0000ff;\">teehead@teehead.eu<\/span><\/a><\/p>\r\n<p>&nbsp;<\/p>\r\n<hr>\r\n<p style=\"text-align: center;\"><strong>Heategevus\u00fching Hea Tegu t\u00e4nab k\u00f5iki projekti toetajaid!<br><\/strong><\/p>\r\n<p>&nbsp;<\/p>\r\n<p><img decoding=\"async\" class=\"wp-image-1201 alignleft\" src=\"http:\/\/teehead.ee\/1\/wp-content\/uploads\/2017\/09\/Kunda-Nordic-Cement-300x51.png\" alt=\"\" width=\"335\" height=\"57\" srcset=\"https:\/\/teehead.ee\/1\/wp-content\/uploads\/2017\/09\/Kunda-Nordic-Cement-300x51.png 300w, https:\/\/teehead.ee\/1\/wp-content\/uploads\/2017\/09\/Kunda-Nordic-Cement-768x132.png 768w, https:\/\/teehead.ee\/1\/wp-content\/uploads\/2017\/09\/Kunda-Nordic-Cement-1024x175.png 1024w\" sizes=\"(max-width: 335px) 100vw, 335px\" \/><\/p>\r\n\r\n<p><img decoding=\"async\" class=\"size-medium wp-image-1419 alignleft\" style=\"font-size: 15.2015px;\" src=\"http:\/\/teehead.ee\/1\/wp-content\/uploads\/2019\/09\/Eastman-logo-300x35.png\" alt=\"\" width=\"300\" height=\"35\" srcset=\"https:\/\/teehead.ee\/1\/wp-content\/uploads\/2019\/09\/Eastman-logo-300x35.png 300w, https:\/\/teehead.ee\/1\/wp-content\/uploads\/2019\/09\/Eastman-logo.png 600w\" sizes=\"(max-width: 300px) 100vw, 300px\" \/><img decoding=\"async\" class=\" wp-image-1178 alignleft\" style=\"font-size: 15.2015px;\" src=\"http:\/\/teehead.ee\/1\/wp-content\/uploads\/2017\/09\/Seesam-valge-taustaga-1-300x100.jpg\" alt=\"\" width=\"327\" height=\"109\" srcset=\"https:\/\/teehead.ee\/1\/wp-content\/uploads\/2017\/09\/Seesam-valge-taustaga-1-300x100.jpg 300w, https:\/\/teehead.ee\/1\/wp-content\/uploads\/2017\/09\/Seesam-valge-taustaga-1-768x257.jpg 768w, https:\/\/teehead.ee\/1\/wp-content\/uploads\/2017\/09\/Seesam-valge-taustaga-1-1024x342.jpg 1024w\" sizes=\"(max-width: 327px) 100vw, 327px\" \/><img loading=\"lazy\" decoding=\"async\" class=\"wp-image-795 alignleft\" src=\"http:\/\/teehead.ee\/1\/wp-content\/uploads\/2015\/10\/verkur-logo-300x217.jpg\" alt=\"\" width=\"356\" height=\"258\" srcset=\"https:\/\/teehead.ee\/1\/wp-content\/uploads\/2015\/10\/verkur-logo-300x217.jpg 300w, https:\/\/teehead.ee\/1\/wp-content\/uploads\/2015\/10\/verkur-logo.jpg 500w\" sizes=\"(max-width: 356px) 100vw, 356px\" \/><img loading=\"lazy\" decoding=\"async\" class=\"wp-image-1442 alignnone\" style=\"font-size: 15.2015px;\" src=\"http:\/\/teehead.ee\/1\/wp-content\/uploads\/2019\/11\/sudamete-soojus-1-01-300x159.jpg\" alt=\"\" width=\"232\" height=\"123\" srcset=\"https:\/\/teehead.ee\/1\/wp-content\/uploads\/2019\/11\/sudamete-soojus-1-01-300x159.jpg 300w, https:\/\/teehead.ee\/1\/wp-content\/uploads\/2019\/11\/sudamete-soojus-1-01-768x408.jpg 768w, https:\/\/teehead.ee\/1\/wp-content\/uploads\/2019\/11\/sudamete-soojus-1-01-1024x544.jpg 1024w\" sizes=\"(max-width: 232px) 100vw, 232px\" \/><img loading=\"lazy\" decoding=\"async\" class=\"size-medium wp-image-1223 alignright\" src=\"http:\/\/teehead.ee\/1\/wp-content\/uploads\/2017\/12\/tervis-spa-group-300x158.jpg\" alt=\"\" width=\"300\" height=\"158\" srcset=\"https:\/\/teehead.ee\/1\/wp-content\/uploads\/2017\/12\/tervis-spa-group-300x158.jpg 300w, https:\/\/teehead.ee\/1\/wp-content\/uploads\/2017\/12\/tervis-spa-group-768x404.jpg 768w, https:\/\/teehead.ee\/1\/wp-content\/uploads\/2017\/12\/tervis-spa-group-1024x539.jpg 1024w\" sizes=\"(max-width: 300px) 100vw, 300px\" \/><img loading=\"lazy\" decoding=\"async\" class=\"wp-image-1423 alignright\" style=\"font-size: 15.2015px;\" src=\"http:\/\/teehead.ee\/1\/wp-content\/uploads\/2019\/09\/Eesti-haldus-logo-sloganita-color-300x88.png\" alt=\"\" width=\"290\" height=\"86\" srcset=\"https:\/\/teehead.ee\/1\/wp-content\/uploads\/2019\/09\/Eesti-haldus-logo-sloganita-color-300x88.png 300w, https:\/\/teehead.ee\/1\/wp-content\/uploads\/2019\/09\/Eesti-haldus-logo-sloganita-color-768x226.png 768w, https:\/\/teehead.ee\/1\/wp-content\/uploads\/2019\/09\/Eesti-haldus-logo-sloganita-color-1024x301.png 1024w, https:\/\/teehead.ee\/1\/wp-content\/uploads\/2019\/09\/Eesti-haldus-logo-sloganita-color.png 1832w\" sizes=\"(max-width: 290px) 100vw, 290px\" \/><\/p>\r\n<p>&nbsp;<\/p>\r\n<p><img loading=\"lazy\" decoding=\"async\" class=\"wp-image-1080 alignright\" style=\"font-size: 15.2015px;\" src=\"http:\/\/teehead.ee\/1\/wp-content\/uploads\/2017\/03\/epl-300x28.png\" alt=\"\" width=\"385\" height=\"36\" srcset=\"https:\/\/teehead.ee\/1\/wp-content\/uploads\/2017\/03\/epl-300x28.png 300w, https:\/\/teehead.ee\/1\/wp-content\/uploads\/2017\/03\/epl-768x71.png 768w, https:\/\/teehead.ee\/1\/wp-content\/uploads\/2017\/03\/epl-624x58.png 624w, https:\/\/teehead.ee\/1\/wp-content\/uploads\/2017\/03\/epl.png 1004w\" sizes=\"(max-width: 385px) 100vw, 385px\" \/><\/p>\r\n<p><img loading=\"lazy\" decoding=\"async\" class=\"wp-image-820 aligncenter\" src=\"http:\/\/teehead.ee\/1\/wp-content\/uploads\/2015\/10\/et.jpg\" alt=\"\" width=\"269\" height=\"109\"><img loading=\"lazy\" decoding=\"async\" class=\"aligncenter size-medium wp-image-1460\" src=\"http:\/\/teehead.ee\/1\/wp-content\/uploads\/2019\/12\/Englo-logo.png\" alt=\"\" width=\"180\" height=\"91\"><\/p>\r\n<p><span style=\"font-size: 15.2015px;\"><img loading=\"lazy\" decoding=\"async\" class=\"wp-image-763 alignleft\" src=\"http:\/\/teehead.ee\/1\/wp-content\/uploads\/2015\/10\/Lasila-Betoon-300x106.png\" alt=\"\" width=\"232\" height=\"82\"><\/span><img loading=\"lazy\" decoding=\"async\" class=\"wp-image-262 alignright\" style=\"font-size: 15.2015px;\" src=\"http:\/\/teehead.ee\/1\/wp-content\/uploads\/2015\/08\/Helmetal-IMS-300x189.png\" alt=\"\" width=\"230\" height=\"145\" srcset=\"https:\/\/teehead.ee\/1\/wp-content\/uploads\/2015\/08\/Helmetal-IMS-300x189.png 300w, https:\/\/teehead.ee\/1\/wp-content\/uploads\/2015\/08\/Helmetal-IMS.png 314w\" sizes=\"(max-width: 230px) 100vw, 230px\" \/><img loading=\"lazy\" decoding=\"async\" class=\"wp-image-210 aligncenter\" style=\"font-size: 15.2015px;\" src=\"http:\/\/teehead.ee\/1\/wp-content\/uploads\/2015\/08\/koduekstra.png\" alt=\"\" width=\"297\" height=\"109\"><img loading=\"lazy\" decoding=\"async\" class=\"size-medium wp-image-1467 alignleft\" src=\"http:\/\/teehead.ee\/1\/wp-content\/uploads\/2019\/12\/polymark-300x212.jpg\" alt=\"\" width=\"300\" height=\"212\" srcset=\"https:\/\/teehead.ee\/1\/wp-content\/uploads\/2019\/12\/polymark-300x212.jpg 300w, https:\/\/teehead.ee\/1\/wp-content\/uploads\/2019\/12\/polymark-768x543.jpg 768w, https:\/\/teehead.ee\/1\/wp-content\/uploads\/2019\/12\/polymark-1024x724.jpg 1024w\" sizes=\"(max-width: 300px) 100vw, 300px\" \/><img loading=\"lazy\" decoding=\"async\" class=\"size-medium wp-image-1464 alignleft\" src=\"http:\/\/teehead.ee\/1\/wp-content\/uploads\/2019\/12\/rademar3-300x105.png\" alt=\"\" width=\"300\" height=\"105\" srcset=\"https:\/\/teehead.ee\/1\/wp-content\/uploads\/2019\/12\/rademar3-300x105.png 300w, https:\/\/teehead.ee\/1\/wp-content\/uploads\/2019\/12\/rademar3.png 672w\" sizes=\"(max-width: 300px) 100vw, 300px\" \/><img loading=\"lazy\" decoding=\"async\" class=\"wp-image-1463 alignright\" src=\"http:\/\/teehead.ee\/1\/wp-content\/uploads\/2019\/12\/clean_planet-225x300.png\" alt=\"\" width=\"185\" height=\"247\" srcset=\"https:\/\/teehead.ee\/1\/wp-content\/uploads\/2019\/12\/clean_planet-225x300.png 225w, https:\/\/teehead.ee\/1\/wp-content\/uploads\/2019\/12\/clean_planet-768x1022.png 768w, https:\/\/teehead.ee\/1\/wp-content\/uploads\/2019\/12\/clean_planet-769x1024.png 769w, https:\/\/teehead.ee\/1\/wp-content\/uploads\/2019\/12\/clean_planet.png 1606w\" sizes=\"(max-width: 185px) 100vw, 185px\" \/><img loading=\"lazy\" decoding=\"async\" class=\"wp-image-1454 alignleft\" src=\"http:\/\/teehead.ee\/1\/wp-content\/uploads\/2019\/12\/Stretch-CBF-Logo-NEW-Jan-2012-300x164.jpg\" alt=\"\" width=\"190\" height=\"104\" srcset=\"https:\/\/teehead.ee\/1\/wp-content\/uploads\/2019\/12\/Stretch-CBF-Logo-NEW-Jan-2012-300x164.jpg 300w, https:\/\/teehead.ee\/1\/wp-content\/uploads\/2019\/12\/Stretch-CBF-Logo-NEW-Jan-2012.jpg 622w\" sizes=\"(max-width: 190px) 100vw, 190px\" \/><img loading=\"lazy\" decoding=\"async\" class=\"wp-image-1162 alignright\" src=\"http:\/\/teehead.ee\/1\/wp-content\/uploads\/2017\/09\/Magaziin_logo_varv_hor-300x160.jpg\" alt=\"\" width=\"253\" height=\"135\" srcset=\"https:\/\/teehead.ee\/1\/wp-content\/uploads\/2017\/09\/Magaziin_logo_varv_hor-300x160.jpg 300w, https:\/\/teehead.ee\/1\/wp-content\/uploads\/2017\/09\/Magaziin_logo_varv_hor-768x409.jpg 768w, https:\/\/teehead.ee\/1\/wp-content\/uploads\/2017\/09\/Magaziin_logo_varv_hor-1024x545.jpg 1024w, https:\/\/teehead.ee\/1\/wp-content\/uploads\/2017\/09\/Magaziin_logo_varv_hor.jpg 1819w\" sizes=\"(max-width: 253px) 100vw, 253px\" \/><\/p>\r\n<p><img loading=\"lazy\" decoding=\"async\" class=\"wp-image-1421 alignright\" src=\"http:\/\/teehead.ee\/1\/wp-content\/uploads\/2019\/09\/jaaajakeskuse_logo-294x300.jpg\" alt=\"\" width=\"133\" height=\"136\" srcset=\"https:\/\/teehead.ee\/1\/wp-content\/uploads\/2019\/09\/jaaajakeskuse_logo-294x300.jpg 294w, https:\/\/teehead.ee\/1\/wp-content\/uploads\/2019\/09\/jaaajakeskuse_logo.jpg 572w\" sizes=\"(max-width: 133px) 100vw, 133px\" \/><img loading=\"lazy\" decoding=\"async\" class=\"size-medium wp-image-1165 alignright\" style=\"font-size: 0.95em;\" src=\"http:\/\/teehead.ee\/1\/wp-content\/uploads\/2017\/09\/horiz_logo_circle555-300x126.jpg\" alt=\"\" width=\"300\" height=\"126\" srcset=\"https:\/\/teehead.ee\/1\/wp-content\/uploads\/2017\/09\/horiz_logo_circle555-300x126.jpg 300w, https:\/\/teehead.ee\/1\/wp-content\/uploads\/2017\/09\/horiz_logo_circle555.bmp 717w\" sizes=\"(max-width: 300px) 100vw, 300px\" \/><img loading=\"lazy\" decoding=\"async\" class=\" wp-image-1385 alignleft\" style=\"font-size: 15.2015px;\" src=\"http:\/\/teehead.ee\/1\/wp-content\/uploads\/2018\/12\/image002.jpg\" alt=\"\" width=\"159\" height=\"79\"><img loading=\"lazy\" decoding=\"async\" class=\"aligncenter size-medium wp-image-875\" src=\"http:\/\/teehead.ee\/1\/wp-content\/uploads\/2015\/10\/Catering-Service-300x118.jpg\" alt=\"\" width=\"300\" height=\"118\" srcset=\"https:\/\/teehead.ee\/1\/wp-content\/uploads\/2015\/10\/Catering-Service-300x118.jpg 300w, https:\/\/teehead.ee\/1\/wp-content\/uploads\/2015\/10\/Catering-Service-624x246.jpg 624w, https:\/\/teehead.ee\/1\/wp-content\/uploads\/2015\/10\/Catering-Service.jpg 725w\" sizes=\"(max-width: 300px) 100vw, 300px\" \/><img loading=\"lazy\" decoding=\"async\" class=\"wp-image-1166 alignleft\" src=\"http:\/\/teehead.ee\/1\/wp-content\/uploads\/2017\/09\/Tallegg_logo-300x161.jpg\" alt=\"\" width=\"191\" height=\"103\" srcset=\"https:\/\/teehead.ee\/1\/wp-content\/uploads\/2017\/09\/Tallegg_logo-300x161.jpg 300w, https:\/\/teehead.ee\/1\/wp-content\/uploads\/2017\/09\/Tallegg_logo-768x412.jpg 768w, https:\/\/teehead.ee\/1\/wp-content\/uploads\/2017\/09\/Tallegg_logo-1024x549.jpg 1024w, https:\/\/teehead.ee\/1\/wp-content\/uploads\/2017\/09\/Tallegg_logo.jpg 1029w\" sizes=\"(max-width: 191px) 100vw, 191px\" \/><img loading=\"lazy\" decoding=\"async\" class=\"wp-image-1452 alignleft\" src=\"http:\/\/teehead.ee\/1\/wp-content\/uploads\/2019\/12\/Kuma_logo_k-300x212.jpg\" alt=\"\" width=\"259\" height=\"183\" srcset=\"https:\/\/teehead.ee\/1\/wp-content\/uploads\/2019\/12\/Kuma_logo_k-300x212.jpg 300w, https:\/\/teehead.ee\/1\/wp-content\/uploads\/2019\/12\/Kuma_logo_k-768x543.jpg 768w, https:\/\/teehead.ee\/1\/wp-content\/uploads\/2019\/12\/Kuma_logo_k-1024x724.jpg 1024w\" sizes=\"(max-width: 259px) 100vw, 259px\" \/><\/p>\r\n<p>&nbsp;<\/p>\r\n<p><img loading=\"lazy\" decoding=\"async\" class=\"wp-image-270 alignleft\" src=\"http:\/\/teehead.ee\/1\/wp-content\/uploads\/2015\/08\/saku_embleem-297x300.jpg\" alt=\"\" width=\"214\" height=\"216\" srcset=\"https:\/\/teehead.ee\/1\/wp-content\/uploads\/2015\/08\/saku_embleem-297x300.jpg 297w, https:\/\/teehead.ee\/1\/wp-content\/uploads\/2015\/08\/saku_embleem-150x150.jpg 150w, https:\/\/teehead.ee\/1\/wp-content\/uploads\/2015\/08\/saku_embleem.jpg 542w\" sizes=\"(max-width: 214px) 100vw, 214px\" \/><\/p>\r\n<p>&nbsp;<\/p>\r\n<p><img loading=\"lazy\" decoding=\"async\" class=\"size-medium wp-image-1427 alignright\" src=\"http:\/\/teehead.ee\/1\/wp-content\/uploads\/2019\/10\/pal-logo-kooliaasta-300x85.jpg\" alt=\"\" width=\"300\" height=\"85\" srcset=\"https:\/\/teehead.ee\/1\/wp-content\/uploads\/2019\/10\/pal-logo-kooliaasta-300x85.jpg 300w, https:\/\/teehead.ee\/1\/wp-content\/uploads\/2019\/10\/pal-logo-kooliaasta-768x217.jpg 768w, https:\/\/teehead.ee\/1\/wp-content\/uploads\/2019\/10\/pal-logo-kooliaasta.jpg 868w\" sizes=\"(max-width: 300px) 100vw, 300px\" \/><\/p>\r\n<p><img loading=\"lazy\" decoding=\"async\" class=\"wp-image-1221 alignleft\" src=\"http:\/\/teehead.ee\/1\/wp-content\/uploads\/2017\/12\/Saku_L\u00e4te_logo_slogan_PMS_Coated-300x253.jpg\" alt=\"\" width=\"202\" height=\"170\" srcset=\"https:\/\/teehead.ee\/1\/wp-content\/uploads\/2017\/12\/Saku_L\u00e4te_logo_slogan_PMS_Coated-300x253.jpg 300w, https:\/\/teehead.ee\/1\/wp-content\/uploads\/2017\/12\/Saku_L\u00e4te_logo_slogan_PMS_Coated.jpg 709w\" sizes=\"(max-width: 202px) 100vw, 202px\" \/><img loading=\"lazy\" decoding=\"async\" class=\"aligncenter  wp-image-1384\" src=\"http:\/\/teehead.ee\/1\/wp-content\/uploads\/2018\/12\/image001.png\" alt=\"\" width=\"160\" height=\"117\"><img loading=\"lazy\" decoding=\"async\" class=\"size-medium wp-image-814 aligncenter\" src=\"http:\/\/teehead.ee\/1\/wp-content\/uploads\/2015\/10\/Prolexplast-300x94.jpg\" alt=\"\" width=\"300\" height=\"94\" srcset=\"https:\/\/teehead.ee\/1\/wp-content\/uploads\/2015\/10\/Prolexplast-300x94.jpg 300w, https:\/\/teehead.ee\/1\/wp-content\/uploads\/2015\/10\/Prolexplast-1024x321.jpg 1024w, https:\/\/teehead.ee\/1\/wp-content\/uploads\/2015\/10\/Prolexplast-624x195.jpg 624w\" sizes=\"(max-width: 300px) 100vw, 300px\" \/><img loading=\"lazy\" decoding=\"async\" class=\"size-medium wp-image-936 alignleft\" src=\"http:\/\/teehead.ee\/1\/wp-content\/uploads\/2016\/03\/Santa_Mantaria_logotype_RGB-300x113.jpg\" alt=\"\" width=\"300\" height=\"113\" srcset=\"https:\/\/teehead.ee\/1\/wp-content\/uploads\/2016\/03\/Santa_Mantaria_logotype_RGB-300x113.jpg 300w, https:\/\/teehead.ee\/1\/wp-content\/uploads\/2016\/03\/Santa_Mantaria_logotype_RGB-768x290.jpg 768w, https:\/\/teehead.ee\/1\/wp-content\/uploads\/2016\/03\/Santa_Mantaria_logotype_RGB-1024x386.jpg 1024w, https:\/\/teehead.ee\/1\/wp-content\/uploads\/2016\/03\/Santa_Mantaria_logotype_RGB-624x235.jpg 624w\" sizes=\"(max-width: 300px) 100vw, 300px\" \/><img loading=\"lazy\" decoding=\"async\" class=\"wp-image-1440 aligncenter\" src=\"http:\/\/teehead.ee\/1\/wp-content\/uploads\/2019\/11\/EKL.png\" alt=\"\" width=\"120\" height=\"118\"><\/p>","protected":false},"excerpt":{"rendered":"<p>&nbsp;\u201cMeie pere j\u00f5ulupidu\u201d toimus&nbsp; 28.12.2019. \u00dcritus algas 12.00 ja kestis viis tundi. J\u00f5ule t\u00e4histasime sel aastal Tabasalu Spordikeskuses. Tegu oli kinnise \u00fcritusega, kuhu ootasime lasterikkaid peresid ning \u00fcksikvanemaid koos lastega k\u00f5ikjalt \u00fcle Eesti. P\u00e4evajuht on&nbsp;Renxx! Mis toimub?Kell 12 algav ja 5 tundi kestev \u00fcritus oli k\u00f5igile tasuta. \u201cMeie pere j\u00f5ulupidu\u201d \u00fcritus oli m\u00f5eldud lasterikastele peredele (peres peab elama v\u00e4hemalt 3 alaealist last) ja \u00fcksikvanematega peredele \u00fcle Eesti. J\u00f5ulupeol \u00fchendasime meeldiva tervislikuga ning pakkusime k\u00f5ikidele huvilistele v\u00f5imalust v\u00f5tta j\u00f5ulukingid sel aastal<\/p>\n","protected":false},"author":1,"featured_media":0,"parent":23,"menu_order":191,"comment_status":"closed","ping_status":"closed","template":"template-fullwidth.php","meta":{"ngg_post_thumbnail":0,"footnotes":""},"class_list":["post-1410","page","type-page","status-publish","hentry"],"jetpack_sharing_enabled":true,"_links":{"self":[{"href":"https:\/\/teehead.ee\/1\/index.php?rest_route=\/wp\/v2\/pages\/1410","targetHints":{"allow":["GET"]}}],"collection":[{"href":"https:\/\/teehead.ee\/1\/index.php?rest_route=\/wp\/v2\/pages"}],"about":[{"href":"https:\/\/teehead.ee\/1\/index.php?rest_route=\/wp\/v2\/types\/page"}],"author":[{"embeddable":true,"href":"https:\/\/teehead.ee\/1\/index.php?rest_route=\/wp\/v2\/users\/1"}],"replies":[{"embeddable":true,"href":"https:\/\/teehead.ee\/1\/index.php?rest_route=%2Fwp%2Fv2%2Fcomments&post=1410"}],"version-history":[{"count":5,"href":"https:\/\/teehead.ee\/1\/index.php?rest_route=\/wp\/v2\/pages\/1410\/revisions"}],"predecessor-version":[{"id":1477,"href":"https:\/\/teehead.ee\/1\/index.php?rest_route=\/wp\/v2\/pages\/1410\/revisions\/1477"}],"up":[{"embeddable":true,"href":"https:\/\/teehead.ee\/1\/index.php?rest_route=\/wp\/v2\/pages\/23"}],"wp:attachment":[{"href":"https:\/\/teehead.ee\/1\/index.php?rest_route=%2Fwp%2Fv2%2Fmedia&parent=1410"}],"curies":[{"name":"wp","href":"https:\/\/api.w.org\/{rel}","templated":true}]}}