{"id":1533,"date":"2021-06-27T14:23:27","date_gmt":"2021-06-27T11:23:27","guid":{"rendered":"https:\/\/teehead.ee\/1\/?page_id=1533"},"modified":"2025-12-21T15:28:12","modified_gmt":"2025-12-21T13:28:12","slug":"ukskoik","status":"publish","type":"page","link":"https:\/\/teehead.ee\/1\/?page_id=1533","title":{"rendered":"Rendime"},"content":{"rendered":"<p><strong>M\u00e4rgimasina rentimine<\/strong><\/p>\n<p>&nbsp;<br \/>\nMeil on 2 erinevat m\u00e4rgimasinat. Nende masinatega on v\u00e4ga lihtne endale ise valmistada kas rinnam\u00e4rke v\u00f5i k\u00fclmkapimagneteid. Nii m\u00e4rgid kui magnetid tulevad \u00fcmmargused \u00fche masinaga <strong>38 mm<\/strong> diameetriga ja teise masinaga <strong>50 mm<\/strong> diameetriga. Soovi korral anname tasuta kaasa paberp\u00f5hjad, mille peale saab ise joonistada v\u00f5i kirjutada enne m\u00e4rgi\/magneti valmistamist.<br \/>\n&nbsp;<\/p>\n<p style=\"text-align: right;\"><strong>Rendi hind: 25 \u20ac (24 h),<br \/>\n<\/strong><strong>iga j\u00e4rgnev p\u00e4ev: 15 \u20ac.<br \/>\n<\/strong><strong>M\u00e4rkide p\u00f5hjad: 0,40 \u20ac \/ tk,<br \/>\n<\/strong><strong>K\u00fclmkapimagnetite p\u00f5hjad: 0,65 \u20ac \/ tk.<\/strong><\/p>\n<p><strong>K\u00f5ikidele hindadele lisandub k\u00e4ibemaks 24%.<\/strong><br \/>\n&nbsp;<br \/>\n&nbsp;<br \/>\n&nbsp;<\/p>\n<p><strong>M\u00e4rkide\/magnetite valmistamine<\/strong><\/p>\n<p>&nbsp;<br \/>\nValmistame rinnam\u00e4rke v\u00f5i k\u00fclmkapimagneteid. Nii m\u00e4rgid kui magnetid tulevad \u00fcmmargused <strong>38 mm<\/strong> v\u00f5i <strong>50 mm<\/strong> diameetriga.<br \/>\n\n<div class=\"wpdt-c row wpDataTableContainerSimpleTable wpDataTables wpDataTablesWrapper\n\"\n    >\n        <table id=\"wpdtSimpleTable-1\"\n           style=\"border-collapse:collapse;\n                   border-spacing:0px;\"\n           class=\"wpdtSimpleTable wpDataTable\"\n           data-column=\"4\"\n           data-rows=\"7\"\n           data-wpID=\"1\"\n           data-responsive=\"0\"\n           data-has-header=\"1\">\n\n                    <thead>        <tr class=\"wpdt-cell-row \" >\n                                <th class=\"wpdt-cell wpdt-bc-D9D9D9 wpdt-bold wpdt-merged-cell \"\n                     colspan=\"2\"  rowspan=\"1\"                     data-cell-id=\"A1\"\n                    data-col-index=\"0\"\n                    data-row-index=\"0\"\n                    style=\" width:50%;                    padding:10px;\n                    \"\n                    >\n                                        M\u00e4rkide hinnad:                    <\/th>\n                                                            <th class=\"wpdt-cell wpdt-bc-D9D9D9 wpdt-bold wpdt-merged-cell \"\n                     colspan=\"2\"  rowspan=\"1\"                     data-cell-id=\"C1\"\n                    data-col-index=\"2\"\n                    data-row-index=\"0\"\n                    style=\" width:50%;                    padding:10px;\n                    \"\n                    >\n                                        Magnetite hinnad:                    <\/th>\n                                                    <\/tr>\n                    <tbody>        <tr class=\"wpdt-cell-row odd\" >\n                                <td class=\"wpdt-cell wpdt-bc-FFFFFF wpdt-bold\"\n                                            data-cell-id=\"A2\"\n                    data-col-index=\"0\"\n                    data-row-index=\"1\"\n                    style=\"                    padding:10px;\n                    \"\n                    >\n                                        Kogus                    <\/td>\n                                                <td class=\"wpdt-cell wpdt-bc-FFFFFF wpdt-bold\"\n                                            data-cell-id=\"B2\"\n                    data-col-index=\"1\"\n                    data-row-index=\"1\"\n                    style=\"                    padding:10px;\n                    \"\n                    >\n                                        1 tk hind                    <\/td>\n                                                <td class=\"wpdt-cell wpdt-bc-FFFFFF wpdt-bold\"\n                                            data-cell-id=\"C2\"\n                    data-col-index=\"2\"\n                    data-row-index=\"1\"\n                    style=\"                    padding:10px;\n                    \"\n                    >\n                                        Kogus                    <\/td>\n                                                <td class=\"wpdt-cell wpdt-bc-FFFFFF wpdt-bold\"\n                                            data-cell-id=\"D2\"\n                    data-col-index=\"3\"\n                    data-row-index=\"1\"\n                    style=\"                    padding:10px;\n                    \"\n                    >\n                                        1 tk hind                    <\/td>\n                                        <\/tr>\n                            <tr class=\"wpdt-cell-row even\" >\n                                <td class=\"wpdt-cell wpdt-bc-D9D9D9\"\n                                            data-cell-id=\"A3\"\n                    data-col-index=\"0\"\n                    data-row-index=\"2\"\n                    style=\"                    padding:10px;\n                    \"\n                    >\n                                        kuni 10 tk                    <\/td>\n                                                <td class=\"wpdt-cell wpdt-bc-D9D9D9 wpdt-bold wpdt-tc-F44336\"\n                                            data-cell-id=\"B3\"\n                    data-col-index=\"1\"\n                    data-row-index=\"2\"\n                    style=\"                    padding:10px;\n                    \"\n                    >\n                                        1,00 \u20ac                    <\/td>\n                                                <td class=\"wpdt-cell wpdt-bc-D9D9D9\"\n                                            data-cell-id=\"C3\"\n                    data-col-index=\"2\"\n                    data-row-index=\"2\"\n                    style=\"                    padding:10px;\n                    \"\n                    >\n                                        kuni 10 tk                    <\/td>\n                                                <td class=\"wpdt-cell wpdt-bc-D9D9D9 wpdt-bold wpdt-tc-F44336\"\n                                            data-cell-id=\"D3\"\n                    data-col-index=\"3\"\n                    data-row-index=\"2\"\n                    style=\"                    padding:10px;\n                    \"\n                    >\n                                        1,15 \u20ac                    <\/td>\n                                        <\/tr>\n                            <tr class=\"wpdt-cell-row odd\" >\n                                <td class=\"wpdt-cell wpdt-bc-FFFFFF\"\n                                            data-cell-id=\"A4\"\n                    data-col-index=\"0\"\n                    data-row-index=\"3\"\n                    style=\"                    padding:10px;\n                    \"\n                    >\n                                        11-25 tk                    <\/td>\n                                                <td class=\"wpdt-cell wpdt-bc-FFFFFF wpdt-bold wpdt-tc-F44336\"\n                                            data-cell-id=\"B4\"\n                    data-col-index=\"1\"\n                    data-row-index=\"3\"\n                    style=\"                    padding:10px;\n                    \"\n                    >\n                                        0,80 \u20ac                    <\/td>\n                                                <td class=\"wpdt-cell wpdt-bc-FFFFFF\"\n                                            data-cell-id=\"C4\"\n                    data-col-index=\"2\"\n                    data-row-index=\"3\"\n                    style=\"                    padding:10px;\n                    \"\n                    >\n                                        11-25 tk                    <\/td>\n                                                <td class=\"wpdt-cell wpdt-bc-FFFFFF wpdt-bold wpdt-tc-F44336\"\n                                            data-cell-id=\"D4\"\n                    data-col-index=\"3\"\n                    data-row-index=\"3\"\n                    style=\"                    padding:10px;\n                    \"\n                    >\n                                        0,95 \u20ac                    <\/td>\n                                        <\/tr>\n                            <tr class=\"wpdt-cell-row even\" >\n                                <td class=\"wpdt-cell wpdt-bc-D9D9D9\"\n                                            data-cell-id=\"A5\"\n                    data-col-index=\"0\"\n                    data-row-index=\"4\"\n                    style=\"                    padding:10px;\n                    \"\n                    >\n                                        26 - 50 tk                    <\/td>\n                                                <td class=\"wpdt-cell wpdt-bc-D9D9D9 wpdt-bold wpdt-tc-F44336\"\n                                            data-cell-id=\"B5\"\n                    data-col-index=\"1\"\n                    data-row-index=\"4\"\n                    style=\"                    padding:10px;\n                    \"\n                    >\n                                        0,70 \u20ac                    <\/td>\n                                                <td class=\"wpdt-cell wpdt-bc-D9D9D9\"\n                                            data-cell-id=\"C5\"\n                    data-col-index=\"2\"\n                    data-row-index=\"4\"\n                    style=\"                    padding:10px;\n                    \"\n                    >\n                                        26 - 50 tk                    <\/td>\n                                                <td class=\"wpdt-cell wpdt-bc-D9D9D9 wpdt-bold wpdt-tc-F44336\"\n                                            data-cell-id=\"D5\"\n                    data-col-index=\"3\"\n                    data-row-index=\"4\"\n                    style=\"                    padding:10px;\n                    \"\n                    >\n                                        0,90 \u20ac                    <\/td>\n                                        <\/tr>\n                            <tr class=\"wpdt-cell-row odd\" >\n                                <td class=\"wpdt-cell wpdt-bc-FFFFFF\"\n                                            data-cell-id=\"A6\"\n                    data-col-index=\"0\"\n                    data-row-index=\"5\"\n                    style=\"                    padding:10px;\n                    \"\n                    >\n                                        51 - 100 tk                    <\/td>\n                                                <td class=\"wpdt-cell wpdt-bc-FFFFFF wpdt-bold wpdt-tc-F44336\"\n                                            data-cell-id=\"B6\"\n                    data-col-index=\"1\"\n                    data-row-index=\"5\"\n                    style=\"                    padding:10px;\n                    \"\n                    >\n                                        0,65 \u20ac                    <\/td>\n                                                <td class=\"wpdt-cell wpdt-bc-FFFFFF\"\n                                            data-cell-id=\"C6\"\n                    data-col-index=\"2\"\n                    data-row-index=\"5\"\n                    style=\"                    padding:10px;\n                    \"\n                    >\n                                        51 - 100 tk                    <\/td>\n                                                <td class=\"wpdt-cell wpdt-bc-FFFFFF wpdt-bold wpdt-tc-F44336\"\n                                            data-cell-id=\"D6\"\n                    data-col-index=\"3\"\n                    data-row-index=\"5\"\n                    style=\"                    padding:10px;\n                    \"\n                    >\n                                        0,85 \u20ac                    <\/td>\n                                        <\/tr>\n                            <tr class=\"wpdt-cell-row even\" >\n                                <td class=\"wpdt-cell wpdt-bc-D9D9D9\"\n                                            data-cell-id=\"A7\"\n                    data-col-index=\"0\"\n                    data-row-index=\"6\"\n                    style=\"                    padding:10px;\n                    \"\n                    >\n                                        \u00fcle 100 tk                    <\/td>\n                                                <td class=\"wpdt-cell wpdt-bc-D9D9D9 wpdt-bold wpdt-tc-F44336\"\n                                            data-cell-id=\"B7\"\n                    data-col-index=\"1\"\n                    data-row-index=\"6\"\n                    style=\"                    padding:10px;\n                    \"\n                    >\n                                        0,60 \u20ac                    <\/td>\n                                                <td class=\"wpdt-cell wpdt-bc-D9D9D9\"\n                                            data-cell-id=\"C7\"\n                    data-col-index=\"2\"\n                    data-row-index=\"6\"\n                    style=\"                    padding:10px;\n                    \"\n                    >\n                                        \u00fcle 100 tk                    <\/td>\n                                                <td class=\"wpdt-cell wpdt-bc-D9D9D9 wpdt-bold wpdt-tc-F44336\"\n                                            data-cell-id=\"D7\"\n                    data-col-index=\"3\"\n                    data-row-index=\"6\"\n                    style=\"                    padding:10px;\n                    \"\n                    >\n                                        0,80 \u20ac                    <\/td>\n                                        <\/tr>\n                    <\/table>\n<\/div><style id='wpdt-custom-style-1'>\n.wpdt-bc-D9D9D9 { background-color: #D9D9D9 !important;}\n.wpdt-bc-FFFFFF { background-color: #FFFFFF !important;}\n.wpdt-tc-F44336 { color: #F44336 !important;}\n<\/style>\n<\/p>\n<p><strong>K\u00f5ikidele hindadele lisandub k\u00e4ibemaks 24%.<\/strong><\/p>\n<p>Keilas on v\u00f5imalik m\u00e4rgimasinale ja m\u00e4rkidele\/magnetitele j\u00e4rgi tulla. Mujal Eestis lisandub postiteenustasu. Kasutamata m\u00e4rgi- ja magnetip\u00f5hjad oleme valmis tagasi ostma.<\/p>\n<p>Tellimuse tegemise aeg kuni 5 t\u00f6\u00f6p\u00e4eva p\u00e4rast kujunduse kinnitamist.<\/p>\n","protected":false},"excerpt":{"rendered":"<p>M\u00e4rgimasina rentimine &nbsp; Meil on 2 erinevat m\u00e4rgimasinat. Nende masinatega on v\u00e4ga lihtne endale ise valmistada kas rinnam\u00e4rke v\u00f5i k\u00fclmkapimagneteid. Nii m\u00e4rgid kui magnetid tulevad \u00fcmmargused \u00fche masinaga 38 mm diameetriga ja teise masinaga 50 mm diameetriga. Soovi korral anname tasuta kaasa paberp\u00f5hjad, mille peale saab ise joonistada v\u00f5i kirjutada enne m\u00e4rgi\/magneti valmistamist. &nbsp; Rendi hind: 25 \u20ac (24 h), iga j\u00e4rgnev p\u00e4ev: 15 \u20ac. M\u00e4rkide p\u00f5hjad: 0,40 \u20ac \/ tk, K\u00fclmkapimagnetite p\u00f5hjad: 0,65 \u20ac \/ tk. K\u00f5ikidele hindadele lisandub<\/p>\n","protected":false},"author":1,"featured_media":0,"parent":0,"menu_order":0,"comment_status":"closed","ping_status":"closed","template":"template-fullwidth.php","meta":{"ngg_post_thumbnail":0,"footnotes":""},"class_list":["post-1533","page","type-page","status-publish","hentry"],"jetpack_sharing_enabled":true,"_links":{"self":[{"href":"https:\/\/teehead.ee\/1\/index.php?rest_route=\/wp\/v2\/pages\/1533","targetHints":{"allow":["GET"]}}],"collection":[{"href":"https:\/\/teehead.ee\/1\/index.php?rest_route=\/wp\/v2\/pages"}],"about":[{"href":"https:\/\/teehead.ee\/1\/index.php?rest_route=\/wp\/v2\/types\/page"}],"author":[{"embeddable":true,"href":"https:\/\/teehead.ee\/1\/index.php?rest_route=\/wp\/v2\/users\/1"}],"replies":[{"embeddable":true,"href":"https:\/\/teehead.ee\/1\/index.php?rest_route=%2Fwp%2Fv2%2Fcomments&post=1533"}],"version-history":[{"count":5,"href":"https:\/\/teehead.ee\/1\/index.php?rest_route=\/wp\/v2\/pages\/1533\/revisions"}],"predecessor-version":[{"id":2816,"href":"https:\/\/teehead.ee\/1\/index.php?rest_route=\/wp\/v2\/pages\/1533\/revisions\/2816"}],"wp:attachment":[{"href":"https:\/\/teehead.ee\/1\/index.php?rest_route=%2Fwp%2Fv2%2Fmedia&parent=1533"}],"curies":[{"name":"wp","href":"https:\/\/api.w.org\/{rel}","templated":true}]}}