{"id":162,"date":"2015-08-04T15:32:28","date_gmt":"2015-08-04T12:32:28","guid":{"rendered":"http:\/\/teehead.ee\/1\/?page_id=162"},"modified":"2025-12-21T15:33:08","modified_gmt":"2025-12-21T13:33:08","slug":"arvutipiljardi-meistrivoistlused-2010","status":"publish","type":"page","link":"https:\/\/teehead.ee\/1\/?page_id=162","title":{"rendered":"Arvutipiljardi Meistriv\u00f5istlused 2010"},"content":{"rendered":"<div align=\"justify\"><span style=\"color: #008000; font-family: 'Comic Sans MS';\"><b>Arvupiljardi meistriv\u00f5istluste finaali j\u00f5udnuid autasustas&nbsp;<\/b><\/span><span class=\"ws18\" style=\"color: #008000; font-family: 'Comic Sans MS';\"><b>Karel R\u00fc\u00fctli!<\/b><\/span><\/div>\n<div align=\"right\"><span class=\"ws18\" style=\"color: #99cc00; font-family: 'Comic Sans MS';\"><b>&nbsp;<\/b><\/span><\/div>\n<div align=\"right\"><span class=\"ws18\" style=\"color: #99cc00; font-family: 'Comic Sans MS';\"><b>&nbsp;<\/b><\/span><\/div>\n<div align=\"center\"><span class=\"ws18\" style=\"color: #ff6600; font-family: 'Comic Sans MS';\"><b>Arvutipiljardi v\u00f5istluste finaalturniiri tulemused ja \u00fcldine paremusj\u00e4rjestus:<\/b><\/span><\/div>\n<div><span class=\"ws18\" style=\"color: #ff9900; font-family: 'Comic Sans MS';\"><b>&nbsp;<\/b><\/span><\/div>\n<div><span class=\"ws18\" style=\"color: #ffcc00; font-family: 'Comic Sans MS';\"><b>I koht &#8211; Oleg Ranna<\/b><\/span><\/div>\n<div><span class=\"ws14\" style=\"color: #c0c0c0; font-family: 'Comic Sans MS';\"><b>II koht &#8211; Jaak Halim\u00e4e<\/b><\/span><\/div>\n<div><span class=\"ws12\" style=\"color: #d26900; font-family: 'Comic Sans MS';\"><b>III koht &#8211; Taavi Ojasoo<\/b><\/span><\/div>\n<div><span style=\"color: #000000; font-family: 'Comic Sans MS';\">IV koht &#8211; K\u00e4tlin Pedajas<\/span><\/div>\n<div><span style=\"color: #000000; font-family: 'Comic Sans MS';\">V koht &#8211; Kaur Kaspar Kuusik<\/span><\/div>\n<div><span style=\"color: #000000; font-family: 'Comic Sans MS';\">VI koht &#8211; Rait Peedoson<\/span><\/div>\n<div><span style=\"color: #000000; font-family: 'Comic Sans MS';\">VII koht &#8211; Oleg Ranna<\/span><\/div>\n<div><span style=\"color: #000000; font-family: 'Comic Sans MS';\">VIII koht &#8211; Christer Kaardimets<\/span><\/div>\n<div><span style=\"color: #000000; font-family: 'Comic Sans MS';\">IX koht &#8211; Karel R\u00fc\u00fctel<\/span><\/div>\n<div><span style=\"color: #000000; font-family: 'Comic Sans MS';\">X koht &#8211; Indrek Ojamets<\/span><\/div>\n<div><span style=\"color: #000000; font-family: 'Comic Sans MS';\">XI koht &#8211; Silver Orgmets<\/span><\/div>\n<div><span style=\"color: #000000; font-family: 'Comic Sans MS';\">XII koht &#8211; Kaja Abel<\/span><\/div>\n<div><span style=\"color: #000000; font-family: 'Comic Sans MS';\">&nbsp;<\/span><\/div>\n<div><span style=\"color: #000000; font-family: 'Comic Sans MS';\">Finaalturniirile p\u00e4\u00e4sesid iga eelvooru kolm parimat. K\u00f5ik kohale tunud loositi kahte alagruppi. K\u00f5ik m\u00e4ngisidi alagrupi p\u00f5hiselt k\u00f5ikidega l\u00e4bi. Play-offidesse p\u00e4\u00e4ses 3 parimat kummastki alagrupist:<\/span><\/div>\n<div>&nbsp;<\/div>\n<div><a href=\"http:\/\/teehead.ee\/1\/wp-content\/uploads\/2015\/08\/new-1.jpg\"><img fetchpriority=\"high\" decoding=\"async\" class=\"aligncenter wp-image-703 size-full\" src=\"http:\/\/teehead.ee\/1\/wp-content\/uploads\/2015\/08\/new-1.jpg\" alt=\"new-1\" width=\"487\" height=\"158\"><\/a> <a href=\"http:\/\/teehead.ee\/1\/wp-content\/uploads\/2015\/08\/new-2.jpg\"><img decoding=\"async\" class=\"aligncenter wp-image-704 size-full\" src=\"http:\/\/teehead.ee\/1\/wp-content\/uploads\/2015\/08\/new-2.jpg\" alt=\"new-2\" width=\"420\" height=\"150\"><\/a><\/div>\n<div>&nbsp;<\/div>\n<div><span style=\"color: #000000; font-size: 12pt; font-family: 'comic sans ms', sans-serif;\">Play -offidesse mittep\u00e4\u00e4senud m\u00e4ngisid omavahel lohutusringis uuesti l\u00e4bi kahe v\u00f5iduni. Play offidesse p\u00e4\u00e4ses kaks parimat lohutusringist:<\/span><\/div>\n<div>&nbsp;<\/div>\n<div><a href=\"http:\/\/teehead.ee\/1\/wp-content\/uploads\/2015\/08\/new-3.jpg\"><img decoding=\"async\" class=\"aligncenter wp-image-705 size-full\" src=\"http:\/\/teehead.ee\/1\/wp-content\/uploads\/2015\/08\/new-3.jpg\" alt=\"new-3\" width=\"421\" height=\"165\"><\/a><\/div>\n<div>&nbsp;<\/div>\n<div><span style=\"color: #000000; font-size: 12pt; font-family: 'comic sans ms', sans-serif;\">Seej\u00e4rel m\u00e4ngiti play-off m\u00e4nge viie v\u00f5iduni. M\u00e4ngijad paigutati tabelisse vastavalt saadud kohale alagrupis v\u00f5i lohutusringis:<\/span><\/div>\n<div>&nbsp;<\/div>\n<div><a href=\"http:\/\/teehead.ee\/1\/wp-content\/uploads\/2015\/08\/paste61.jpg\"><img loading=\"lazy\" decoding=\"async\" class=\"aligncenter wp-image-706 size-full\" src=\"http:\/\/teehead.ee\/1\/wp-content\/uploads\/2015\/08\/paste61.jpg\" alt=\"paste6\" width=\"524\" height=\"203\"><\/a><\/div>\n<div>&nbsp;<\/div>\n<div>\n<div align=\"center\"><span class=\"ws18\" style=\"color: #ff0000; font-family: 'comic sans ms', sans-serif; font-size: 14pt;\"><b>Arvutipiljardi meistriv\u00f5istluste reglement:<\/b><\/span><\/div>\n<div align=\"justify\"><span style=\"font-family: 'Comic Sans MS';\">&nbsp;<\/span><\/div>\n<div align=\"justify\"><span class=\"ws36\" style=\"font-family: 'Comic Sans MS';\">A<\/span><span style=\"font-family: 'Comic Sans MS';\">rvutipiljardi meistriv\u00f5istlused (APM) korraldatakse eesm\u00e4rgiga leida Eesti parim arvutipiljardi m\u00e4ngija. Lisaks sellele pakume v\u00f5imalust virtuaalse piljardi m\u00e4ngijail omavahel ka reaalselt kohtuda. APM-ele saavad osalema tulla k\u00f5ik soovijad, samuti on m\u00e4nge j\u00e4lgima oodatud k\u00f5ik huvilised.<\/span><span style=\"color: #ff0000; font-family: 'Comic Sans MS';\"><b>M\u00e4ngud toimuvad <\/b><\/span><span style=\"font-family: 'Comic Sans MS';\"><b><a title=\"Playray\" href=\"http:\/\/www.playray.co.ee\/\">playray<\/a><\/b><\/span><span style=\"color: #ff0000; font-family: 'Comic Sans MS';\"><b> keskkonnas!<\/b><\/span><\/div>\n<div align=\"justify\"><span style=\"font-family: 'Comic Sans MS';\">&nbsp;<\/span><\/div>\n<div align=\"justify\"><span style=\"font-family: 'Comic Sans MS';\"><b>Eelvoorud toimuvad kaheksas linnas:<\/b><\/span><\/div>\n<div><span style=\"font-family: 'Comic Sans MS';\">11.07.2010 &#8211; algus 17:00 &#8211; Haapsalu linnuse hoovis (Lossiplats 3)<\/span><\/div>\n<div><span style=\"font-family: 'Comic Sans MS';\">13.07.2010 &#8211;&nbsp; algus 17:00 &#8211; P\u00e4rnu Kaubamajaka keskuse parklas (Papiniidu 8\/10)<\/span><\/div>\n<div><span style=\"font-family: 'Comic Sans MS';\">14.07.2010 &#8211;&nbsp; algus 17:00 &#8211; V\u00f5ru Kagu keskuse parklas (Kooli 6)<\/span><\/div>\n<div><span style=\"font-family: 'Comic Sans MS';\">15.07.2010 &#8211;&nbsp; algus 17:00 &#8211; Tartu L\u00f5una keskuse parklas (Ringtee 75)<\/span><\/div>\n<div><span style=\"font-family: 'Comic Sans MS';\">16.07.2010 &#8211;&nbsp; algus 17:00 &#8211; Paide Kultuurikeskuse parklas (P\u00e4rnu 18)<\/span><\/div>\n<div><span style=\"font-family: 'Comic Sans MS';\">17.07.2010 &#8211;&nbsp; algus 14:00 &#8211; Rakvere P\u00f5hja keskuses (Rakvere vald, T\u00f5rrem\u00e4e)<\/span><\/div>\n<div><span style=\"font-family: 'Comic Sans MS';\">18.07.2010 &#8211;&nbsp; algus 11:00 &#8211; Tallinn, Kuulsaali viiendal korrusel (Mere pst 6)<\/span><\/div>\n<div align=\"justify\"><span style=\"font-family: 'Comic Sans MS';\">&nbsp;<\/span><\/div>\n<div align=\"justify\"><span style=\"font-family: 'Comic Sans MS';\">&nbsp;<\/span><\/div>\n<div align=\"justify\"><span style=\"font-family: 'Comic Sans MS';\"><b>Finaal:<\/b><\/span><\/div>\n<div align=\"justify\"><span style=\"font-family: 'Comic Sans MS';\">18.07.2010 &#8211;&nbsp; algus 15:00 &#8211; Tallinn, Kuulsaali viiendal korrusel (Mere pst 6)<\/span><\/div>\n<div align=\"justify\"><span style=\"font-family: 'Comic Sans MS';\">&nbsp;<\/span><\/div>\n<div align=\"justify\"><span style=\"font-family: 'Comic Sans MS';\"><b>Registreerimine<\/b><\/span><\/div>\n<div align=\"justify\"><span style=\"font-family: 'Comic Sans MS';\">APM eelregistreerimine toimub kuni 05.07.2010. Eelregistreerides on osav\u00f5tumaks 25.- Kohapeal 35.- Registreerimiseks tuleb teha \u00fclekanne Heategevus\u00fching Hea Tegu MT\u00dc kontole 221024297762 (Swedbank) ning selgitusse kirjutada &#8220;APM osav\u00f5tumaks + eelvooru koht (Linn, millises eelvoorus soovitakse osaleda) + osaleja ees- ja perenimi&#8221; (kui \u00fclekande tegija ja osaleja on sama inimene, siis ei pea selgituses osaleja ees- ja perekonna nime olema). Eelregistreerunu peab kohapeal end registreerima v\u00e4hemalt 15 minutit enne v\u00f5istluse algust. Kohapealne registreerumine toimub 1 tund enne v\u00f5istluste algust ja kestab 55 minutit.<\/span><\/div>\n<div align=\"justify\"><span style=\"font-family: 'Comic Sans MS';\">10 Minutit ennem etapi algust, saavad soovijad soojendus m\u00e4nge teha.<\/span><\/div>\n<div align=\"justify\"><span style=\"font-family: 'Comic Sans MS';\">&nbsp;<\/span><\/div>\n<div align=\"justify\"><span style=\"font-family: 'Comic Sans MS';\"><b>V\u00f5istlusreeglid:<\/b><\/span><\/div>\n<div align=\"justify\"><span style=\"font-family: 'Comic Sans MS';\">&#8221;&nbsp;&nbsp;&nbsp; Esimese m\u00e4ngu alustaja loositakse, \u00fclej\u00e4\u00e4nud m\u00e4ngud alustatakse kordam\u00f6\u00f6da;<\/span><\/div>\n<div align=\"justify\"><span style=\"font-family: 'Comic Sans MS';\">&#8221; &nbsp;M\u00e4ngijate loos tabelisse toimub juhuse alusel, m\u00e4ngule esimesene kutsub vastase, m\u00e4ngu tabelis;<\/span><\/div>\n<div align=\"justify\"><span style=\"font-family: 'Comic Sans MS';\">&#8221;&nbsp;&nbsp;&nbsp; Lahtil\u00f6\u00f6k peab tabama kuuli nr.1;<\/span><\/div>\n<div align=\"justify\"><span style=\"font-family: 'Comic Sans MS';\">&#8221;&nbsp;&nbsp;&nbsp; Avangut sooritades tuleb asetada valge kuul portest v\u00e4hemalt \u00fche palli jagu eemale;<\/span><\/div>\n<div align=\"justify\"><span style=\"font-family: 'Comic Sans MS';\">&#8221;&nbsp;&nbsp;&nbsp; M\u00e4ngule kutsub esimesena turniiritabelis allapoole asetatud m\u00e4ngija;<\/span><\/div>\n<div align=\"justify\"><span style=\"font-family: 'Comic Sans MS';\">&#8221;&nbsp;&nbsp;&nbsp; Kui tekib vaidlus, tuleb minna uuele m\u00e4ngule;<\/span><\/div>\n<div align=\"justify\"><span style=\"font-family: 'Comic Sans MS';\">&#8221;&nbsp;&nbsp;&nbsp; Turniiril osaleja austab oma vastast ja kui juhtub kaotama, siis teeb seda v\u00e4\u00e4rikalt;<\/span><\/div>\n<div align=\"justify\"><span style=\"font-family: 'Comic Sans MS';\">&#8221;&nbsp;&nbsp;&nbsp; Vastasm\u00e4ngija peab saama v\u00e4hemalt \u00fche l\u00f6\u00f6gikorra, vastasel juhul m\u00e4ngu ei arvestata;<\/span><\/div>\n<div align=\"justify\"><span style=\"font-family: 'Comic Sans MS';\">&#8221;&nbsp;&nbsp;&nbsp; M\u00e4ngu seisukohast &#8220;EBAOLULINE JUTT&#8221; toob endaga kaasa kaotuse, kui m\u00e4ngija esitab protesti ja kohtunik rahuldab selle;<\/span><\/div>\n<div align=\"justify\"><span style=\"font-family: 'Comic Sans MS';\">&#8221;&nbsp;&nbsp;&nbsp; Kui lubamatu l\u00f6\u00f6gi t\u00f5ttu m\u00e4ngija v\u00f5idab, siis l\u00e4heb v\u00f5it vastasele;<\/span><\/div>\n<div align=\"justify\"><span style=\"font-family: 'Comic Sans MS';\">&#8221;&nbsp;&nbsp;&nbsp; M\u00e4nguajaks m\u00e4rgitakse 2 minutit;<\/span><\/div>\n<div align=\"justify\"><span style=\"font-family: 'Comic Sans MS';\">&#8221;&nbsp;&nbsp;&nbsp; Alagrupim\u00e4ngudes m\u00e4ngitakse kaks m\u00e4ngu, play offides vastavalt kahe, kolme v\u00f5i viie v\u00f5iduni (vaata &#8220;Play off selgitused&#8221;);<\/span><\/div>\n<div align=\"justify\"><span style=\"font-family: 'Comic Sans MS';\">&#8221;&nbsp;&nbsp;&nbsp; Omadeks kuulideks saavad need kuulid, mida m\u00e4ngija l\u00f6\u00f6b auku esimesena. Must kuul on oma kuul alles siis, kui k\u00f5ik omad kuulid on augus.<\/span><\/div>\n<div align=\"justify\"><span style=\"font-family: 'Comic Sans MS';\">&nbsp;<\/span><\/div>\n<div align=\"justify\"><span style=\"font-family: 'Comic Sans MS';\">V\u00f5istlejad loositakse kohapeal nelja alagruppi, kus k\u00f5ik m\u00e4ngivad k\u00f5ikidega kaks m\u00e4ngu. Iga m\u00e4ngu v\u00f5it annab 1 punkti. Kui edasip\u00e4\u00e4sejate selgitamisel j\u00e4\u00e4vad punktid viiki, siis saab otsustavaks omavaheliste m\u00e4ngude tulemus. Kui see j\u00e4i viiki, tehakse \u00fcks kordusm\u00e4ng.&nbsp; Play offidesse p\u00e4\u00e4seb iga alagrupi neli parimat m\u00e4ngijat.<\/span><\/div>\n<div align=\"justify\"><span style=\"font-family: 'Comic Sans MS';\">&nbsp;<\/span><\/div>\n<div align=\"justify\"><span style=\"font-family: 'Comic Sans MS';\"><b>Playoffide selgitus:<\/b><\/span><\/div>\n<div align=\"justify\"><span style=\"font-family: 'Comic Sans MS';\">Play offe m\u00e4ngitakse 3 v\u00f5iduni, poolfinaalid 5 ning finaal 5 v\u00f5iduni. Vastased saadakse endale j\u00e4rgnevalt: A alagrupi v\u00f5itja l\u00e4heb kokku B alagrupi neljandaga,&nbsp; B alagrupi v\u00f5itja l\u00e4heb kokku A alagrupi neljandaga, C alagrupi v\u00f5itja l\u00e4heb kokku D alagrupi neljandaga, D alagrupi v\u00f5itja l\u00e4heb kokku C alagrupi neljandaga, A alagrupi teine l\u00e4heb kokku C alagrupi kolmandaga, B alagrupi teine l\u00e4heb kokku D alagrupi kolmandaga, C alagrupi teine l\u00e4heb kokku A alagrupi kolmandaga ning D alagrupi teine l\u00e4heb kokku B alagrupi kolmandaga.<\/span><\/div>\n<div align=\"justify\"><span style=\"font-family: 'Comic Sans MS';\">&nbsp;<\/span><\/div>\n<div align=\"justify\"><span style=\"font-family: 'Comic Sans MS';\"><b>Finaalv\u00f5istlus<\/b><\/span><\/div>\n<div align=\"justify\"><span style=\"font-family: 'Comic Sans MS';\">Finaalv\u00f5istlusele p\u00e4\u00e4sevad iga eelvooru 3 parimat. V\u00f5istlejad loositakse alagruppidesse. Kui keegi finalistidest ei saabu v\u00f5istlusp\u00e4evaks v\u00f5istluskohta, m\u00e4rgitakse tema vastastele m\u00e4ngude tulemuseks 2:0. K\u00f5ikide finalistide transpordikulud kaetakse korraldajate poolt \u00fche inimese bussipileti v\u00e4\u00e4rtuses eelvooru asukohast Tallinna ning tagasi bussipileti v\u00f5i k\u00fctuse tseki esitamise korral.<\/span><\/div>\n<div align=\"justify\"><span style=\"font-family: 'Comic Sans MS';\">Kohe p\u00e4rast Eesti parima arvutpiljardi m\u00e4ngija selgumist algab pidulikum osa, kus t\u00e4natakse k\u00f5iki osalejaid. Erinevate sponsorite kaasabil auhinnatakse k\u00f5iki finaalturniirile j\u00f5udnuid.<\/span><\/div>\n<div align=\"justify\"><span style=\"font-family: 'Comic Sans MS';\">&nbsp;<\/span><\/div>\n<div align=\"justify\"><span style=\"font-family: 'Comic Sans MS';\">&nbsp;<\/span><\/div>\n<div align=\"justify\"><span style=\"font-family: 'Comic Sans MS';\">&nbsp;<\/span><\/div>\n<div style=\"text-align: center;\" align=\"justify\"><span style=\"font-family: 'comic sans ms', sans-serif; font-size: 14pt; color: #ff0000;\"><b>T\u00e4name k\u00f5iki projekti sponsoreid!<\/b><\/span><\/div>\n<\/div>\n<div>&nbsp;<\/div>\n<div>&nbsp;<\/div>\n<div>&nbsp;<\/div>\n<div>&nbsp;<\/div>\n<div>&nbsp;<\/div>\n<div>&nbsp;<\/div>\n<div>&nbsp;<\/div>\n<div>&nbsp;<\/div>\n","protected":false},"excerpt":{"rendered":"<p>Arvupiljardi meistriv\u00f5istluste finaali j\u00f5udnuid autasustas&nbsp;Karel R\u00fc\u00fctli! &nbsp; &nbsp; Arvutipiljardi v\u00f5istluste finaalturniiri tulemused ja \u00fcldine paremusj\u00e4rjestus: &nbsp; I koht &#8211; Oleg Ranna II koht &#8211; Jaak Halim\u00e4e III koht &#8211; Taavi Ojasoo IV koht &#8211; K\u00e4tlin Pedajas V koht &#8211; Kaur Kaspar Kuusik VI koht &#8211; Rait Peedoson VII koht &#8211; Oleg Ranna VIII koht &#8211; Christer Kaardimets IX koht &#8211; Karel R\u00fc\u00fctel X koht &#8211; Indrek Ojamets XI koht &#8211; Silver Orgmets XII koht &#8211; Kaja Abel &nbsp; Finaalturniirile p\u00e4\u00e4sesid<\/p>\n","protected":false},"author":1,"featured_media":0,"parent":23,"menu_order":102,"comment_status":"closed","ping_status":"closed","template":"","meta":{"ngg_post_thumbnail":0,"footnotes":""},"class_list":["post-162","page","type-page","status-publish","hentry"],"jetpack_sharing_enabled":true,"_links":{"self":[{"href":"https:\/\/teehead.ee\/1\/index.php?rest_route=\/wp\/v2\/pages\/162","targetHints":{"allow":["GET"]}}],"collection":[{"href":"https:\/\/teehead.ee\/1\/index.php?rest_route=\/wp\/v2\/pages"}],"about":[{"href":"https:\/\/teehead.ee\/1\/index.php?rest_route=\/wp\/v2\/types\/page"}],"author":[{"embeddable":true,"href":"https:\/\/teehead.ee\/1\/index.php?rest_route=\/wp\/v2\/users\/1"}],"replies":[{"embeddable":true,"href":"https:\/\/teehead.ee\/1\/index.php?rest_route=%2Fwp%2Fv2%2Fcomments&post=162"}],"version-history":[{"count":5,"href":"https:\/\/teehead.ee\/1\/index.php?rest_route=\/wp\/v2\/pages\/162\/revisions"}],"predecessor-version":[{"id":2823,"href":"https:\/\/teehead.ee\/1\/index.php?rest_route=\/wp\/v2\/pages\/162\/revisions\/2823"}],"up":[{"embeddable":true,"href":"https:\/\/teehead.ee\/1\/index.php?rest_route=\/wp\/v2\/pages\/23"}],"wp:attachment":[{"href":"https:\/\/teehead.ee\/1\/index.php?rest_route=%2Fwp%2Fv2%2Fmedia&parent=162"}],"curies":[{"name":"wp","href":"https:\/\/api.w.org\/{rel}","templated":true}]}}