{"id":171,"date":"2015-08-04T15:36:52","date_gmt":"2015-08-04T12:36:52","guid":{"rendered":"http:\/\/teehead.ee\/1\/?page_id=171"},"modified":"2025-12-21T15:30:40","modified_gmt":"2025-12-21T13:30:40","slug":"arvutipiljardi-meistrivoistlused-2011","status":"publish","type":"page","link":"https:\/\/teehead.ee\/1\/?page_id=171","title":{"rendered":"Arvutipiljardi Meistriv\u00f5istlused 2011"},"content":{"rendered":"<div align=\"center\"><span class=\"ws18\" style=\"color: #ff0000; font-family: Jokerman;\"><b>Arvutipiljardi meistriv\u00f5istluste reglement:<\/b><\/span><\/div>\n<div align=\"justify\"><span style=\"font-family: 'Comic Sans MS';\">&nbsp;<\/span><\/div>\n<div align=\"justify\"><span class=\"ws36\" style=\"font-family: 'Comic Sans MS';\">A<\/span><span style=\"font-family: 'Comic Sans MS';\">rvutipiljardi meistriv\u00f5istlused (APM) korraldatakse eesm\u00e4rgiga leida Eesti parim arvutipiljardi m\u00e4ngija. Lisaks sellele pakume v\u00f5imalust virtuaalse piljardi m\u00e4ngijail omavahel ka reaalselt kohtuda. APM-ele saavad osalema tulla k\u00f5ik soovijad, samuti on m\u00e4nge j\u00e4lgima oodatud k\u00f5ik huvilised.<\/span><span style=\"color: #ff0000; font-family: 'Comic Sans MS';\"><b>M\u00e4ngud toimuvad <\/b><\/span><span style=\"font-family: 'Comic Sans MS';\"><b><a title=\"Playforia\" href=\"http:\/\/ee.playforia.com\/mangi\/piljard\/pool\/\">playforia<\/a><\/b><\/span><span style=\"color: #ff0000; font-family: 'Comic Sans MS';\"><b> keskkonnas!<\/b><\/span><\/div>\n<div align=\"justify\"><span style=\"font-family: 'Comic Sans MS';\">&nbsp;<\/span><\/div>\n<div align=\"justify\"><span style=\"font-family: 'Comic Sans MS';\">APM v\u00f5istluse v\u00f5itja peaauhinnaks on k\u00e4esoleva aasta suurs\u00fcndmuse<\/span><span style=\"font-family: 'Comic Sans MS';\"><a title=\"Kokkutulek\" href=\"http:\/\/www.kokkutulek.eu\/\">KOKKUTULEKU<\/a><\/span><span style=\"font-family: 'Comic Sans MS';\"> Uuno lava pass kahele (hakka Kokkutuleku f\u00e4nniks<\/span><span style=\"font-family: 'Comic Sans MS';\"><a title=\"Kokkutulek\" href=\"http:\/\/www.facebook.com\/pages\/Kokkutulek\/137250996324802?ref=mf&amp;sk=wall#!\/pages\/Kokkutulek\/137250996324802\">facebookis<\/a><\/span><span style=\"font-family: 'Comic Sans MS';\">)!<\/span><\/div>\n<div align=\"justify\"><span style=\"font-family: 'Comic Sans MS';\">&nbsp;<\/span><\/div>\n<div><span style=\"font-family: 'Comic Sans MS';\"><b>Asukoht:<\/b><\/span><\/div>\n<div><span style=\"font-family: 'Comic Sans MS';\">V\u00f5istlused toimuvad Tallinna Pol\u00fctehnikumi ruumes, aadressil P\u00e4rnu mnt. 57.<\/span><\/div>\n<div><span style=\"font-family: 'Comic Sans MS';\">&nbsp;<\/span><\/div>\n<div align=\"justify\"><span style=\"font-family: 'Comic Sans MS';\"><b>Ajakava:<\/b><\/span><\/div>\n<div><span style=\"font-family: 'Comic Sans MS';\"><b>28.05.2011<\/b><\/span><\/div>\n<div><span style=\"font-family: 'Comic Sans MS';\">10:30 &#8211; APM-le registreerimine<\/span><\/div>\n<div><span style=\"font-family: 'Comic Sans MS';\">11:00 &#8211; APM-i algus<\/span><\/div>\n<div><span style=\"font-family: 'Comic Sans MS';\">18:00 &#8211; APM-i autasustamine<\/span><\/div>\n<div><span style=\"font-family: 'Comic Sans MS';\">&nbsp;<\/span><\/div>\n<div align=\"justify\"><span style=\"font-family: 'Comic Sans MS';\"><b>Registreerimine<\/b><\/span><\/div>\n<div align=\"justify\"><span style=\"font-family: 'Comic Sans MS';\">APM-lt osav\u00f5tumine on tasuta. Registreerimine toimub pool tundi enne v\u00f5istluse algust. Registreerimine l\u00f5ppeb kell 11.00, misj\u00e4rel suletakse kooli uksed ning enam ei ole v\u00f5imalik kellelgi osalema ega pealt vaatama tulla.<\/span><\/div>\n<div align=\"justify\"><span style=\"font-family: 'Comic Sans MS';\">&nbsp;<\/span><\/div>\n<div align=\"justify\"><span style=\"font-family: 'Comic Sans MS';\"><b>V\u00f5istlusreeglid:<\/b><\/span><\/div>\n<div align=\"justify\"><span style=\"font-family: 'Comic Sans MS';\"><u>Alagrupid ja play-offid:<\/u><\/span><\/div>\n<ul>\n<li><span style=\"font-family: 'Comic Sans MS';\">29 ja enama registreerujaga v\u00f5istluse korral loositakse v\u00f5istlejad 6 alagruppi, k\u00f5ik m\u00e4ngivad alagrupi p\u00f5hiselt omavahel l\u00e4bi, play-offidesse p\u00e4\u00e4seb iga alagrupi 2 parimat + k\u00f5ikide alagruppide kolmandad kohad m\u00e4ngivad omavahel l\u00e4bi, neist p\u00e4seb play-offidesse 4 parimat;<\/span><\/li>\n<li>20-28 registreerujaga v\u00f5istluse korral loositakse v\u00f5istlejad 4 alagruppi, k\u00f5ik m\u00e4ngivad alagrupi p\u00f5hiselt omavahel l\u00e4bi, play-offidesse p\u00e4\u00e4seb iga alagrupi 4 parimat;<\/li>\n<li><span style=\"font-family: 'Comic Sans MS';\">17-20 registreerujaga v\u00f5istluse korral loositakse v\u00f5istlejad 2 alagruppi, k\u00f5ik m\u00e4ngivad alagrupi p\u00f5hiselt omavahel l\u00e4bi, play-offidesse p\u00e4\u00e4seb kummagi alagrupi 8 parimat;<\/span><\/li>\n<li><span style=\"font-family: 'Comic Sans MS';\">16 registreerujaga v\u00f5istluse korral loositakse v\u00f5istlejad 2 alagruppi, k\u00f5ik m\u00e4ngivad alagrupi p\u00f5hiselt omavahel l\u00e4bi, play-offidesse p\u00e4\u00e4sevad k\u00f5ik v\u00f5istlejad;<\/span><\/li>\n<li><span style=\"font-family: 'Comic Sans MS';\">11-15 registreerujaga v\u00f5istluse korral loositakse v\u00f5istlejad 2 alagruppi, k\u00f5ik m\u00e4ngivad alagrupi p\u00f5hiselt omavahel l\u00e4bi, play-offidesse p\u00e4\u00e4seb kummagi alagrupi 4 parimat;<\/span><\/li>\n<li><span style=\"font-family: 'Comic Sans MS';\">kuni 10 registreerujaga v\u00f5istluse korral m\u00e4ngivad k\u00f5ik v\u00f5istlejad omavahel l\u00e4bi, play-offidesse p\u00e4\u00e4seb 8 parimat.<\/span><\/li>\n<\/ul>\n<div><span style=\"font-family: 'Comic Sans MS';\">&nbsp;<\/span><\/div>\n<div><span style=\"font-family: 'Comic Sans MS';\"><u>PLay-offide asetus<\/u><\/span><\/div>\n<ul>\n<li><span style=\"color: #ff0000; font-family: 'Comic Sans MS';\">1. alagrupi korral:<\/span><\/li>\n<\/ul>\n<ol>\n<li value=\"1\"><span style=\"font-family: 'Comic Sans MS';\">1. koht m\u00e4ngib 8. kohaga;<\/span><\/li>\n<li value=\"2\"><span style=\"font-family: 'Comic Sans MS';\">4. koht m\u00e4ngib 5. kohaga;<\/span><\/li>\n<li value=\"3\"><span style=\"font-family: 'Comic Sans MS';\">3. koht m\u00e4ngib 6. kohaga;<\/span><\/li>\n<li value=\"4\"><span style=\"font-family: 'Comic Sans MS';\">2. koht m\u00e4ngib 7. kohaga.<\/span><\/li>\n<\/ol>\n<ul>\n<li><span style=\"color: #ff0000; font-family: 'Comic Sans MS';\">2. alagrupi korral (8 m\u00e4ngijat):<\/span><\/li>\n<\/ul>\n<ol>\n<li value=\"1\"><span style=\"color: #000000; font-family: 'Comic Sans MS';\">a alagrupi 1. koht m\u00e4ngib b alagrupi 4. kohaga;<\/span><\/li>\n<li value=\"2\"><span style=\"color: #000000; font-family: 'Comic Sans MS';\">b alagrupi 2. koht m\u00e4ngib a alagrupi 3. kohaga;<\/span><\/li>\n<li value=\"3\"><span style=\"color: #000000; font-family: 'Comic Sans MS';\">a alagrupi 2. koht m\u00e4ngib b alagrupi 3. kohaga;<\/span><\/li>\n<li value=\"4\"><span style=\"color: #000000; font-family: 'Comic Sans MS';\">b alagrupi 1. koht m\u00e4ngib a alagrupi 4. kohaga.<\/span><\/li>\n<\/ol>\n<ul>\n<li><span style=\"color: #ff0000; font-family: 'Comic Sans MS';\">2. alagrupi korral (16 m\u00e4ngijat):<\/span><\/li>\n<\/ul>\n<ol>\n<li value=\"1\"><span style=\"color: #000000; font-family: 'Comic Sans MS';\">a alagrupi 1. koht m\u00e4ngib b alagrupi 8. kohaga;<\/span><\/li>\n<li value=\"2\"><span style=\"color: #000000; font-family: 'Comic Sans MS';\">b alagrupi 4. koht m\u00e4ngib a alagrupi 5. kohaga;<\/span><\/li>\n<li value=\"3\"><span style=\"color: #000000; font-family: 'Comic Sans MS';\">a alagrupi 3. koht m\u00e4ngib b alagrupi 6. kohaga;<\/span><\/li>\n<li value=\"4\"><span style=\"color: #000000; font-family: 'Comic Sans MS';\">b alagrupi 2. koht m\u00e4ngib a alagrupi 7. kohaga;<\/span><\/li>\n<li value=\"5\"><span style=\"color: #000000; font-family: 'Comic Sans MS';\">a alagrupi 2. koht m\u00e4ngib b alagrupi 7. kohaga;<\/span><\/li>\n<li value=\"6\"><span style=\"color: #000000; font-family: 'Comic Sans MS';\">b alagrupi 3. koht m\u00e4ngib a alagrupi 6. kohaga;<\/span><\/li>\n<li value=\"7\"><span style=\"color: #000000; font-family: 'Comic Sans MS';\">a alagrupi 4. koht m\u00e4ngib b alagrupi 5. kohaga;<\/span><\/li>\n<li value=\"8\"><span style=\"color: #000000; font-family: 'Comic Sans MS';\">b alagrupi 1. koht m\u00e4ngib a alagrupi 8. kohaga.<\/span><\/li>\n<\/ol>\n<ul>\n<li><span style=\"color: #ff0000; font-family: 'Comic Sans MS';\">4. alagrupi korral<\/span><\/li>\n<\/ul>\n<ol>\n<li value=\"1\"><span style=\"color: #000000; font-family: 'Comic Sans MS';\">a alagrupi 1. koht m\u00e4ngib b alagrupi 4. kohaga;<\/span><\/li>\n<li value=\"2\"><span style=\"color: #000000; font-family: 'Comic Sans MS';\">c alagrupi 2. koht m\u00e4ngib d alagrupi 3. kohaga;<\/span><\/li>\n<li value=\"3\"><span style=\"color: #000000; font-family: 'Comic Sans MS';\">b alagrupi 1. koht m\u00e4ngib c alagrupi 4. kohaga;<\/span><\/li>\n<li value=\"4\"><span style=\"color: #000000; font-family: 'Comic Sans MS';\">d alagrupi 2. koht m\u00e4ngib a alagrupi 3. kohaga;<\/span><\/li>\n<li value=\"5\"><span style=\"color: #000000; font-family: 'Comic Sans MS';\">c alagrupi 1. koht m\u00e4ngib d alagrupi 4. kohaga;<\/span><\/li>\n<li value=\"6\"><span style=\"color: #000000; font-family: 'Comic Sans MS';\">a alagrupi 2. koht m\u00e4ngib b alagrupi 3. kohaga;<\/span><\/li>\n<li value=\"7\"><span style=\"color: #000000; font-family: 'Comic Sans MS';\">d alagrupi 1. koht m\u00e4ngib a alagrupi 4. kohaga;<\/span><\/li>\n<li value=\"8\"><span style=\"color: #000000; font-family: 'Comic Sans MS';\">b alagrupi 2. koht m\u00e4ngib c alagrupi 3. kohaga.<\/span><\/li>\n<\/ol>\n<ul>\n<li><span style=\"color: #ff0000; font-family: 'Comic Sans MS';\">6. alagrupi korral<\/span><\/li>\n<\/ul>\n<ol>\n<li value=\"1\"><span style=\"color: #000000; font-family: 'Comic Sans MS';\">a alagrupi 1. koht m\u00e4ngib lohutusringi 4. kohaga;<\/span><\/li>\n<li value=\"2\"><span style=\"color: #000000; font-family: 'Comic Sans MS';\">b alagrupi 1. koht m\u00e4ngib e alagrupi 2. kohaga;<\/span><\/li>\n<li value=\"3\"><span style=\"color: #000000; font-family: 'Comic Sans MS';\">c alagrupi 1. koht m\u00e4ngib lohutusringi 1. kohaga;<\/span><\/li>\n<li value=\"4\"><span style=\"color: #000000; font-family: 'Comic Sans MS';\">d alagrupi 2. koht m\u00e4ngib f alagrupi 2. kohaga;<\/span><\/li>\n<li value=\"5\"><span style=\"color: #000000; font-family: 'Comic Sans MS';\">d alagrupi 1. koht m\u00e4ngib lohutusringi 2. kohaga;<\/span><\/li>\n<li value=\"6\"><span style=\"color: #000000; font-family: 'Comic Sans MS';\">e alagrupi 1. koht m\u00e4ngib b alagrupi 2. kohaga<\/span><\/li>\n<li value=\"7\"><span style=\"color: #000000; font-family: 'Comic Sans MS';\">f alagrupi 1. koht m\u00e4ngb lohutusringi 3. kohaga;<\/span><\/li>\n<li value=\"8\"><span style=\"color: #000000; font-family: 'Comic Sans MS';\">a alagrupi 2 koht m\u00e4ngib c alagrupi 2. kohaga.<\/span><\/li>\n<\/ol>\n<div align=\"justify\"><span style=\"color: #000000; font-family: 'Comic Sans MS';\">&nbsp;<\/span><\/div>\n<div><span style=\"font-family: 'Comic Sans MS';\">&nbsp;<\/span><\/div>\n<div><span style=\"font-family: 'Comic Sans MS';\"><u>\u00dcldreeglid<\/u><\/span><\/div>\n<ul>\n<li><span style=\"font-family: 'Comic Sans MS';\">Saavutamaks maksimaalselt v\u00f5rseid tingimusi k\u00f5ikidele v\u00f5istlustest osalejatele m\u00e4ngivad k\u00f5ik osalejad \u00fche suuruste monitooridega arvutite taga (ka sama resolutsiooniga), keelatud on k\u00f5iksugused lisa-abivahendid (n\u00e4iteks oma hiirjne);<\/span><\/li>\n<li><span style=\"font-family: 'Comic Sans MS';\">Esimese m\u00e4ngu alustaja loositakse, \u00fclej\u00e4\u00e4nud m\u00e4ngud alustatakse kordam\u00f6\u00f6da;<\/span><\/li>\n<li><span style=\"font-family: 'Comic Sans MS';\">M\u00e4ngijate loos tabelisse toimub juhuse alusel;<\/span><\/li>\n<li><span style=\"font-family: 'Comic Sans MS';\">M\u00e4ngule kutsub esimesena turniiritabelis allapoole asetatud m\u00e4ngija;<\/span><\/li>\n<li><span style=\"font-family: 'Comic Sans MS';\">Kui tekib vaidlus, tuleb minna uuele m\u00e4ngule;<\/span><\/li>\n<li><span style=\"font-family: 'Comic Sans MS';\">Vastasm\u00e4ngija peab saama v\u00e4hemalt \u00fche l\u00f6\u00f6gikorra, vastasel juhul m\u00e4ngu ei arvestata;<\/span><\/li>\n<li><span style=\"font-family: 'Comic Sans MS';\">Kui lubamatu l\u00f6\u00f6gi t\u00f5ttu m\u00e4ngija v\u00f5idab, siis l\u00e4heb v\u00f5it vastasele;<\/span><\/li>\n<li><span style=\"font-family: 'Comic Sans MS';\">M\u00e4nguajaks m\u00e4rgitakse 1 minut;<\/span><\/li>\n<li><span style=\"font-family: 'Comic Sans MS';\">Kui valge kuul puutub esimesena vastase kuuli, siis tuleb vastasele anda k\u00e4sipall (nn &#8220;vaba&#8221;);<\/span><\/li>\n<li><span style=\"font-family: 'Comic Sans MS';\">Kui lubamatu l\u00f6\u00f6gi t\u00f5ttu m\u00e4ngija v\u00f5idab, siis l\u00e4heb v\u00f5it vastasele;<\/span><\/li>\n<li><span style=\"font-family: 'Comic Sans MS';\">Kui valge kuul ei puutu laual \u00fchtegi kuuli, tuleb anda vastasele k\u00e4sipall (nn &#8220;vaba&#8221;);<\/span><\/li>\n<li><span style=\"font-family: 'Comic Sans MS';\">Alagrupi m\u00e4ngudes m\u00e4ngitakse kaks m\u00e4ngu, play offides kolme v\u00f5iduni;<\/span><\/li>\n<li><span style=\"font-family: 'Comic Sans MS';\">Omadeks kuulideks saavad need kuulid, mida m\u00e4ngija l\u00f6\u00f6b auku esimesena. Must kuul on oma kuul alles siis, kui k\u00f5ik omad kuulid on augus;<\/span><\/li>\n<li><span style=\"font-family: 'Comic Sans MS';\">Kui m\u00e4ngija ei ole tema m\u00e4nguaja alguseks valmis m\u00e4ngu alustama, siis antakse 5 minutise ooteaja l\u00f5ppedes vastasele loobumisv\u00f5it;<\/span><\/li>\n<li><span style=\"color: #000000; font-family: 'Comic Sans MS';\"><b>Kuna v\u00f5istlused toimuvad kooli territooriumil on rangelt keelatud k\u00f5ikidel v\u00f5istlejatel kooli territooriumil suitsetamine ja\/v\u00f5i alkoholi tarbimine (rikkumise korral saab v\u00f5istleja koheselt disklafi)<\/b><\/span><\/li>\n<\/ul>\n<div align=\"justify\"><span style=\"font-family: 'Comic Sans MS';\">&nbsp;<\/span><\/div>\n<div align=\"justify\"><span style=\"font-family: 'Comic Sans MS';\">K\u00f5ik v\u00f5istlejad on oodatud kohe p\u00e4rast v\u00f5istluste l\u00f5ppemist afterpartyle, mis toimub N\u00f5mme ujula vahetusl\u00e4heduses (eramaja hoovis). PLaanis on grillida ja arutleda, mis l\u00e4ks kogu \u00fcrituse juures h\u00e4sti ja mida v\u00f5iks j\u00e4rgmisel aastal muuta. Lisaks on k\u00f5igil v\u00f5istlejail v\u00f5imalus \u00f6\u00f6bida samas kohas 27.05. vastu 28.05 ja\/v\u00f5i 28.05 vastu 29.05. Selleks palun eelnevalt teada anda aadressil apm@teehead.ee.<\/span><\/div>\n<div align=\"justify\"><span style=\"font-family: 'Comic Sans MS';\">&nbsp;<\/span><\/div>\n<div align=\"justify\">&nbsp;<\/div>\n<div align=\"justify\">\n<div id=\"text5\">\n<div class=\"wpmd\">\n<div align=\"center\"><span class=\"ws18\" style=\"color: #008000; font-family: Jokerman;\"><b>Osalejad ja tulemused:<\/b><\/span><\/div>\n<div><span class=\"ws12\" style=\"color: #000000; font-family: 'Comic Sans MS';\"><b>&nbsp;<\/b><\/span><\/div>\n<div><span class=\"ws12\" style=\"color: #000000; font-family: 'Comic Sans MS';\"><b>Osaleja &#8211; h\u00fc\u00fcdnimi<\/b><\/span><\/div>\n<div><span class=\"ws12\" style=\"color: #000000; font-family: 'Comic Sans MS';\">Rait Peedoson &#8211; Rait<\/span><\/div>\n<div><span class=\"ws12\" style=\"color: #000000; font-family: 'Comic Sans MS';\">K\u00e4tlin Pedajas &#8211; neiukene<\/span><\/div>\n<div><span class=\"ws12\" style=\"color: #000000; font-family: 'Comic Sans MS';\">Toomas Tamm &#8211; Monte17<\/span><\/div>\n<div><span class=\"ws12\" style=\"color: #000000; font-family: 'Comic Sans MS';\">Vallo-Andreas Halllik &#8211; fil<\/span><\/div>\n<div><span class=\"ws12\" style=\"color: #000000; font-family: 'Comic Sans MS';\">Aap Andreas Rebas &#8211; NEP-QUiT<\/span><\/div>\n<div><span class=\"ws12\" style=\"color: #000000; font-family: 'Comic Sans MS';\">Karl&nbsp; Selter &#8211; NEP-d!sc0<\/span><\/div>\n<div><span class=\"ws12\" style=\"color: #000000; font-family: 'Comic Sans MS';\">Rene Luik &#8211; Dammu<\/span><\/div>\n<div><span class=\"ws12\" style=\"color: #000000; font-family: 'Comic Sans MS';\">Jaak Hallim\u00e4e &#8211; Death_Warrior<\/span><\/div>\n<div><span class=\"ws12\" style=\"color: #000000; font-family: 'Comic Sans MS';\">Indrek Ojamets &#8211; ints12<\/span><\/div>\n<div><span class=\"ws12\" style=\"color: #000000; font-family: 'Comic Sans MS';\">&nbsp;<\/span><\/div>\n<div><span class=\"ws12\" style=\"color: #000000; font-family: 'Comic Sans MS';\"><b>&nbsp;<\/b><\/span><\/div>\n<div><span class=\"ws12\" style=\"color: #000000; font-family: 'Comic Sans MS';\"><b><img decoding=\"async\" class=\"aligncenter size-medium wp-image-693\" src=\"http:\/\/teehead.ee\/1\/wp-content\/uploads\/2015\/08\/paste9-300x137.jpg\" alt=\"paste9\" width=\"300\" height=\"137\" srcset=\"https:\/\/teehead.ee\/1\/wp-content\/uploads\/2015\/08\/paste9-300x137.jpg 300w, https:\/\/teehead.ee\/1\/wp-content\/uploads\/2015\/08\/paste9.jpg 586w\" sizes=\"(max-width: 300px) 100vw, 300px\" \/><img fetchpriority=\"high\" decoding=\"async\" class=\"aligncenter size-medium wp-image-694\" src=\"http:\/\/teehead.ee\/1\/wp-content\/uploads\/2015\/08\/paste11-300x190.jpg\" alt=\"paste11\" width=\"300\" height=\"190\" srcset=\"https:\/\/teehead.ee\/1\/wp-content\/uploads\/2015\/08\/paste11-300x190.jpg 300w, https:\/\/teehead.ee\/1\/wp-content\/uploads\/2015\/08\/paste11.jpg 344w\" sizes=\"(max-width: 300px) 100vw, 300px\" \/><img decoding=\"async\" class=\"aligncenter size-medium wp-image-695\" src=\"http:\/\/teehead.ee\/1\/wp-content\/uploads\/2015\/08\/paste12.jpg\" alt=\"paste12\" width=\"188\" height=\"74\"><img loading=\"lazy\" decoding=\"async\" class=\"aligncenter size-medium wp-image-696\" src=\"http:\/\/teehead.ee\/1\/wp-content\/uploads\/2015\/08\/paste13.jpg\" alt=\"paste13\" width=\"260\" height=\"145\"><br \/>\n<\/b><\/span><\/div>\n<div><span class=\"ws12\" style=\"color: #000000; font-family: 'Comic Sans MS';\"><b>&nbsp;<\/b><\/span><\/div>\n<div><span class=\"ws12\" style=\"color: #000000; font-family: 'Comic Sans MS';\"><b>&nbsp;<\/b><\/span><\/div>\n<div><span class=\"ws18\" style=\"color: #ff0000; font-family: 'Comic Sans MS';\"><b>L\u00f5ppj\u00e4rjestus:<\/b><\/span><\/div>\n<div><span class=\"ws12\" style=\"color: #000000; font-family: 'Comic Sans MS';\"><b>&nbsp;<\/b><\/span><\/div>\n<div><span class=\"ws12\" style=\"color: #000000; font-family: 'Comic Sans MS';\"><b><img loading=\"lazy\" decoding=\"async\" class=\"aligncenter size-medium wp-image-698\" src=\"http:\/\/teehead.ee\/1\/wp-content\/uploads\/2015\/08\/paste15.jpg\" alt=\"paste15\" width=\"116\" height=\"276\"><\/b><\/span><\/div>\n<div><span class=\"ws12\" style=\"color: #000000; font-family: 'Comic Sans MS';\"><b>&nbsp;<\/b><\/span><\/div>\n<div><span class=\"ws12\" style=\"color: #000000; font-family: 'Comic Sans MS';\"><b>&nbsp;<\/b><\/span><\/div>\n<div><span class=\"ws12\" style=\"color: #000000; font-family: 'Comic Sans MS';\"><b>&nbsp;<\/b><\/span><\/div>\n<div>&nbsp;<\/div>\n<\/div>\n<\/div>\n<\/div>\n<div align=\"justify\">&nbsp;<\/div>\n<div style=\"text-align: center;\" align=\"justify\"><span style=\"font-family: 'Comic Sans MS';\"><b>T\u00e4name k\u00f5iki projekti sponsoreid!<\/b><\/span><\/div>\n","protected":false},"excerpt":{"rendered":"<p>Arvutipiljardi meistriv\u00f5istluste reglement: &nbsp; Arvutipiljardi meistriv\u00f5istlused (APM) korraldatakse eesm\u00e4rgiga leida Eesti parim arvutipiljardi m\u00e4ngija. Lisaks sellele pakume v\u00f5imalust virtuaalse piljardi m\u00e4ngijail omavahel ka reaalselt kohtuda. APM-ele saavad osalema tulla k\u00f5ik soovijad, samuti on m\u00e4nge j\u00e4lgima oodatud k\u00f5ik huvilised.M\u00e4ngud toimuvad playforia keskkonnas! &nbsp; APM v\u00f5istluse v\u00f5itja peaauhinnaks on k\u00e4esoleva aasta suurs\u00fcndmuseKOKKUTULEKU Uuno lava pass kahele (hakka Kokkutuleku f\u00e4nniksfacebookis)! &nbsp; Asukoht: V\u00f5istlused toimuvad Tallinna Pol\u00fctehnikumi ruumes, aadressil P\u00e4rnu mnt. 57. &nbsp; Ajakava: 28.05.2011 10:30 &#8211; APM-le registreerimine 11:00 &#8211; APM-i algus 18:00<\/p>\n","protected":false},"author":1,"featured_media":0,"parent":23,"menu_order":113,"comment_status":"closed","ping_status":"closed","template":"","meta":{"ngg_post_thumbnail":0,"footnotes":""},"class_list":["post-171","page","type-page","status-publish","hentry"],"jetpack_sharing_enabled":true,"_links":{"self":[{"href":"https:\/\/teehead.ee\/1\/index.php?rest_route=\/wp\/v2\/pages\/171","targetHints":{"allow":["GET"]}}],"collection":[{"href":"https:\/\/teehead.ee\/1\/index.php?rest_route=\/wp\/v2\/pages"}],"about":[{"href":"https:\/\/teehead.ee\/1\/index.php?rest_route=\/wp\/v2\/types\/page"}],"author":[{"embeddable":true,"href":"https:\/\/teehead.ee\/1\/index.php?rest_route=\/wp\/v2\/users\/1"}],"replies":[{"embeddable":true,"href":"https:\/\/teehead.ee\/1\/index.php?rest_route=%2Fwp%2Fv2%2Fcomments&post=171"}],"version-history":[{"count":5,"href":"https:\/\/teehead.ee\/1\/index.php?rest_route=\/wp\/v2\/pages\/171\/revisions"}],"predecessor-version":[{"id":2820,"href":"https:\/\/teehead.ee\/1\/index.php?rest_route=\/wp\/v2\/pages\/171\/revisions\/2820"}],"up":[{"embeddable":true,"href":"https:\/\/teehead.ee\/1\/index.php?rest_route=\/wp\/v2\/pages\/23"}],"wp:attachment":[{"href":"https:\/\/teehead.ee\/1\/index.php?rest_route=%2Fwp%2Fv2%2Fmedia&parent=171"}],"curies":[{"name":"wp","href":"https:\/\/api.w.org\/{rel}","templated":true}]}}