{"id":179,"date":"2015-08-04T15:40:08","date_gmt":"2015-08-04T12:40:08","guid":{"rendered":"http:\/\/teehead.ee\/1\/?page_id=179"},"modified":"2025-12-21T15:16:57","modified_gmt":"2025-12-21T13:16:57","slug":"meie-pere-joulupidu-2012","status":"publish","type":"page","link":"https:\/\/teehead.ee\/1\/?page_id=179","title":{"rendered":"Meie pere j\u00f5ulupidu 2012"},"content":{"rendered":"<div align=\"justify\"><span style=\"font-size: 12pt; font-family: 'comic sans ms', sans-serif;\"><span class=\"ws36\" style=\"color: #000000;\">S<\/span><span class=\"ws12\" style=\"color: #000000;\">elle-aastane &#8220;<\/span><span class=\"ws12\" style=\"color: #000000;\"><b>Meie pere j\u00f5ulupidu<\/b><\/span><span class=\"ws12\" style=\"color: #000000;\">&#8221; toimus 2013 aasta teisel p\u00e4eval ehk 02.01.2013. \u00dcritus sai alguse<\/span><span class=\"ws12\" style=\"color: #000000;\"><b>12.00<\/b><\/span><span class=\"ws12\" style=\"color: #000000;\"> ja kestis viis tundi. J\u00f5ule, koos j\u00f5uluvanaga t\u00e4histasime sel aastal Tallinna kesklinnas asuvas bowlingusaalis &#8211; <\/span><span class=\"ws12\"><a title=\"KU: L SA: L\" href=\"http:\/\/www.kuulsaal.ee\/\">KU: L SA: L<\/a><\/span><span class=\"ws12\" style=\"color: #000000;\">. Tegu oli kinnise \u00fcritusega, kuhu ootasime lasterikkaid peresid k\u00f5ikidest Eesti maakondadest. \u00dcritus sai teoks koost\u00f6\u00f6s <\/span><span class=\"ws12\" style=\"color: #000000;\"><b>Kuulsaaliga<\/b><\/span><span class=\"ws12\" style=\"color: #000000;\"> ning <\/span><span class=\"ws12\" style=\"color: #000000;\"><b>Eesti Lasterikaste Perede Liiduga<\/b><\/span><span class=\"ws12\" style=\"color: #000000;\">.<\/span><\/span><\/div>\n<div align=\"justify\"><span class=\"ws12\" style=\"color: #000000; font-family: 'comic sans ms', sans-serif; font-size: 12pt;\">&nbsp;<\/span><\/div>\n<div align=\"justify\"><span style=\"font-size: 12pt; font-family: 'comic sans ms', sans-serif;\"><span class=\"ws12\" style=\"color: #000000;\">P\u00e4evajuht oli <\/span><span class=\"ws12\" style=\"color: #ff0000;\"><b>Renxx!<\/b><\/span><\/span><\/div>\n<div align=\"justify\"><span class=\"ws11\" style=\"color: #000000; font-family: 'comic sans ms', sans-serif; font-size: 12pt;\">&nbsp;<\/span><\/div>\n<div align=\"justify\"><span style=\"font-size: 12pt; font-family: 'comic sans ms', sans-serif;\"><span class=\"ws11\" style=\"color: #000000;\">\u00dcrituse avas sotsiaalminister <\/span><span class=\"ws11\" style=\"color: #ff0000;\"><b>Taavi R\u00f5ivas!<\/b><\/span><\/span><\/div>\n<div align=\"justify\"><span class=\"ws11\" style=\"color: #000000; font-family: 'comic sans ms', sans-serif; font-size: 12pt;\">&nbsp;<\/span><\/div>\n<div align=\"justify\"><span class=\"ws11\" style=\"color: #000000; font-family: 'comic sans ms', sans-serif; font-size: 12pt;\">&nbsp;<\/span><\/div>\n<div align=\"justify\"><span class=\"ws11\" style=\"color: #000000; font-family: 'comic sans ms', sans-serif; font-size: 12pt;\"><b>Mis toimus?<\/b><\/span><\/div>\n<div align=\"justify\"><span class=\"ws11\" style=\"color: #000000; font-family: 'comic sans ms', sans-serif; font-size: 12pt;\">Oli vahva \u00fcritus lasterikastele peredele \u00fcle Eesti. Lisaks tavap\u00e4rasele j\u00f5uluvanale ja kingituste jagamisele toimus sel korral perede vahelisi v\u00f5istlusi erinevatel v\u00f5istlusaladel, nagu n\u00e4iteks: bowling, piljard, lauajalgpall, h\u00fcppen\u00f6\u00f6riga h\u00fcppamine, \u00f5hupallide l\u00f5hki puhumine jne&#8230; Loomulikult ei puudunud ka joonistusnurk.<\/span><\/div>\n<div align=\"justify\"><span class=\"ws11\" style=\"color: #000000; font-family: 'comic sans ms', sans-serif; font-size: 12pt;\">&nbsp;<\/span><\/div>\n<div align=\"justify\"><span class=\"ws11\" style=\"color: #000000; font-family: 'comic sans ms', sans-serif; font-size: 12pt;\"><b>Kuidas sai osalema?<\/b><\/span><\/div>\n<div align=\"justify\"><span class=\"ws11\" style=\"color: #000000; font-family: 'comic sans ms', sans-serif; font-size: 12pt;\">Osalemiseks tuli registreerida oma pere Lasterikaste Perede Liidu vastava maakonna juhi kaudu. Kahjuks ei ole ruumid kummist ja seet\u00f5ttu oli piiratud ka osalejate arv.<\/span><\/div>\n<div align=\"justify\"><span class=\"ws11\" style=\"color: #000000; font-family: 'comic sans ms', sans-serif; font-size: 12pt;\">&nbsp;<\/span><\/div>\n<div align=\"justify\"><span class=\"ws11\" style=\"color: #000000; font-family: 'comic sans ms', sans-serif; font-size: 12pt;\"><b>Milleks sponsorid?<\/b><\/span><\/div>\n<div align=\"justify\"><span class=\"ws11\" style=\"color: #000000; font-family: 'comic sans ms', sans-serif; font-size: 12pt;\">Projekti toetajate abil said lisaks lustlikule ja meeleolukale p\u00e4evale iga pere ka j\u00f5ulukingitused, tasusime v\u00e4ljastpoolt Tallinnat tulijate transpordikulud ning organiseerisime \u00fcrituse k\u00fclastajaile korraliku s\u00f6\u00f6gilaua.<\/span><\/div>\n<div align=\"justify\"><span class=\"ws11\" style=\"color: #000000; font-family: 'comic sans ms', sans-serif; font-size: 12pt;\">&nbsp;<\/span><\/div>\n<div align=\"justify\"><span class=\"ws11\" style=\"color: #000000; font-family: 'comic sans ms', sans-serif; font-size: 12pt;\">&nbsp;<\/span><\/div>\n<div align=\"justify\"><span class=\"ws11\" style=\"color: #000000; font-family: 'comic sans ms', sans-serif; font-size: 12pt;\">&nbsp;<\/span><\/div>\n<div align=\"justify\"><span class=\"ws11\" style=\"color: #000000; font-family: 'comic sans ms', sans-serif; font-size: 12pt;\">&nbsp;<\/span><\/div>\n<div align=\"justify\"><span class=\"ws11\" style=\"color: #000000; font-family: 'comic sans ms', sans-serif; font-size: 12pt;\">&nbsp;<\/span><\/div>\n<div style=\"text-align: center;\" align=\"center\"><span class=\"ws12\" style=\"color: #ff0000; font-family: 'comic sans ms', sans-serif; font-size: 14pt;\"><b>Heategevus\u00fching Hea Tegu ja Eesti Lasterikaste Perede Liit t\u00e4navad k\u00f5iki projekti toetajaid!<\/b><\/span><\/div>\n","protected":false},"excerpt":{"rendered":"<p>Selle-aastane &#8220;Meie pere j\u00f5ulupidu&#8221; toimus 2013 aasta teisel p\u00e4eval ehk 02.01.2013. \u00dcritus sai alguse12.00 ja kestis viis tundi. J\u00f5ule, koos j\u00f5uluvanaga t\u00e4histasime sel aastal Tallinna kesklinnas asuvas bowlingusaalis &#8211; KU: L SA: L. Tegu oli kinnise \u00fcritusega, kuhu ootasime lasterikkaid peresid k\u00f5ikidest Eesti maakondadest. \u00dcritus sai teoks koost\u00f6\u00f6s Kuulsaaliga ning Eesti Lasterikaste Perede Liiduga. &nbsp; P\u00e4evajuht oli Renxx! &nbsp; \u00dcrituse avas sotsiaalminister Taavi R\u00f5ivas! &nbsp; &nbsp; Mis toimus? Oli vahva \u00fcritus lasterikastele peredele \u00fcle Eesti. Lisaks tavap\u00e4rasele j\u00f5uluvanale ja kingituste<\/p>\n","protected":false},"author":1,"featured_media":0,"parent":23,"menu_order":122,"comment_status":"closed","ping_status":"closed","template":"","meta":{"ngg_post_thumbnail":0,"footnotes":""},"class_list":["post-179","page","type-page","status-publish","hentry"],"jetpack_sharing_enabled":true,"_links":{"self":[{"href":"https:\/\/teehead.ee\/1\/index.php?rest_route=\/wp\/v2\/pages\/179","targetHints":{"allow":["GET"]}}],"collection":[{"href":"https:\/\/teehead.ee\/1\/index.php?rest_route=\/wp\/v2\/pages"}],"about":[{"href":"https:\/\/teehead.ee\/1\/index.php?rest_route=\/wp\/v2\/types\/page"}],"author":[{"embeddable":true,"href":"https:\/\/teehead.ee\/1\/index.php?rest_route=\/wp\/v2\/users\/1"}],"replies":[{"embeddable":true,"href":"https:\/\/teehead.ee\/1\/index.php?rest_route=%2Fwp%2Fv2%2Fcomments&post=179"}],"version-history":[{"count":3,"href":"https:\/\/teehead.ee\/1\/index.php?rest_route=\/wp\/v2\/pages\/179\/revisions"}],"predecessor-version":[{"id":2811,"href":"https:\/\/teehead.ee\/1\/index.php?rest_route=\/wp\/v2\/pages\/179\/revisions\/2811"}],"up":[{"embeddable":true,"href":"https:\/\/teehead.ee\/1\/index.php?rest_route=\/wp\/v2\/pages\/23"}],"wp:attachment":[{"href":"https:\/\/teehead.ee\/1\/index.php?rest_route=%2Fwp%2Fv2%2Fmedia&parent=179"}],"curies":[{"name":"wp","href":"https:\/\/api.w.org\/{rel}","templated":true}]}}