{"id":189,"date":"2015-08-04T15:42:35","date_gmt":"2015-08-04T12:42:35","guid":{"rendered":"http:\/\/teehead.ee\/1\/?page_id=189"},"modified":"2025-12-21T15:12:13","modified_gmt":"2025-12-21T13:12:13","slug":"suvekool-2015-20-aastat","status":"publish","type":"page","link":"https:\/\/teehead.ee\/1\/?page_id=189","title":{"rendered":"Suvekool 2015 &#8211; 20 aastat"},"content":{"rendered":"<div align=\"justify\"><span style=\"color: #ff0000;\"><strong><span style=\"font-family: 'comic sans ms', sans-serif; font-size: 12pt;\">Vaata pilte <span style=\"color: #0000ff;\"><a style=\"color: #0000ff;\" href=\"http:\/\/teehead.ee\/Galerii%201\/?page_id=5200\" target=\"_blank\" rel=\"noopener\">GALERIIST<\/a><\/span><\/span><\/strong><\/span><\/div>\n<div align=\"justify\">&nbsp;<\/div>\n<div align=\"justify\">&nbsp;<\/div>\n<div align=\"justify\"><span class=\"ws11\" style=\"color: #000000; font-family: 'comic sans ms', sans-serif; font-size: 12pt;\">Heategevus\u00fching Hea Tegu on korraldanud kolm aastat j\u00e4rjest k\u00f5ikidele Eesti lastele tasuta lastekaitsep\u00e4eva \u00fcritust P\u00e4rnus. Sel aastal otsustasime suunata oma ressursid meie peamisele sihtgrupile &#8211; lasterikastele peredele.<\/span><\/div>\n<div align=\"justify\"><span class=\"ws11\" style=\"color: #000000; font-family: 'comic sans ms', sans-serif; font-size: 12pt;\">&nbsp;<\/span><\/div>\n<div align=\"justify\"><span style=\"font-family: 'comic sans ms', sans-serif; font-size: 12pt;\"><span class=\"ws11\" style=\"color: #ff0000;\"><b>10.-12. juulil<\/b><\/span><span class=\"ws11\" style=\"color: #000000;\"> toimus&nbsp;Eesti lasterikaste perede jaoks oodatud aastas\u00fcndmus \u2013<\/span><span class=\"ws11\" style=\"color: #ff0000;\"><b> \u201eEesti lasterikaste perede suvekool-20 aastat\u201c<\/b><\/span><span class=\"ws11\" style=\"color: #000000;\">.<\/span><\/span><\/div>\n<div align=\"justify\"><span class=\"ws11\" style=\"color: #000000; font-family: 'comic sans ms', sans-serif; font-size: 12pt;\">&nbsp;<\/span><\/div>\n<div align=\"justify\"><span style=\"font-family: 'comic sans ms', sans-serif; font-size: 12pt;\"><span class=\"ws11\" style=\"color: #000000;\">Sel aastal toimus 3-p\u00e4evane \u00fcritus Nelij\u00e4rve puhkekeskuses, kuhu oli kokku tulnud \u00fcle <\/span><span class=\"ws11\" style=\"color: #000000;\"><b><u>300 pere ja ~1000 inimese<\/u><\/b><\/span><span class=\"ws11\" style=\"color: #000000;\">. Meie eesm\u00e4rgiks oli aidata kohale tulevaid peresid transpordi korraldamisel. Lisaks soovisime muuta suvise n\u00e4dalavahetuse meeldej\u00e4\u00e4vaks, pakkudes k\u00fcmneid erinevaid tegevusi kogu perele, eelk\u00f5ige aga lastele. Lisaks m\u00e4rkimisv\u00e4\u00e4rsele vabatahtlikule t\u00f6\u00f6le t\u00f5ime kohale&nbsp;mitmed batuudid ja kiikingu, pakkusime v\u00f5imalust m\u00e4ngida sportm\u00e4nge, panna oma oskusi proovile osavusm\u00e4ngudes, korraldada joonistusv\u00f5istlust jne. Lisaks pakkusume \u00f5htuseid kinoelamusi multifilmide repertuaarist ning monoetendust suurematele.<\/span><\/span><\/div>\n<div align=\"justify\"><span class=\"ws11\" style=\"color: #000000; font-family: 'comic sans ms', sans-serif; font-size: 12pt;\">&nbsp;<\/span><\/div>\n<div align=\"justify\"><span style=\"font-family: 'comic sans ms', sans-serif; font-size: 12pt;\"><span class=\"ws11\" style=\"color: #000000;\">Antud \u00fcrituse peakorraldaja oli&nbsp;<\/span><span class=\"ws11\"><a title=\"Eesti Lasterikaste Perede Liit\" href=\"http:\/\/www.lasterikkad.ee\">Eesti Lasterikaste Perede Liit<\/a><\/span><span class=\"ws11\" style=\"color: #000000;\">. Meie eesm\u00e4rgiks oli olla neile partneriks planeeritavate tegevuste ettevalmistamisel ja l\u00e4biviimisel ning perede toetamisel.<\/span><\/span><\/div>\n<div align=\"justify\"><span class=\"ws11\" style=\"color: #000000; font-family: 'comic sans ms', sans-serif; font-size: 12pt;\">&nbsp;<\/span><\/div>\n<div align=\"justify\"><span class=\"ws11\" style=\"color: #000000; font-family: 'comic sans ms', sans-serif; font-size: 12pt;\"><b>Vabatahtlikud<\/b><\/span><\/div>\n<div>\n<p><span class=\"ws11\" style=\"color: #000000; font-family: 'comic sans ms', sans-serif; font-size: 12pt;\">Vabatahtlikud&nbsp;tegelesid erinevate tegevuste organiseerimisega Nelij\u00e4rvel kohapeal.<\/span><\/p>\n<p><span style=\"font-size: 12pt;\"><span style=\"font-family: 'comic sans ms', sans-serif; color: #000000;\"><b>Sponsorid?<br \/>\n<\/b><\/span><span style=\"color: #000000; font-family: 'comic sans ms', sans-serif;\">Projekti toetajate abil saime kohale tuua mitmeid erinevaid tegevusi ja atraktsioone, tasusime kohaletulijate transpordikulud ning organiseerisime terveks n\u00e4dalavahetuseks \u00fcrituse k\u00fclastajaile korraliku s\u00f6\u00f6gilaua. Autasustasime ka k\u00fcmnete v\u00f5istlusalade paremaid.<\/span><\/span><\/p>\n<\/div>\n<div align=\"center\"><span class=\"ws11\" style=\"color: #0000ff; font-family: 'Comic Sans MS'; font-size: 12pt;\"><b><u>&nbsp;<\/u><\/b><\/span><\/div>\n<div align=\"center\"><span class=\"ws11\" style=\"color: #0000ff; font-family: Calibri; font-size: 12pt;\"><b><u>&nbsp;<\/u><\/b><\/span><\/div>\n<div align=\"justify\"><span class=\"ws11\" style=\"color: #000000; font-family: Calibri; font-size: 12pt;\">&nbsp;<\/span><\/div>\n<div align=\"center\"><span class=\"ws12\" style=\"color: #ff0000; font-family: Calibri; font-size: 12pt;\"><b>Heategevus\u00fching Hea Tegu ja Eesti Lasterikaste Perede Liit t\u00e4navad k\u00f5iki projekti toetajaid!<\/b><\/span><\/div>\n<div align=\"justify\"><span class=\"ws20\" style=\"color: #ff0000; font-family: Calibri;\"><b>&nbsp;<\/b><\/span><\/div>\n<h3 align=\"center\"><span class=\"ws20\" style=\"color: #ff0000; font-family: 'Bodoni MT'; font-size: 18pt;\"><b>Projekti \u00f5nnestumisele aitasid kaasa:<\/b><\/span><\/h3>\n<p>&nbsp;<\/p>\n\n\t\t<style type=\"text\/css\">\n\t\t\t#gallery-1 {\n\t\t\t\tmargin: auto;\n\t\t\t}\n\t\t\t#gallery-1 .gallery-item {\n\t\t\t\tfloat: left;\n\t\t\t\tmargin-top: 10px;\n\t\t\t\ttext-align: center;\n\t\t\t\twidth: 100%;\n\t\t\t}\n\t\t\t#gallery-1 img {\n\t\t\t\tborder: 2px solid #cfcfcf;\n\t\t\t}\n\t\t\t#gallery-1 .gallery-caption {\n\t\t\t\tmargin-left: 0;\n\t\t\t}\n\t\t\t\/* see gallery_shortcode() in wp-includes\/media.php *\/\n\t\t<\/style>\n\t\t<div id='gallery-1' class='gallery galleryid-189 gallery-columns-1 gallery-size-full'><dl class='gallery-item'>\n\t\t\t<dt class='gallery-icon landscape'>\n\t\t\t\t<a href='https:\/\/teehead.ee\/1\/wp-content\/uploads\/2015\/08\/epl.png'><img fetchpriority=\"high\" decoding=\"async\" width=\"1004\" height=\"93\" src=\"https:\/\/teehead.ee\/1\/wp-content\/uploads\/2015\/08\/epl.png\" class=\"attachment-full size-full\" alt=\"\" srcset=\"https:\/\/teehead.ee\/1\/wp-content\/uploads\/2015\/08\/epl.png 1004w, https:\/\/teehead.ee\/1\/wp-content\/uploads\/2015\/08\/epl-300x28.png 300w, https:\/\/teehead.ee\/1\/wp-content\/uploads\/2015\/08\/epl-624x58.png 624w\" sizes=\"(max-width: 1004px) 100vw, 1004px\" \/><\/a>\n\t\t\t<\/dt><\/dl><br style=\"clear: both\" \/><dl class='gallery-item'>\n\t\t\t<dt class='gallery-icon portrait'>\n\t\t\t\t<a href='https:\/\/teehead.ee\/1\/wp-content\/uploads\/2015\/08\/EY_Logo5-e1440679131994.jpg'><img decoding=\"async\" width=\"250\" height=\"288\" src=\"https:\/\/teehead.ee\/1\/wp-content\/uploads\/2015\/08\/EY_Logo5-e1440679131994.jpg\" class=\"attachment-full size-full\" alt=\"\" \/><\/a>\n\t\t\t<\/dt><\/dl><br style=\"clear: both\" \/><dl class='gallery-item'>\n\t\t\t<dt class='gallery-icon landscape'>\n\t\t\t\t<a href='https:\/\/teehead.ee\/1\/wp-content\/uploads\/2015\/08\/Scanweld-logo-copy-e1440679188507.png'><img decoding=\"async\" width=\"2000\" height=\"522\" src=\"https:\/\/teehead.ee\/1\/wp-content\/uploads\/2015\/08\/Scanweld-logo-copy-e1440679188507.png\" class=\"attachment-full size-full\" alt=\"\" \/><\/a>\n\t\t\t<\/dt><\/dl><br style=\"clear: both\" \/><dl class='gallery-item'>\n\t\t\t<dt class='gallery-icon landscape'>\n\t\t\t\t<a href='https:\/\/teehead.ee\/1\/wp-content\/uploads\/2015\/08\/Apotheka-logo-e1440679203142.jpg'><img loading=\"lazy\" decoding=\"async\" width=\"700\" height=\"175\" src=\"https:\/\/teehead.ee\/1\/wp-content\/uploads\/2015\/08\/Apotheka-logo-e1440679203142.jpg\" class=\"attachment-full size-full\" alt=\"\" \/><\/a>\n\t\t\t<\/dt><\/dl><br style=\"clear: both\" \/><dl class='gallery-item'>\n\t\t\t<dt class='gallery-icon landscape'>\n\t\t\t\t<a href='https:\/\/teehead.ee\/1\/wp-content\/uploads\/2015\/08\/Irest-e1440679631744.png'><img loading=\"lazy\" decoding=\"async\" width=\"450\" height=\"219\" src=\"https:\/\/teehead.ee\/1\/wp-content\/uploads\/2015\/08\/Irest-e1440679631744.png\" class=\"attachment-full size-full\" alt=\"\" \/><\/a>\n\t\t\t<\/dt><\/dl><br style=\"clear: both\" \/>\n\t\t<\/div>\n\n\n\t\t<style type=\"text\/css\">\n\t\t\t#gallery-2 {\n\t\t\t\tmargin: auto;\n\t\t\t}\n\t\t\t#gallery-2 .gallery-item {\n\t\t\t\tfloat: left;\n\t\t\t\tmargin-top: 10px;\n\t\t\t\ttext-align: center;\n\t\t\t\twidth: 50%;\n\t\t\t}\n\t\t\t#gallery-2 img {\n\t\t\t\tborder: 2px solid #cfcfcf;\n\t\t\t}\n\t\t\t#gallery-2 .gallery-caption {\n\t\t\t\tmargin-left: 0;\n\t\t\t}\n\t\t\t\/* see gallery_shortcode() in wp-includes\/media.php *\/\n\t\t<\/style>\n\t\t<div id='gallery-2' class='gallery galleryid-189 gallery-columns-2 gallery-size-large'><dl class='gallery-item'>\n\t\t\t<dt class='gallery-icon landscape'>\n\t\t\t\t<a href='https:\/\/teehead.ee\/1\/?attachment_id=211'><img loading=\"lazy\" decoding=\"async\" width=\"675\" height=\"237\" src=\"https:\/\/teehead.ee\/1\/wp-content\/uploads\/2015\/08\/Mediq_3-Logo.jpg\" class=\"attachment-large size-large\" alt=\"\" srcset=\"https:\/\/teehead.ee\/1\/wp-content\/uploads\/2015\/08\/Mediq_3-Logo.jpg 823w, https:\/\/teehead.ee\/1\/wp-content\/uploads\/2015\/08\/Mediq_3-Logo-300x105.jpg 300w, https:\/\/teehead.ee\/1\/wp-content\/uploads\/2015\/08\/Mediq_3-Logo-624x219.jpg 624w\" sizes=\"(max-width: 675px) 100vw, 675px\" \/><\/a>\n\t\t\t<\/dt><\/dl><dl class='gallery-item'>\n\t\t\t<dt class='gallery-icon landscape'>\n\t\t\t\t<a href='https:\/\/teehead.ee\/1\/?attachment_id=215'><img loading=\"lazy\" decoding=\"async\" width=\"675\" height=\"134\" src=\"https:\/\/teehead.ee\/1\/wp-content\/uploads\/2015\/08\/Printcenter-1024x204.png\" class=\"attachment-large size-large\" alt=\"\" srcset=\"https:\/\/teehead.ee\/1\/wp-content\/uploads\/2015\/08\/Printcenter-1024x204.png 1024w, https:\/\/teehead.ee\/1\/wp-content\/uploads\/2015\/08\/Printcenter-300x60.png 300w, https:\/\/teehead.ee\/1\/wp-content\/uploads\/2015\/08\/Printcenter-624x124.png 624w, https:\/\/teehead.ee\/1\/wp-content\/uploads\/2015\/08\/Printcenter.png 1896w\" sizes=\"(max-width: 675px) 100vw, 675px\" \/><\/a>\n\t\t\t<\/dt><\/dl><br style=\"clear: both\" \/>\n\t\t<\/div>\n\n\n\t\t<style type=\"text\/css\">\n\t\t\t#gallery-3 {\n\t\t\t\tmargin: auto;\n\t\t\t}\n\t\t\t#gallery-3 .gallery-item {\n\t\t\t\tfloat: left;\n\t\t\t\tmargin-top: 10px;\n\t\t\t\ttext-align: center;\n\t\t\t\twidth: 33%;\n\t\t\t}\n\t\t\t#gallery-3 img {\n\t\t\t\tborder: 2px solid #cfcfcf;\n\t\t\t}\n\t\t\t#gallery-3 .gallery-caption {\n\t\t\t\tmargin-left: 0;\n\t\t\t}\n\t\t\t\/* see gallery_shortcode() in wp-includes\/media.php *\/\n\t\t<\/style>\n\t\t<div id='gallery-3' class='gallery galleryid-189 gallery-columns-3 gallery-size-medium'><dl class='gallery-item'>\n\t\t\t<dt class='gallery-icon portrait'>\n\t\t\t\t<a href='https:\/\/teehead.ee\/1\/?attachment_id=218'><img loading=\"lazy\" decoding=\"async\" width=\"94\" height=\"114\" src=\"https:\/\/teehead.ee\/1\/wp-content\/uploads\/2015\/08\/Tiiu_Tamm_IB-logo.bmp\" class=\"attachment-medium size-medium\" alt=\"\" \/><\/a>\n\t\t\t<\/dt><\/dl><dl class='gallery-item'>\n\t\t\t<dt class='gallery-icon landscape'>\n\t\t\t\t<a href='https:\/\/teehead.ee\/1\/?attachment_id=212'><img loading=\"lazy\" decoding=\"async\" width=\"300\" height=\"143\" src=\"https:\/\/teehead.ee\/1\/wp-content\/uploads\/2015\/08\/Megaluumen-logo-300x143.png\" class=\"attachment-medium size-medium\" alt=\"\" srcset=\"https:\/\/teehead.ee\/1\/wp-content\/uploads\/2015\/08\/Megaluumen-logo-300x143.png 300w, https:\/\/teehead.ee\/1\/wp-content\/uploads\/2015\/08\/Megaluumen-logo-624x297.png 624w, https:\/\/teehead.ee\/1\/wp-content\/uploads\/2015\/08\/Megaluumen-logo.png 744w\" sizes=\"(max-width: 300px) 100vw, 300px\" \/><\/a>\n\t\t\t<\/dt><\/dl><dl class='gallery-item'>\n\t\t\t<dt class='gallery-icon landscape'>\n\t\t\t\t<a href='https:\/\/teehead.ee\/1\/?attachment_id=219'><img loading=\"lazy\" decoding=\"async\" width=\"300\" height=\"218\" src=\"https:\/\/teehead.ee\/1\/wp-content\/uploads\/2015\/08\/wesico_logo_vertical-300x218.jpg\" class=\"attachment-medium size-medium\" alt=\"\" srcset=\"https:\/\/teehead.ee\/1\/wp-content\/uploads\/2015\/08\/wesico_logo_vertical-300x218.jpg 300w, https:\/\/teehead.ee\/1\/wp-content\/uploads\/2015\/08\/wesico_logo_vertical.jpg 311w\" sizes=\"(max-width: 300px) 100vw, 300px\" \/><\/a>\n\t\t\t<\/dt><\/dl><br style=\"clear: both\" \/><dl class='gallery-item'>\n\t\t\t<dt class='gallery-icon landscape'>\n\t\t\t\t<a href='https:\/\/teehead.ee\/1\/?attachment_id=213'><img loading=\"lazy\" decoding=\"async\" width=\"300\" height=\"65\" src=\"https:\/\/teehead.ee\/1\/wp-content\/uploads\/2015\/08\/Nordea_logo-300x65.png\" class=\"attachment-medium size-medium\" alt=\"\" srcset=\"https:\/\/teehead.ee\/1\/wp-content\/uploads\/2015\/08\/Nordea_logo-300x65.png 300w, https:\/\/teehead.ee\/1\/wp-content\/uploads\/2015\/08\/Nordea_logo-1024x223.png 1024w, https:\/\/teehead.ee\/1\/wp-content\/uploads\/2015\/08\/Nordea_logo-624x136.png 624w, https:\/\/teehead.ee\/1\/wp-content\/uploads\/2015\/08\/Nordea_logo.png 1796w\" sizes=\"(max-width: 300px) 100vw, 300px\" \/><\/a>\n\t\t\t<\/dt><\/dl><dl class='gallery-item'>\n\t\t\t<dt class='gallery-icon landscape'>\n\t\t\t\t<a href='https:\/\/teehead.ee\/1\/?attachment_id=216'><img loading=\"lazy\" decoding=\"async\" width=\"142\" height=\"116\" src=\"https:\/\/teehead.ee\/1\/wp-content\/uploads\/2015\/08\/Puustelli_logo.png\" class=\"attachment-medium size-medium\" alt=\"\" \/><\/a>\n\t\t\t<\/dt><\/dl><dl class='gallery-item'>\n\t\t\t<dt class='gallery-icon landscape'>\n\t\t\t\t<a href='https:\/\/teehead.ee\/1\/?attachment_id=220'><img loading=\"lazy\" decoding=\"async\" width=\"300\" height=\"46\" src=\"https:\/\/teehead.ee\/1\/wp-content\/uploads\/2015\/08\/yhinenud_ajakirjad-300x46.png\" class=\"attachment-medium size-medium\" alt=\"\" srcset=\"https:\/\/teehead.ee\/1\/wp-content\/uploads\/2015\/08\/yhinenud_ajakirjad-300x46.png 300w, https:\/\/teehead.ee\/1\/wp-content\/uploads\/2015\/08\/yhinenud_ajakirjad-1024x157.png 1024w, https:\/\/teehead.ee\/1\/wp-content\/uploads\/2015\/08\/yhinenud_ajakirjad-624x95.png 624w, https:\/\/teehead.ee\/1\/wp-content\/uploads\/2015\/08\/yhinenud_ajakirjad-e1444903114501.png 1645w\" sizes=\"(max-width: 300px) 100vw, 300px\" \/><\/a>\n\t\t\t<\/dt><\/dl><br style=\"clear: both\" \/><dl class='gallery-item'>\n\t\t\t<dt class='gallery-icon landscape'>\n\t\t\t\t<a href='https:\/\/teehead.ee\/1\/?attachment_id=210'><img loading=\"lazy\" decoding=\"async\" width=\"224\" height=\"82\" src=\"https:\/\/teehead.ee\/1\/wp-content\/uploads\/2015\/08\/koduekstra.png\" class=\"attachment-medium size-medium\" alt=\"\" \/><\/a>\n\t\t\t<\/dt><\/dl><dl class='gallery-item'>\n\t\t\t<dt class='gallery-icon landscape'>\n\t\t\t\t<a href='https:\/\/teehead.ee\/1\/?attachment_id=209'><img loading=\"lazy\" decoding=\"async\" width=\"300\" height=\"134\" src=\"https:\/\/teehead.ee\/1\/wp-content\/uploads\/2015\/08\/kiirprint.ee_200dpi_rgb-300x134.jpg\" class=\"attachment-medium size-medium\" alt=\"\" srcset=\"https:\/\/teehead.ee\/1\/wp-content\/uploads\/2015\/08\/kiirprint.ee_200dpi_rgb-300x134.jpg 300w, https:\/\/teehead.ee\/1\/wp-content\/uploads\/2015\/08\/kiirprint.ee_200dpi_rgb-624x279.jpg 624w, https:\/\/teehead.ee\/1\/wp-content\/uploads\/2015\/08\/kiirprint.ee_200dpi_rgb.jpg 818w\" sizes=\"(max-width: 300px) 100vw, 300px\" \/><\/a>\n\t\t\t<\/dt><\/dl><dl class='gallery-item'>\n\t\t\t<dt class='gallery-icon landscape'>\n\t\t\t\t<a href='https:\/\/teehead.ee\/1\/?attachment_id=214'><img loading=\"lazy\" decoding=\"async\" width=\"300\" height=\"95\" src=\"https:\/\/teehead.ee\/1\/wp-content\/uploads\/2015\/08\/photopopoint_logo_RGB_white_on_red-300x95.png\" class=\"attachment-medium size-medium\" alt=\"\" srcset=\"https:\/\/teehead.ee\/1\/wp-content\/uploads\/2015\/08\/photopopoint_logo_RGB_white_on_red-300x95.png 300w, https:\/\/teehead.ee\/1\/wp-content\/uploads\/2015\/08\/photopopoint_logo_RGB_white_on_red-1024x325.png 1024w, https:\/\/teehead.ee\/1\/wp-content\/uploads\/2015\/08\/photopopoint_logo_RGB_white_on_red-624x198.png 624w, https:\/\/teehead.ee\/1\/wp-content\/uploads\/2015\/08\/photopopoint_logo_RGB_white_on_red.png 1724w\" sizes=\"(max-width: 300px) 100vw, 300px\" \/><\/a>\n\t\t\t<\/dt><\/dl><br style=\"clear: both\" \/>\n\t\t<\/div>\n\n","protected":false},"excerpt":{"rendered":"<p>Vaata pilte GALERIIST &nbsp; &nbsp; Heategevus\u00fching Hea Tegu on korraldanud kolm aastat j\u00e4rjest k\u00f5ikidele Eesti lastele tasuta lastekaitsep\u00e4eva \u00fcritust P\u00e4rnus. Sel aastal otsustasime suunata oma ressursid meie peamisele sihtgrupile &#8211; lasterikastele peredele. &nbsp; 10.-12. juulil toimus&nbsp;Eesti lasterikaste perede jaoks oodatud aastas\u00fcndmus \u2013 \u201eEesti lasterikaste perede suvekool-20 aastat\u201c. &nbsp; Sel aastal toimus 3-p\u00e4evane \u00fcritus Nelij\u00e4rve puhkekeskuses, kuhu oli kokku tulnud \u00fcle 300 pere ja ~1000 inimese. Meie eesm\u00e4rgiks oli aidata kohale tulevaid peresid transpordi korraldamisel. Lisaks soovisime muuta suvise n\u00e4dalavahetuse meeldej\u00e4\u00e4vaks,<\/p>\n","protected":false},"author":1,"featured_media":0,"parent":23,"menu_order":151,"comment_status":"closed","ping_status":"closed","template":"","meta":{"ngg_post_thumbnail":0,"footnotes":""},"class_list":["post-189","page","type-page","status-publish","hentry"],"jetpack_sharing_enabled":true,"_links":{"self":[{"href":"https:\/\/teehead.ee\/1\/index.php?rest_route=\/wp\/v2\/pages\/189","targetHints":{"allow":["GET"]}}],"collection":[{"href":"https:\/\/teehead.ee\/1\/index.php?rest_route=\/wp\/v2\/pages"}],"about":[{"href":"https:\/\/teehead.ee\/1\/index.php?rest_route=\/wp\/v2\/types\/page"}],"author":[{"embeddable":true,"href":"https:\/\/teehead.ee\/1\/index.php?rest_route=\/wp\/v2\/users\/1"}],"replies":[{"embeddable":true,"href":"https:\/\/teehead.ee\/1\/index.php?rest_route=%2Fwp%2Fv2%2Fcomments&post=189"}],"version-history":[{"count":5,"href":"https:\/\/teehead.ee\/1\/index.php?rest_route=\/wp\/v2\/pages\/189\/revisions"}],"predecessor-version":[{"id":2806,"href":"https:\/\/teehead.ee\/1\/index.php?rest_route=\/wp\/v2\/pages\/189\/revisions\/2806"}],"up":[{"embeddable":true,"href":"https:\/\/teehead.ee\/1\/index.php?rest_route=\/wp\/v2\/pages\/23"}],"wp:attachment":[{"href":"https:\/\/teehead.ee\/1\/index.php?rest_route=%2Fwp%2Fv2%2Fmedia&parent=189"}],"curies":[{"name":"wp","href":"https:\/\/api.w.org\/{rel}","templated":true}]}}