{"id":23,"date":"2014-09-29T20:56:46","date_gmt":"2014-09-29T17:56:46","guid":{"rendered":"http:\/\/teehead.ee\/1\/?page_id=23"},"modified":"2025-12-31T22:00:44","modified_gmt":"2025-12-31T20:00:44","slug":"taaskasutus","status":"publish","type":"page","link":"https:\/\/teehead.ee\/1\/?page_id=23","title":{"rendered":"Projektid"},"content":{"rendered":"<p style=\"text-align: justify;\"><span style=\"font-family: 'comic sans ms', sans-serif; font-size: 12pt;\"><a href=\"http:\/\/www.fil.ee\" target=\"_blank\" rel=\"noopener\">Hea Tegu kirjastus<\/a> on projekt, mille k\u00e4igus p\u00fc\u00fctakse pakkuda parimaid v\u00f5imalusi noorkirjanikele nende esimeste sammude tegemisel kirjanikuna.<\/span><\/p>\n<p style=\"text-align: justify;\"><span style=\"font-family: 'comic sans ms', sans-serif; font-size: 12pt;\">Taaskasutuskeskus on virtuaalne <a href=\"http:\/\/www.osta.ee\/kategooria\/heategevus\/hea-tegu\" target=\"_blank\" rel=\"noopener\">e-pood<\/a>, kust saab v\u00e4ga hea hinnaga nii esimese kui teise ringi tarbekaupu. Meie taaskasutuskeskuses leidub kaupa alates vihikutest ja pliiatsitest, l\u00f5petades k\u00fc\u00fcnalde, hambaharjade, raamatute ning elektroonikaga. Loomulikult on kaupluses laialdane ja mis peamine, \u00e4\u00e4rmiselt odav valik. T\u00e4nase seisuga on meie e-pood alustanud koost\u00f6\u00f6d osta.ee keskkonnaga, mist\u00f5ttu on v\u00f5imalik k\u00f5ikide meie poolt pakutavate toodetega tutvuda&nbsp;<a href=\"http:\/\/www.osta.ee\/kategooria\/heategevus\/hea-tegu\" target=\"_blank\" rel=\"noopener\">SIIN:<\/a><\/span><\/p>\n<p><strong><span style=\"font-size: 12pt; font-family: 'comic sans ms', sans-serif;\">Varem teostatud projektid:<\/span><\/strong><\/p>\n<p><a href=\"https:\/\/teehead.ee\/1\/?page_id=2768\"><span style=\"font-size: 12pt; font-family: 'comic sans ms', sans-serif;\">Meie pere j\u00f5ulupidu 2025<\/span><\/a><br \/>\n<a href=\"https:\/\/teehead.ee\/1\/?page_id=2558\"><span style=\"font-size: 12pt; font-family: 'comic sans ms', sans-serif;\">Meie pere j\u00f5ulupidu 2024<\/span><\/a><strong><span style=\"font-size: 12pt; font-family: 'comic sans ms', sans-serif;\"><br \/>\n<\/span><\/strong><a href=\"https:\/\/teehead.ee\/1\/?page_id=1742\"><span style=\"font-size: 12pt; font-family: 'comic sans ms', sans-serif;\">Meie pere j\u00f5ulupidu 2023<\/span><\/a><strong><span style=\"font-size: 12pt; font-family: 'comic sans ms', sans-serif;\"><br \/>\n<\/span><\/strong><a href=\"https:\/\/teehead.ee\/1\/?page_id=1685\"><span style=\"font-size: 12pt; font-family: 'comic sans ms', sans-serif;\">Meie pere j\u00f5ulupidu 2022<\/span><\/a><strong><span style=\"font-size: 12pt; font-family: 'comic sans ms', sans-serif;\"><br \/>\n<\/span><\/strong><span style=\"font-size: 12pt; font-family: 'comic sans ms', sans-serif;\"><span style=\"font-size: 12pt;\"><span style=\"font-family: 'comic sans ms', sans-serif;\"><a href=\"https:\/\/teehead.ee\/1\/?page_id=1638\">Meie pere Suvelaager 2022<\/a><\/span><\/span><\/span><strong><span style=\"font-size: 12pt; font-family: 'comic sans ms', sans-serif;\"><br \/>\n<\/span><\/strong><a href=\"https:\/\/teehead.ee\/1\/?page_id=1487\"><span style=\"font-size: 12pt; font-family: 'comic sans ms', sans-serif;\">Meie pere j\u00f5ulupidu 2021<\/span><\/a><strong><span style=\"font-size: 12pt; font-family: 'comic sans ms', sans-serif;\"><br \/>\n<\/span><\/strong><a href=\"https:\/\/teehead.ee\/1\/?page_id=1410\"><span style=\"font-size: 12pt; font-family: 'comic sans ms', sans-serif;\">Meie pere j\u00f5ulupidu 2019<\/span><\/a><br \/>\n<a href=\"https:\/\/teehead.ee\/1\/?page_id=1305\"><span style=\"font-size: 12pt; font-family: 'comic sans ms', sans-serif;\">Meie pere j\u00f5ulupidu 2018<\/span><\/a><strong><span style=\"font-size: 12pt; font-family: 'comic sans ms', sans-serif;\"><br \/>\n<\/span><\/strong><span style=\"font-size: 12pt;\"><span style=\"font-family: 'comic sans ms', sans-serif;\"><a href=\"http:\/\/teehead.ee\/1\/?page_id=1077\">Meie pere Suvelaager 2017<\/a> &#8211;<\/span><a href=\"http:\/\/teehead.ee\/Galerii%201\/?page_id=7811\"><span style=\"font-family: 'comic sans ms', sans-serif;\"> <strong>Galerii<\/strong><\/span><\/a><\/span><span style=\"font-size: 12pt; font-family: 'comic sans ms', sans-serif;\"><br \/>\n<a href=\"http:\/\/teehead.ee\/1\/?page_id=1012\">Meie pere j\u00f5ulupidu 2016<\/a> &#8211; <strong><a href=\"http:\/\/teehead.ee\/Galerii%201\/?page_id=6715\">Galerii<\/a><\/strong><br \/>\n<\/span><span style=\"font-size: 12pt; font-family: 'comic sans ms', sans-serif;\"><a href=\"http:\/\/teehead.ee\/1\/?page_id=890\">Meie pere Suvelaager 2016<\/a> &#8211; <strong><a href=\"http:\/\/teehead.ee\/Galerii%201\/?page_id=6681\">Galerii<\/a><\/strong><\/span><strong><span style=\"font-size: 12pt; font-family: 'comic sans ms', sans-serif;\"><br \/>\n<\/span><\/strong><span style=\"font-family: 'comic sans ms', sans-serif; font-size: 12pt;\"><a href=\"http:\/\/teehead.ee\/1\/?page_id=711\">Meie pere j\u00f5ulupidu 2015<\/a> &#8211; <strong><a href=\"http:\/\/teehead.ee\/Galerii%201\/?page_id=5883\">Galerii<\/a><\/strong><\/span><br \/>\n<span style=\"font-size: 12pt; font-family: 'comic sans ms', sans-serif;\"><a href=\"http:\/\/teehead.ee\/1\/?page_id=189\">Suvekool 2015 &#8211; 20 aastat<\/a> &#8211; <a href=\"http:\/\/teehead.ee\/Galerii%201\/?page_id=5200\" target=\"_blank\" rel=\"noopener\"><strong>Galerii<\/strong><\/a><\/span><br \/>\n<span style=\"font-size: 12pt; font-family: 'comic sans ms', sans-serif;\"><a href=\"http:\/\/teehead.ee\/1\/?page_id=187\">Meie pere j\u00f5ulupidu 2014<\/a> &#8211; <a href=\"http:\/\/teehead.ee\/Galerii%201\/?page_id=4548\" target=\"_blank\" rel=\"noopener\"><strong>Galerii<\/strong><\/a><\/span><br \/>\n<span style=\"font-family: 'comic sans ms', sans-serif; font-size: 12pt;\"><a href=\"http:\/\/teehead.ee\/1\/?page_id=185\">Lastekaitsep\u00e4ev 2014<\/a> &#8211; <a href=\"http:\/\/teehead.ee\/Galerii%201\/?page_id=360\" target=\"_blank\" rel=\"noopener\"><strong>Galerii<\/strong><\/a><\/span><br \/>\n<span style=\"font-family: 'comic sans ms', sans-serif; font-size: 12pt;\">S\u00f5naga n\u00e4kku 2 raamatu esitlus Tallinnas &#8211; <a href=\"http:\/\/teehead.ee\/Galerii%201\/?page_id=254\" target=\"_blank\" rel=\"noopener\"><strong>Galerii<\/strong><\/a><\/span><br \/>\n<span style=\"font-family: 'comic sans ms', sans-serif; font-size: 12pt;\">Hea Tegu kirjastuse raamatute esitlus &#8211; <a href=\"http:\/\/teehead.ee\/Galerii%201\/?page_id=326\"><strong>Galerii<\/strong><\/a><\/span><br \/>\n<span style=\"font-family: 'comic sans ms', sans-serif; font-size: 12pt;\"><a href=\"http:\/\/teehead.ee\/1\/?page_id=183\">Meie pere j\u00f5ulupidu 2013<\/a> &#8211; <a href=\"http:\/\/teehead.ee\/Galerii%201\/?page_id=326\" target=\"_blank\" rel=\"noopener\"><strong>Galerii<\/strong><\/a><\/span><br \/>\n<span style=\"font-family: 'comic sans ms', sans-serif; font-size: 12pt;\"><a href=\"http:\/\/teehead.ee\/1\/?page_id=181\">Lastekaitsep\u00e4ev 2013<\/a> &#8211; <a href=\"http:\/\/teehead.ee\/Galerii%201\/?page_id=110\" target=\"_blank\" rel=\"noopener\"><strong>Galerii<\/strong><\/a><\/span><br \/>\n<span style=\"font-family: 'comic sans ms', sans-serif; font-size: 12pt;\"><a href=\"http:\/\/teehead.ee\/1\/?page_id=179\">Meie pere j\u00f5ulupidu 2012<\/a> &#8211; <a href=\"http:\/\/teehead.ee\/Galerii%201\/?page_id=62\" target=\"_blank\" rel=\"noopener\"><strong>Galerii<\/strong><\/a><\/span><br \/>\n<span style=\"font-family: 'comic sans ms', sans-serif; font-size: 12pt;\"><a href=\"http:\/\/teehead.ee\/1\/?page_id=177\">Lastekaitsep\u00e4ev 2012<\/a><\/span><br \/>\n<span style=\"font-family: 'comic sans ms', sans-serif; font-size: 12pt;\"><a href=\"http:\/\/teehead.ee\/1\/?page_id=175\">Luulekonkurss &#8220;Sahtlist netti&#8221; 2011<\/a> &#8211; <a href=\"http:\/\/teehead.ee\/Galerii%201\/?page_id=58\" target=\"_blank\" rel=\"noopener\"><strong>Galerii<\/strong><\/a><\/span><br \/>\n<span style=\"font-family: 'comic sans ms', sans-serif; font-size: 12pt;\"><a href=\"http:\/\/teehead.ee\/1\/?page_id=173\">Meie pere j\u00f5ulupidu 2011<\/a> &#8211; <a href=\"http:\/\/teehead.ee\/Galerii%201\/?page_id=60\" target=\"_blank\" rel=\"noopener\"><strong>Galerii<\/strong><\/a><\/span><br \/>\n<span style=\"font-family: 'comic sans ms', sans-serif; font-size: 12pt;\"><a href=\"http:\/\/teehead.ee\/1\/?page_id=171\">Arvutipiljardi Meistriv\u00f5istlused 2011<\/a><\/span><br \/>\n<span style=\"font-family: 'comic sans ms', sans-serif; font-size: 12pt;\"><a href=\"http:\/\/teehead.ee\/1\/?page_id=164\">Lastekaitsep\u00e4ev 2010<\/a> &#8211; <a href=\"http:\/\/teehead.ee\/Galerii%201\/?page_id=29\" target=\"_blank\" rel=\"noopener\"><strong>Galerii<\/strong><\/a><\/span><br \/>\n<span style=\"font-family: 'comic sans ms', sans-serif; font-size: 12pt;\"><a href=\"http:\/\/teehead.ee\/1\/?page_id=162\">Arvutipiljardi Meistriv\u00f5istlused 2010<\/a> &#8211; <a href=\"http:\/\/teehead.ee\/Galerii%201\/?page_id=32\" target=\"_blank\" rel=\"noopener\"><strong>Galerii<\/strong><\/a><\/span><br \/>\n<span style=\"font-family: 'comic sans ms', sans-serif; font-size: 12pt;\"><a href=\"https:\/\/teehead.ee\/1\/?page_id=160\">Tallinna lasterikaste perede bowinguv\u00f5istlus 2010<\/a> &#8211; <a href=\"http:\/\/teehead.ee\/Galerii%201\/?page_id=56\"><strong>Galerii<\/strong><\/a><\/span><br \/>\n<span style=\"font-family: 'comic sans ms', sans-serif; font-size: 12pt;\"><a href=\"http:\/\/teehead.ee\/1\/?page_id=158\">Meie pere j\u00f5ulupidu 2009<\/a> &#8211; <a href=\"http:\/\/teehead.ee\/Galerii%201\/?page_id=15\" target=\"_blank\" rel=\"noopener\"><strong>Galerii<\/strong><\/a><\/span><br \/>\n<span style=\"font-family: 'comic sans ms', sans-serif; font-size: 12pt;\"><a href=\"http:\/\/teehead.ee\/1\/?page_id=156\">Kadrip\u00e4eva t\u00e4histamine 2009<\/a> &#8211; <strong><a href=\"http:\/\/teehead.ee\/Galerii%201\/?page_id=25\" target=\"_blank\" rel=\"noopener\">Galerii<\/a><\/strong><\/span><\/p>\n","protected":false},"excerpt":{"rendered":"<p>Hea Tegu kirjastus on projekt, mille k\u00e4igus p\u00fc\u00fctakse pakkuda parimaid v\u00f5imalusi noorkirjanikele nende esimeste sammude tegemisel kirjanikuna. Taaskasutuskeskus on virtuaalne e-pood, kust saab v\u00e4ga hea hinnaga nii esimese kui teise ringi tarbekaupu. Meie taaskasutuskeskuses leidub kaupa alates vihikutest ja pliiatsitest, l\u00f5petades k\u00fc\u00fcnalde, hambaharjade, raamatute ning elektroonikaga. Loomulikult on kaupluses laialdane ja mis peamine, \u00e4\u00e4rmiselt odav valik. T\u00e4nase seisuga on meie e-pood alustanud koost\u00f6\u00f6d osta.ee keskkonnaga, mist\u00f5ttu on v\u00f5imalik k\u00f5ikide meie poolt pakutavate toodetega tutvuda&nbsp;SIIN: Varem teostatud projektid: Meie pere j\u00f5ulupidu<\/p>\n","protected":false},"author":1,"featured_media":0,"parent":0,"menu_order":0,"comment_status":"closed","ping_status":"closed","template":"template-fullwidth.php","meta":{"ngg_post_thumbnail":0,"footnotes":""},"class_list":["post-23","page","type-page","status-publish","hentry"],"jetpack_sharing_enabled":true,"_links":{"self":[{"href":"https:\/\/teehead.ee\/1\/index.php?rest_route=\/wp\/v2\/pages\/23","targetHints":{"allow":["GET"]}}],"collection":[{"href":"https:\/\/teehead.ee\/1\/index.php?rest_route=\/wp\/v2\/pages"}],"about":[{"href":"https:\/\/teehead.ee\/1\/index.php?rest_route=\/wp\/v2\/types\/page"}],"author":[{"embeddable":true,"href":"https:\/\/teehead.ee\/1\/index.php?rest_route=\/wp\/v2\/users\/1"}],"replies":[{"embeddable":true,"href":"https:\/\/teehead.ee\/1\/index.php?rest_route=%2Fwp%2Fv2%2Fcomments&post=23"}],"version-history":[{"count":5,"href":"https:\/\/teehead.ee\/1\/index.php?rest_route=\/wp\/v2\/pages\/23\/revisions"}],"predecessor-version":[{"id":2828,"href":"https:\/\/teehead.ee\/1\/index.php?rest_route=\/wp\/v2\/pages\/23\/revisions\/2828"}],"wp:attachment":[{"href":"https:\/\/teehead.ee\/1\/index.php?rest_route=%2Fwp%2Fv2%2Fmedia&parent=23"}],"curies":[{"name":"wp","href":"https:\/\/api.w.org\/{rel}","templated":true}]}}