{"id":2768,"date":"2025-09-08T13:53:08","date_gmt":"2025-09-08T10:53:08","guid":{"rendered":"https:\/\/teehead.ee\/1\/?page_id=2768"},"modified":"2026-01-06T13:32:19","modified_gmt":"2026-01-06T11:32:19","slug":"meie-pere-joulupidu-2025","status":"publish","type":"page","link":"https:\/\/teehead.ee\/1\/?page_id=2768","title":{"rendered":"Meie pere j\u00f5ulupidu 2025"},"content":{"rendered":"<p style=\"text-align: justify;\"><b>\u201c<\/b><b>Meie pere j\u00f5ulupidu<\/b><b>\u201d toimus 20.12.2025<\/b><\/p>\n<p style=\"text-align: justify;\">\u00dcritus algas <strong>12.00<\/strong> ja kestis kuus tundi. J\u00f5ule t\u00e4histasime ka sel aastal V\u00e4\u00e4tsa Spordikeskuses. Tegu oli kinnise \u00fcritusega, kuhu ootasime lasterikkaid peresid ning \u00fcksikvanemaid koos lastega k\u00f5ikjalt \u00fcle Eesti.<\/p>\n<p style=\"text-align: justify;\">&nbsp;<\/p>\n<p style=\"text-align: justify;\"><strong>P\u00e4evajuht:&nbsp;<\/strong>Daniel Aganit\u0161<\/p>\n<p style=\"text-align: justify;\">&nbsp;<\/p>\n<div dir=\"auto\" style=\"text-align: justify;\"><strong>Mis toimus? <\/strong>J\u00f5ulupidu olin V\u00e4\u00e4tsa Spordikeskuses laup\u00e4eval 20.12.2025 kella 12.00 -18.00 ja pidu oli k\u00f5igile osalejatele tasuta.&nbsp;<\/div>\n<div dir=\"auto\" style=\"text-align: justify;\">\u201cMeie pere j\u00f5ulupeost\u201d ootasime osa v\u00f5tma&nbsp; lasterikkaid peresid (peres peab elama v\u00e4hemalt 3 alaealist last) ja \u00fcksikvanematega peresid \u00fcle Eesti.<\/div>\n<div dir=\"auto\" style=\"text-align: justify;\">J\u00f5ulupeol \u00fchendasime meeldiva tervislikuga ning pakkusime k\u00f5ikidele huvilistele v\u00f5imalust v\u00f5tta j\u00f5ulukingid sel aastal j\u00f5uluvanalt vastu p\u00e4rast v\u00e4ikest sportimist. Erinevalt tavap\u00e4rasest j\u00f5ulutrallist said nii lapsed kui lapsevanemad \u201cMeie pere j\u00f5ulupeol\u201d v\u00f5istelda paljudel ebatraditsioonilistel v\u00f5istlusaladel. Suurt energiat vajavatele tegevustele vahelduseks oli k\u00f5igil v\u00f5imalus ka p\u00e4kapikuga joonistada. M\u00f5istagi ei puudunu j\u00f5ulupeolt ka j\u00f5ulutaat ja kingikotid k\u00f5ikidele peredele! K\u00f5iki osalejaid ootas peol korralik k\u00f5hut\u00e4ide ja maitsev pidukook.<\/div>\n<div dir=\"auto\" style=\"text-align: justify;\">Kokku osales \u00fcritusel ligi 50 peret ehk umbes 250 inimest.<\/div>\n<div dir=\"auto\" style=\"text-align: justify;\">&nbsp;<\/div>\n<div dir=\"auto\" style=\"text-align: justify;\"><strong>Kuidas sai osalema?<\/strong> Osalemiseks tuli registreerida oma pere. Selleks tuli t\u00e4ita <strong>AVALDUS<\/strong>. 2025 aasta j\u00f5ulupeole registreerimine on l\u00f5ppenud!<\/div>\n<div dir=\"auto\" style=\"text-align: justify;\">&nbsp;<\/div>\n<div dir=\"auto\" style=\"text-align: justify;\"><strong>Milleks sponsorid?<\/strong> Projekti toetajate abil sai lisaks lustlikule ja meeleolukale p\u00e4evale iga pere ka j\u00f5ulukingitused ning organiseerisime \u00fcritusel osalejaile korraliku s\u00f6\u00f6gilaua. Peo korralduskulude ja perede kingikottide t\u00e4itmisele saad soovi korral oma panuse anda kirjutades meile v\u00f5i teha \u00fclekanne: EE397700771000853159<\/div>\n<div dir=\"auto\">&nbsp;<\/div>\n<div dir=\"auto\">&nbsp;<\/div>\n<div dir=\"auto\" style=\"text-align: center;\"><strong>Projekti \u00f5nnestumisele aitasid kaasa:<\/strong><\/div>\n<div dir=\"auto\">&nbsp;<\/div>\n<div dir=\"auto\">&nbsp;<\/div>\n<div dir=\"auto\"><a href=\"https:\/\/www.takertrailers.ee\/\"><img fetchpriority=\"high\" decoding=\"async\" class=\"aligncenter wp-image-982\" src=\"http:\/\/teehead.ee\/1\/wp-content\/uploads\/2016\/03\/Digilux-1024x365.png\" alt=\"\" width=\"500\" height=\"178\" srcset=\"https:\/\/teehead.ee\/1\/wp-content\/uploads\/2016\/03\/Digilux-1024x365.png 1024w, https:\/\/teehead.ee\/1\/wp-content\/uploads\/2016\/03\/Digilux-300x107.png 300w, https:\/\/teehead.ee\/1\/wp-content\/uploads\/2016\/03\/Digilux-768x274.png 768w, https:\/\/teehead.ee\/1\/wp-content\/uploads\/2016\/03\/Digilux-624x222.png 624w, https:\/\/teehead.ee\/1\/wp-content\/uploads\/2016\/03\/Digilux.png 1100w\" sizes=\"(max-width: 500px) 100vw, 500px\" \/><img decoding=\"async\" class=\"aligncenter wp-image-2785\" src=\"http:\/\/teehead.ee\/1\/wp-content\/uploads\/2025\/10\/Tacker_Trailers-1024x546.png\" alt=\"\" width=\"600\" height=\"320\" srcset=\"https:\/\/teehead.ee\/1\/wp-content\/uploads\/2025\/10\/Tacker_Trailers-1024x546.png 1024w, https:\/\/teehead.ee\/1\/wp-content\/uploads\/2025\/10\/Tacker_Trailers-300x160.png 300w, https:\/\/teehead.ee\/1\/wp-content\/uploads\/2025\/10\/Tacker_Trailers-768x409.png 768w, https:\/\/teehead.ee\/1\/wp-content\/uploads\/2025\/10\/Tacker_Trailers.png 1120w\" sizes=\"(max-width: 600px) 100vw, 600px\" \/><\/a><\/div>\n<div dir=\"auto\">&nbsp;<\/div>\n<div dir=\"auto\"><a href=\"https:\/\/hims.ee\/esileht\/\"><img decoding=\"async\" class=\"alignnone wp-image-1097\" src=\"http:\/\/teehead.ee\/1\/wp-content\/uploads\/2017\/03\/helmetal-logo-1024x666.jpg\" alt=\"\" width=\"351\" height=\"228\" srcset=\"https:\/\/teehead.ee\/1\/wp-content\/uploads\/2017\/03\/helmetal-logo-1024x666.jpg 1024w, https:\/\/teehead.ee\/1\/wp-content\/uploads\/2017\/03\/helmetal-logo-300x195.jpg 300w, https:\/\/teehead.ee\/1\/wp-content\/uploads\/2017\/03\/helmetal-logo-768x500.jpg 768w, https:\/\/teehead.ee\/1\/wp-content\/uploads\/2017\/03\/helmetal-logo-624x406.jpg 624w\" sizes=\"(max-width: 351px) 100vw, 351px\" \/>&nbsp;&nbsp;&nbsp;<\/a> <a href=\"https:\/\/valgus.ee\/\"><img loading=\"lazy\" decoding=\"async\" class=\"alignnone wp-image-1676\" src=\"http:\/\/teehead.ee\/1\/wp-content\/uploads\/2022\/05\/ET-1024x464.png\" alt=\"\" width=\"350\" height=\"159\" srcset=\"https:\/\/teehead.ee\/1\/wp-content\/uploads\/2022\/05\/ET-1024x464.png 1024w, https:\/\/teehead.ee\/1\/wp-content\/uploads\/2022\/05\/ET-300x136.png 300w, https:\/\/teehead.ee\/1\/wp-content\/uploads\/2022\/05\/ET-768x348.png 768w, https:\/\/teehead.ee\/1\/wp-content\/uploads\/2022\/05\/ET-1536x696.png 1536w, https:\/\/teehead.ee\/1\/wp-content\/uploads\/2022\/05\/ET-2048x928.png 2048w\" sizes=\"(max-width: 350px) 100vw, 350px\" \/><\/a>&nbsp; &nbsp; &nbsp; &nbsp;<a href=\"https:\/\/ungarimaitsed.ee\/\"><img loading=\"lazy\" decoding=\"async\" class=\"alignnone wp-image-2781\" src=\"http:\/\/teehead.ee\/1\/wp-content\/uploads\/2025\/10\/UM_logo_ymar-976x1024.png\" alt=\"\" width=\"350\" height=\"367\" srcset=\"https:\/\/teehead.ee\/1\/wp-content\/uploads\/2025\/10\/UM_logo_ymar-976x1024.png 976w, https:\/\/teehead.ee\/1\/wp-content\/uploads\/2025\/10\/UM_logo_ymar-286x300.png 286w, https:\/\/teehead.ee\/1\/wp-content\/uploads\/2025\/10\/UM_logo_ymar-768x806.png 768w, https:\/\/teehead.ee\/1\/wp-content\/uploads\/2025\/10\/UM_logo_ymar.png 1299w\" sizes=\"(max-width: 350px) 100vw, 350px\" \/><\/a>&nbsp; &nbsp;&nbsp;<a href=\"https:\/\/www.daemon.ee\/\"><img loading=\"lazy\" decoding=\"async\" class=\"alignnone wp-image-1752\" src=\"http:\/\/teehead.ee\/1\/wp-content\/uploads\/2023\/10\/Daemon.jpg\" alt=\"\" width=\"350\" height=\"71\" srcset=\"https:\/\/teehead.ee\/1\/wp-content\/uploads\/2023\/10\/Daemon.jpg 339w, https:\/\/teehead.ee\/1\/wp-content\/uploads\/2023\/10\/Daemon-300x61.jpg 300w\" sizes=\"(max-width: 350px) 100vw, 350px\" \/><\/a>&nbsp; &nbsp; <a href=\"https:\/\/www.heidelbergmaterials.com\"><img loading=\"lazy\" decoding=\"async\" class=\"alignnone wp-image-2777\" src=\"http:\/\/teehead.ee\/1\/wp-content\/uploads\/2025\/09\/HeidelbergMaterials_Logo_col_pos_RGB-1024x294.png\" alt=\"\" width=\"351\" height=\"101\" srcset=\"https:\/\/teehead.ee\/1\/wp-content\/uploads\/2025\/09\/HeidelbergMaterials_Logo_col_pos_RGB-1024x294.png 1024w, https:\/\/teehead.ee\/1\/wp-content\/uploads\/2025\/09\/HeidelbergMaterials_Logo_col_pos_RGB-300x86.png 300w, https:\/\/teehead.ee\/1\/wp-content\/uploads\/2025\/09\/HeidelbergMaterials_Logo_col_pos_RGB-768x221.png 768w, https:\/\/teehead.ee\/1\/wp-content\/uploads\/2025\/09\/HeidelbergMaterials_Logo_col_pos_RGB-1536x441.png 1536w, https:\/\/teehead.ee\/1\/wp-content\/uploads\/2025\/09\/HeidelbergMaterials_Logo_col_pos_RGB-2048x589.png 2048w\" sizes=\"(max-width: 351px) 100vw, 351px\" \/><\/a><\/div>\n<div dir=\"auto\">&nbsp;<\/div>\n<div dir=\"auto\"><a href=\"https:\/\/rakverelk.ee\/\"><img loading=\"lazy\" decoding=\"async\" class=\"alignnone wp-image-1767\" src=\"http:\/\/teehead.ee\/1\/wp-content\/uploads\/2023\/10\/Rakvere-1024x259.png\" alt=\"\" width=\"275\" height=\"69\" srcset=\"https:\/\/teehead.ee\/1\/wp-content\/uploads\/2023\/10\/Rakvere-1024x259.png 1024w, https:\/\/teehead.ee\/1\/wp-content\/uploads\/2023\/10\/Rakvere-300x76.png 300w, https:\/\/teehead.ee\/1\/wp-content\/uploads\/2023\/10\/Rakvere-768x194.png 768w, https:\/\/teehead.ee\/1\/wp-content\/uploads\/2023\/10\/Rakvere-1536x388.png 1536w, https:\/\/teehead.ee\/1\/wp-content\/uploads\/2023\/10\/Rakvere.png 1822w\" sizes=\"(max-width: 275px) 100vw, 275px\" \/><\/a> &nbsp; <a href=\"https:\/\/tallegg.ee\/\"><img loading=\"lazy\" decoding=\"async\" class=\"alignnone wp-image-1166\" src=\"http:\/\/teehead.ee\/1\/wp-content\/uploads\/2017\/09\/Tallegg_logo-1024x549.jpg\" alt=\"\" width=\"275\" height=\"148\" srcset=\"https:\/\/teehead.ee\/1\/wp-content\/uploads\/2017\/09\/Tallegg_logo-1024x549.jpg 1024w, https:\/\/teehead.ee\/1\/wp-content\/uploads\/2017\/09\/Tallegg_logo-300x161.jpg 300w, https:\/\/teehead.ee\/1\/wp-content\/uploads\/2017\/09\/Tallegg_logo-768x412.jpg 768w, https:\/\/teehead.ee\/1\/wp-content\/uploads\/2017\/09\/Tallegg_logo.jpg 1029w\" sizes=\"(max-width: 275px) 100vw, 275px\" \/><\/a> &nbsp; <a href=\"https:\/\/premia.ee\/\"><img loading=\"lazy\" decoding=\"async\" class=\"alignnone wp-image-2589\" src=\"http:\/\/teehead.ee\/1\/wp-content\/uploads\/2024\/12\/Premia-01.jpg\" alt=\"\" width=\"275\" height=\"144\" srcset=\"https:\/\/teehead.ee\/1\/wp-content\/uploads\/2024\/12\/Premia-01.jpg 677w, https:\/\/teehead.ee\/1\/wp-content\/uploads\/2024\/12\/Premia-01-300x157.jpg 300w\" sizes=\"(max-width: 275px) 100vw, 275px\" \/><\/a> <a href=\"https:\/\/www.valio.ee\/\"><img loading=\"lazy\" decoding=\"async\" class=\"alignnone wp-image-2572\" src=\"http:\/\/teehead.ee\/1\/wp-content\/uploads\/2024\/10\/Valio_logo_RGB-1024x660.png\" alt=\"\" width=\"275\" height=\"177\" srcset=\"https:\/\/teehead.ee\/1\/wp-content\/uploads\/2024\/10\/Valio_logo_RGB-1024x660.png 1024w, https:\/\/teehead.ee\/1\/wp-content\/uploads\/2024\/10\/Valio_logo_RGB-300x193.png 300w, https:\/\/teehead.ee\/1\/wp-content\/uploads\/2024\/10\/Valio_logo_RGB-768x495.png 768w, https:\/\/teehead.ee\/1\/wp-content\/uploads\/2024\/10\/Valio_logo_RGB-1536x990.png 1536w, https:\/\/teehead.ee\/1\/wp-content\/uploads\/2024\/10\/Valio_logo_RGB-2048x1320.png 2048w\" sizes=\"(max-width: 275px) 100vw, 275px\" \/><\/a> <a href=\"https:\/\/magaziin.ee\/\"><img loading=\"lazy\" decoding=\"async\" class=\"alignnone wp-image-1162\" src=\"http:\/\/teehead.ee\/1\/wp-content\/uploads\/2017\/09\/Magaziin_logo_varv_hor-1024x545.jpg\" alt=\"\" width=\"274\" height=\"146\" srcset=\"https:\/\/teehead.ee\/1\/wp-content\/uploads\/2017\/09\/Magaziin_logo_varv_hor-1024x545.jpg 1024w, https:\/\/teehead.ee\/1\/wp-content\/uploads\/2017\/09\/Magaziin_logo_varv_hor-300x160.jpg 300w, https:\/\/teehead.ee\/1\/wp-content\/uploads\/2017\/09\/Magaziin_logo_varv_hor-768x409.jpg 768w, https:\/\/teehead.ee\/1\/wp-content\/uploads\/2017\/09\/Magaziin_logo_varv_hor.jpg 1819w\" sizes=\"(max-width: 274px) 100vw, 274px\" \/><\/a> <a href=\"https:\/\/www.erm.ee\/\"><img loading=\"lazy\" decoding=\"async\" class=\"alignnone wp-image-1763\" src=\"http:\/\/teehead.ee\/1\/wp-content\/uploads\/2023\/10\/eesti-rahva-muuseum-01.jpg\" alt=\"\" width=\"275\" height=\"143\" srcset=\"https:\/\/teehead.ee\/1\/wp-content\/uploads\/2023\/10\/eesti-rahva-muuseum-01.jpg 567w, https:\/\/teehead.ee\/1\/wp-content\/uploads\/2023\/10\/eesti-rahva-muuseum-01-300x156.jpg 300w\" sizes=\"(max-width: 275px) 100vw, 275px\" \/><\/a> <a href=\"https:\/\/www.maanteemuuseum.ee\/\"><img loading=\"lazy\" decoding=\"async\" class=\"alignnone wp-image-1593\" src=\"http:\/\/teehead.ee\/1\/wp-content\/uploads\/2021\/10\/Maanteemuuseum.jpg\" alt=\"\" width=\"275\" height=\"153\" srcset=\"https:\/\/teehead.ee\/1\/wp-content\/uploads\/2021\/10\/Maanteemuuseum.jpg 536w, https:\/\/teehead.ee\/1\/wp-content\/uploads\/2021\/10\/Maanteemuuseum-300x167.jpg 300w, https:\/\/teehead.ee\/1\/wp-content\/uploads\/2021\/10\/Maanteemuuseum-375x210.jpg 375w\" sizes=\"(max-width: 275px) 100vw, 275px\" \/><\/a> <a href=\"https:\/\/jaaaeg.ee\/\"><img loading=\"lazy\" decoding=\"async\" class=\"alignnone wp-image-1421\" src=\"http:\/\/teehead.ee\/1\/wp-content\/uploads\/2019\/09\/jaaajakeskuse_logo.jpg\" alt=\"\" width=\"275\" height=\"281\" srcset=\"https:\/\/teehead.ee\/1\/wp-content\/uploads\/2019\/09\/jaaajakeskuse_logo.jpg 572w, https:\/\/teehead.ee\/1\/wp-content\/uploads\/2019\/09\/jaaajakeskuse_logo-294x300.jpg 294w\" sizes=\"(max-width: 275px) 100vw, 275px\" \/>&nbsp; <\/a><a href=\"https:\/\/meremuuseum.ee\/\">&nbsp; <\/a><a href=\"https:\/\/sakulate.ee\/\"><img loading=\"lazy\" decoding=\"async\" class=\"alignnone wp-image-1221\" src=\"http:\/\/teehead.ee\/1\/wp-content\/uploads\/2017\/12\/Saku_L\u00e4te_logo_slogan_PMS_Coated.jpg\" alt=\"\" width=\"275\" height=\"232\" srcset=\"https:\/\/teehead.ee\/1\/wp-content\/uploads\/2017\/12\/Saku_L\u00e4te_logo_slogan_PMS_Coated.jpg 709w, https:\/\/teehead.ee\/1\/wp-content\/uploads\/2017\/12\/Saku_L\u00e4te_logo_slogan_PMS_Coated-300x253.jpg 300w\" sizes=\"(max-width: 275px) 100vw, 275px\" \/>&nbsp;<\/a> <a href=\"https:\/\/varskaoriginaal.ee\/\"><img loading=\"lazy\" decoding=\"async\" class=\"alignnone wp-image-2575\" src=\"http:\/\/teehead.ee\/1\/wp-content\/uploads\/2024\/10\/VarskaOriginaal_uuslogo.png\" alt=\"\" width=\"275\" height=\"193\" srcset=\"https:\/\/teehead.ee\/1\/wp-content\/uploads\/2024\/10\/VarskaOriginaal_uuslogo.png 1000w, https:\/\/teehead.ee\/1\/wp-content\/uploads\/2024\/10\/VarskaOriginaal_uuslogo-300x210.png 300w, https:\/\/teehead.ee\/1\/wp-content\/uploads\/2024\/10\/VarskaOriginaal_uuslogo-768x538.png 768w\" sizes=\"(max-width: 275px) 100vw, 275px\" \/><\/a><a href=\"https:\/\/spordimuuseum.ee\/\"><img loading=\"lazy\" decoding=\"async\" class=\"alignnone wp-image-1657\" src=\"http:\/\/teehead.ee\/1\/wp-content\/uploads\/2022\/05\/ESOM_logo_EST_full-colour-RGB-1024x205.png\" alt=\"\" width=\"274\" height=\"55\" srcset=\"https:\/\/teehead.ee\/1\/wp-content\/uploads\/2022\/05\/ESOM_logo_EST_full-colour-RGB-1024x205.png 1024w, https:\/\/teehead.ee\/1\/wp-content\/uploads\/2022\/05\/ESOM_logo_EST_full-colour-RGB-300x60.png 300w, https:\/\/teehead.ee\/1\/wp-content\/uploads\/2022\/05\/ESOM_logo_EST_full-colour-RGB-768x154.png 768w, https:\/\/teehead.ee\/1\/wp-content\/uploads\/2022\/05\/ESOM_logo_EST_full-colour-RGB-1536x308.png 1536w, https:\/\/teehead.ee\/1\/wp-content\/uploads\/2022\/05\/ESOM_logo_EST_full-colour-RGB-2048x410.png 2048w\" sizes=\"(max-width: 274px) 100vw, 274px\" \/><\/a><a href=\"https:\/\/kohvimasinad.ee\/\"><img loading=\"lazy\" decoding=\"async\" class=\"alignnone wp-image-1784\" src=\"http:\/\/teehead.ee\/1\/wp-content\/uploads\/2023\/12\/paikesekohv_LOGO-hor_1200x250px-1024x213.jpg\" alt=\"\" width=\"274\" height=\"57\" srcset=\"https:\/\/teehead.ee\/1\/wp-content\/uploads\/2023\/12\/paikesekohv_LOGO-hor_1200x250px-1024x213.jpg 1024w, https:\/\/teehead.ee\/1\/wp-content\/uploads\/2023\/12\/paikesekohv_LOGO-hor_1200x250px-300x63.jpg 300w, https:\/\/teehead.ee\/1\/wp-content\/uploads\/2023\/12\/paikesekohv_LOGO-hor_1200x250px-768x160.jpg 768w, https:\/\/teehead.ee\/1\/wp-content\/uploads\/2023\/12\/paikesekohv_LOGO-hor_1200x250px.jpg 1200w\" sizes=\"(max-width: 274px) 100vw, 274px\" \/>&nbsp; <\/a><a href=\"https:\/\/meremuuseum.ee\/\"><img loading=\"lazy\" decoding=\"async\" class=\"alignnone wp-image-2792\" src=\"http:\/\/teehead.ee\/1\/wp-content\/uploads\/2025\/12\/Meremuuseum90_juubelilogo-1024x393.jpg\" alt=\"\" width=\"275\" height=\"105\" srcset=\"https:\/\/teehead.ee\/1\/wp-content\/uploads\/2025\/12\/Meremuuseum90_juubelilogo-1024x393.jpg 1024w, https:\/\/teehead.ee\/1\/wp-content\/uploads\/2025\/12\/Meremuuseum90_juubelilogo-300x115.jpg 300w, https:\/\/teehead.ee\/1\/wp-content\/uploads\/2025\/12\/Meremuuseum90_juubelilogo-768x295.jpg 768w, https:\/\/teehead.ee\/1\/wp-content\/uploads\/2025\/12\/Meremuuseum90_juubelilogo-1536x589.jpg 1536w, https:\/\/teehead.ee\/1\/wp-content\/uploads\/2025\/12\/Meremuuseum90_juubelilogo-2048x785.jpg 2048w\" sizes=\"(max-width: 275px) 100vw, 275px\" \/>&nbsp;&nbsp; <\/a><a href=\"https:\/\/www.apollo.ee\/et\"><img loading=\"lazy\" decoding=\"async\" class=\"alignnone wp-image-2793\" src=\"http:\/\/teehead.ee\/1\/wp-content\/uploads\/2025\/12\/Apollo_Pood-1024x305.jpg\" alt=\"\" width=\"275\" height=\"82\" srcset=\"https:\/\/teehead.ee\/1\/wp-content\/uploads\/2025\/12\/Apollo_Pood-1024x305.jpg 1024w, https:\/\/teehead.ee\/1\/wp-content\/uploads\/2025\/12\/Apollo_Pood-300x89.jpg 300w, https:\/\/teehead.ee\/1\/wp-content\/uploads\/2025\/12\/Apollo_Pood-768x229.jpg 768w, https:\/\/teehead.ee\/1\/wp-content\/uploads\/2025\/12\/Apollo_Pood-1536x458.jpg 1536w, https:\/\/teehead.ee\/1\/wp-content\/uploads\/2025\/12\/Apollo_Pood-2048x610.jpg 2048w\" sizes=\"(max-width: 275px) 100vw, 275px\" \/>&nbsp;&nbsp; <\/a><a href=\"https:\/\/heaode.ee\/\"><img loading=\"lazy\" decoding=\"async\" class=\"alignnone wp-image-2794\" src=\"http:\/\/teehead.ee\/1\/wp-content\/uploads\/2025\/12\/hea-ode-1024x403.png\" alt=\"\" width=\"275\" height=\"108\" srcset=\"https:\/\/teehead.ee\/1\/wp-content\/uploads\/2025\/12\/hea-ode-1024x403.png 1024w, https:\/\/teehead.ee\/1\/wp-content\/uploads\/2025\/12\/hea-ode-300x118.png 300w, https:\/\/teehead.ee\/1\/wp-content\/uploads\/2025\/12\/hea-ode-768x302.png 768w, https:\/\/teehead.ee\/1\/wp-content\/uploads\/2025\/12\/hea-ode-1536x604.png 1536w, https:\/\/teehead.ee\/1\/wp-content\/uploads\/2025\/12\/hea-ode.png 1751w\" sizes=\"(max-width: 275px) 100vw, 275px\" \/>&nbsp;&nbsp; <\/a><a href=\"https:\/\/www.antumois.ee\/\"><img loading=\"lazy\" decoding=\"async\" class=\"alignnone wp-image-2796\" src=\"http:\/\/teehead.ee\/1\/wp-content\/uploads\/2025\/12\/Kikeriki.png\" alt=\"\" width=\"275\" height=\"231\" srcset=\"https:\/\/teehead.ee\/1\/wp-content\/uploads\/2025\/12\/Kikeriki.png 404w, https:\/\/teehead.ee\/1\/wp-content\/uploads\/2025\/12\/Kikeriki-300x252.png 300w\" sizes=\"(max-width: 275px) 100vw, 275px\" \/><\/a>&nbsp; <a href=\"https:\/\/www.saku.ee\/et\/\"><img loading=\"lazy\" decoding=\"async\" class=\"alignnone wp-image-2571\" src=\"http:\/\/teehead.ee\/1\/wp-content\/uploads\/2024\/10\/Saku_Logo_Allkirjaga.heledal-pinnal-1024x754.jpg\" alt=\"\" width=\"276\" height=\"203\" srcset=\"https:\/\/teehead.ee\/1\/wp-content\/uploads\/2024\/10\/Saku_Logo_Allkirjaga.heledal-pinnal-1024x754.jpg 1024w, https:\/\/teehead.ee\/1\/wp-content\/uploads\/2024\/10\/Saku_Logo_Allkirjaga.heledal-pinnal-300x221.jpg 300w, https:\/\/teehead.ee\/1\/wp-content\/uploads\/2024\/10\/Saku_Logo_Allkirjaga.heledal-pinnal-768x566.jpg 768w, https:\/\/teehead.ee\/1\/wp-content\/uploads\/2024\/10\/Saku_Logo_Allkirjaga.heledal-pinnal-1536x1131.jpg 1536w, https:\/\/teehead.ee\/1\/wp-content\/uploads\/2024\/10\/Saku_Logo_Allkirjaga.heledal-pinnal.jpg 1962w\" sizes=\"(max-width: 276px) 100vw, 276px\" \/><\/a><\/div>\n<div dir=\"auto\" style=\"text-align: justify;\">&nbsp;<\/div>\n<div dir=\"auto\">&nbsp;<\/div>\n<div dir=\"auto\" style=\"text-align: center;\"><span style=\"color: #ff0000;\"><strong><span style=\"font-size: 14pt;\">Vaata \u00fcrituse galeriid:<\/span><\/strong><\/span><br \/>\n(Fotograaf: Piret Asu)<\/div>\n<div dir=\"auto\" style=\"text-align: center;\">&nbsp;<\/div>\n<p style=\"text-align: center;\">ngg_shortcode_0_placeholder<\/p>\n","protected":false},"excerpt":{"rendered":"<p>\u201cMeie pere j\u00f5ulupidu\u201d toimus 20.12.2025 \u00dcritus algas 12.00 ja kestis kuus tundi. J\u00f5ule t\u00e4histasime ka sel aastal V\u00e4\u00e4tsa Spordikeskuses. Tegu oli kinnise \u00fcritusega, kuhu ootasime lasterikkaid peresid ning \u00fcksikvanemaid koos lastega k\u00f5ikjalt \u00fcle Eesti. &nbsp; P\u00e4evajuht:&nbsp;Daniel Aganit\u0161 &nbsp; Mis toimus? J\u00f5ulupidu olin V\u00e4\u00e4tsa Spordikeskuses laup\u00e4eval 20.12.2025 kella 12.00 -18.00 ja pidu oli k\u00f5igile osalejatele tasuta.&nbsp; \u201cMeie pere j\u00f5ulupeost\u201d ootasime osa v\u00f5tma&nbsp; lasterikkaid peresid (peres peab elama v\u00e4hemalt 3 alaealist last) ja \u00fcksikvanematega peresid \u00fcle Eesti. J\u00f5ulupeol \u00fchendasime meeldiva tervislikuga ning<\/p>\n","protected":false},"author":1,"featured_media":0,"parent":23,"menu_order":251,"comment_status":"closed","ping_status":"closed","template":"template-fullwidth.php","meta":{"ngg_post_thumbnail":0,"footnotes":""},"class_list":["post-2768","page","type-page","status-publish","hentry"],"jetpack_sharing_enabled":true,"_links":{"self":[{"href":"https:\/\/teehead.ee\/1\/index.php?rest_route=\/wp\/v2\/pages\/2768","targetHints":{"allow":["GET"]}}],"collection":[{"href":"https:\/\/teehead.ee\/1\/index.php?rest_route=\/wp\/v2\/pages"}],"about":[{"href":"https:\/\/teehead.ee\/1\/index.php?rest_route=\/wp\/v2\/types\/page"}],"author":[{"embeddable":true,"href":"https:\/\/teehead.ee\/1\/index.php?rest_route=\/wp\/v2\/users\/1"}],"replies":[{"embeddable":true,"href":"https:\/\/teehead.ee\/1\/index.php?rest_route=%2Fwp%2Fv2%2Fcomments&post=2768"}],"version-history":[{"count":5,"href":"https:\/\/teehead.ee\/1\/index.php?rest_route=\/wp\/v2\/pages\/2768\/revisions"}],"predecessor-version":[{"id":3105,"href":"https:\/\/teehead.ee\/1\/index.php?rest_route=\/wp\/v2\/pages\/2768\/revisions\/3105"}],"up":[{"embeddable":true,"href":"https:\/\/teehead.ee\/1\/index.php?rest_route=\/wp\/v2\/pages\/23"}],"wp:attachment":[{"href":"https:\/\/teehead.ee\/1\/index.php?rest_route=%2Fwp%2Fv2%2Fmedia&parent=2768"}],"curies":[{"name":"wp","href":"https:\/\/api.w.org\/{rel}","templated":true}]}}