{"id":11901,"date":"2022-12-27T18:19:46","date_gmt":"2022-12-27T18:19:46","guid":{"rendered":"https:\/\/teehead.ee\/Galerii%201\/?page_id=11901"},"modified":"2022-12-27T20:50:03","modified_gmt":"2022-12-27T20:50:03","slug":"meie-pere-joulupidu-2022","status":"publish","type":"page","link":"https:\/\/teehead.ee\/Galerii%201\/?page_id=11901","title":{"rendered":"Meie pere j\u00f5ulupidu 2022"},"content":{"rendered":"\n<p>&#8220;Meie Pere j\u00f5ulupidu 2022&#8221; toimus 17.12.2022 V\u00e4\u00e4tsa spordihoones.<\/p>\n\n\n\n<p>Fotode autor&nbsp;<strong>Valeria Kossobutskaja<\/strong>:<strong> <\/strong><\/p>\n\n\nngg_shortcode_0_placeholder\n\n\n\n<p><\/p>\n\n\n\n<p>Fotode autor\u00a0<strong>Toomas Tamm<\/strong>:<strong> <\/strong><\/p>\n\n\nngg_shortcode_1_placeholder\n\n\n\n<p><\/p>\n\n\n\n<p>Fotode autor\u00a0<strong>Piret Asu<\/strong>:<strong> <\/strong><\/p>\n\n\nngg_shortcode_2_placeholder\n","protected":false},"excerpt":{"rendered":"<p>&#8220;Meie Pere j\u00f5ulupidu 2022&#8221; toimus 17.12.2022 V\u00e4\u00e4tsa spordihoones. Fotode autor&nbsp;Valeria Kossobutskaja: Fotode autor\u00a0Toomas Tamm: Fotode autor\u00a0Piret Asu:<\/p>\n","protected":false},"author":1,"featured_media":0,"parent":11621,"menu_order":0,"comment_status":"closed","ping_status":"closed","template":"page-templates\/full-width.php","meta":{"ngg_post_thumbnail":0,"footnotes":""},"class_list":["post-11901","page","type-page","status-publish","hentry"],"_links":{"self":[{"href":"https:\/\/teehead.ee\/Galerii%201\/index.php?rest_route=\/wp\/v2\/pages\/11901","targetHints":{"allow":["GET"]}}],"collection":[{"href":"https:\/\/teehead.ee\/Galerii%201\/index.php?rest_route=\/wp\/v2\/pages"}],"about":[{"href":"https:\/\/teehead.ee\/Galerii%201\/index.php?rest_route=\/wp\/v2\/types\/page"}],"author":[{"embeddable":true,"href":"https:\/\/teehead.ee\/Galerii%201\/index.php?rest_route=\/wp\/v2\/users\/1"}],"replies":[{"embeddable":true,"href":"https:\/\/teehead.ee\/Galerii%201\/index.php?rest_route=%2Fwp%2Fv2%2Fcomments&post=11901"}],"version-history":[{"count":5,"href":"https:\/\/teehead.ee\/Galerii%201\/index.php?rest_route=\/wp\/v2\/pages\/11901\/revisions"}],"predecessor-version":[{"id":12165,"href":"https:\/\/teehead.ee\/Galerii%201\/index.php?rest_route=\/wp\/v2\/pages\/11901\/revisions\/12165"}],"up":[{"embeddable":true,"href":"https:\/\/teehead.ee\/Galerii%201\/index.php?rest_route=\/wp\/v2\/pages\/11621"}],"wp:attachment":[{"href":"https:\/\/teehead.ee\/Galerii%201\/index.php?rest_route=%2Fwp%2Fv2%2Fmedia&parent=11901"}],"curies":[{"name":"wp","href":"https:\/\/api.w.org\/{rel}","templated":true}]}}