{"id":12357,"date":"2023-12-26T18:43:18","date_gmt":"2023-12-26T18:43:18","guid":{"rendered":"https:\/\/teehead.ee\/Galerii%201\/?page_id=12357"},"modified":"2023-12-26T18:52:56","modified_gmt":"2023-12-26T18:52:56","slug":"joulupidu-2023","status":"publish","type":"page","link":"https:\/\/teehead.ee\/Galerii%201\/?page_id=12357","title":{"rendered":"J\u00f5ulupidu 2023"},"content":{"rendered":"\n<p>&#8220;<strong>Meie Pere j\u00f5ulupidu 2023<\/strong>&#8221; toimus 16.12.2023 V\u00e4\u00e4tsa spordihoones.<br>Fotode autor:\u00a0<strong>Piret Asu<\/strong><br><\/p>\n\n\nngg_shortcode_0_placeholder\n","protected":false},"excerpt":{"rendered":"<p>&#8220;Meie Pere j\u00f5ulupidu 2023&#8221; toimus 16.12.2023 V\u00e4\u00e4tsa spordihoones.Fotode autor:\u00a0Piret Asu<\/p>\n","protected":false},"author":1,"featured_media":0,"parent":12355,"menu_order":0,"comment_status":"closed","ping_status":"closed","template":"page-templates\/full-width.php","meta":{"ngg_post_thumbnail":0,"footnotes":""},"class_list":["post-12357","page","type-page","status-publish","hentry"],"_links":{"self":[{"href":"https:\/\/teehead.ee\/Galerii%201\/index.php?rest_route=\/wp\/v2\/pages\/12357","targetHints":{"allow":["GET"]}}],"collection":[{"href":"https:\/\/teehead.ee\/Galerii%201\/index.php?rest_route=\/wp\/v2\/pages"}],"about":[{"href":"https:\/\/teehead.ee\/Galerii%201\/index.php?rest_route=\/wp\/v2\/types\/page"}],"author":[{"embeddable":true,"href":"https:\/\/teehead.ee\/Galerii%201\/index.php?rest_route=\/wp\/v2\/users\/1"}],"replies":[{"embeddable":true,"href":"https:\/\/teehead.ee\/Galerii%201\/index.php?rest_route=%2Fwp%2Fv2%2Fcomments&post=12357"}],"version-history":[{"count":2,"href":"https:\/\/teehead.ee\/Galerii%201\/index.php?rest_route=\/wp\/v2\/pages\/12357\/revisions"}],"predecessor-version":[{"id":12360,"href":"https:\/\/teehead.ee\/Galerii%201\/index.php?rest_route=\/wp\/v2\/pages\/12357\/revisions\/12360"}],"up":[{"embeddable":true,"href":"https:\/\/teehead.ee\/Galerii%201\/index.php?rest_route=\/wp\/v2\/pages\/12355"}],"wp:attachment":[{"href":"https:\/\/teehead.ee\/Galerii%201\/index.php?rest_route=%2Fwp%2Fv2%2Fmedia&parent=12357"}],"curies":[{"name":"wp","href":"https:\/\/api.w.org\/{rel}","templated":true}]}}