                {"id":254,"date":"2014-04-22T06:21:38","date_gmt":"2014-04-22T06:21:38","guid":{"rendered":"http:\/\/teehead.ee\/Galerii%201\/?page_id=254"},"modified":"2014-04-22T19:21:38","modified_gmt":"2014-04-22T19:21:38","slug":"sonaga-nakku-2","status":"publish","type":"page","link":"https:\/\/teehead.ee\/Galerii%201\/?page_id=254","title":{"rendered":"&#8220;S\u00f5naga n\u00e4kku 2&#8221; esitlemine"},"content":{"rendered":"<p><strong>\u00a0<span style=\"color: #555555;\">19.04.2014<\/span><\/strong><\/p>\n<p><span style=\"color: #555555;\">&#8220;<\/span>S\u00f5naga n\u00e4kku 2&#8243; raamatu esitlus Tallinnas, N\u00f5mme kultuurikeskuses<\/p>\n<p>Fotode ja videote autor: <strong>Mart Rummo<\/strong><\/p>\nngg_shortcode_0_placeholder\n<p>Videod on esitlusj\u00e4rjekorras: <script type=\"text\/javascript\" src=\"https:\/\/teehead.ee\/Galerii%201\/wp-content\/plugins\/player\/swfobject.js\"><\/script>\r\n\t\t<div id=\"spidervideoplayerflash_1\" style=\"display:none\">\t\t\r\n\t\t  <div id=\"254_0_flashcontent\"  style=\"width: 650px; height:400px\"><\/div>\r\n\t\t\t<script type=\"text\/javascript\">\r\nfunction flashShare(type,b,c)\t\r\n{\r\nu=location.href;\r\n\tu=u.replace('\/?','\/index.php?');\r\n\tif(u.search('&AlbumId')!=-1)\r\n\t{\r\n\t\tvar u_part2='';\r\n\t\tu_part2=u.substring(u.search('&TrackId')+2, 1000)\r\n\t\tif(u_part2.search('&')!=-1)\r\n\t\t{\r\n\t\t\tu_part2=u_part2.substring(u_part2.search('&'),1000);\r\n\t\t}\r\n\t\tu=u.replace(u.substring(u.search('&AlbumId'), 1000),'')+u_part2;\t\t\r\n\t}\r\n\tif(!location.search)\r\n\t\t\tu=u+'?';\r\n\t\telse\r\n\t\t\tu=u+'&';\r\n\tt=document.title;\r\n\tswitch (type)\r\n\t{\r\n\tcase 'fb':\t\r\n\t\twindow.open('http:\/\/www.facebook.com\/sharer.php?u='+encodeURIComponent(u+'AlbumId='+b+'&TrackId='+c)+'&t='+encodeURIComponent(t), \"Facebook\",\"menubar=1,resizable=1,width=350,height=250\");\r\n\t\tbreak;\r\n\tcase 'g':\r\n\t\twindow.open('http:\/\/plus.google.com\/share?url='+encodeURIComponent(u+'AlbumId='+b+'&TrackId='+c)+'&t='+encodeURIComponent(t), \"Google\",\"menubar=1,resizable=1,width=350,height=250\");\r\n\t\tbreak;\r\n\tcase 'tw':\r\n\t\twindow.open('http:\/\/twitter.com\/home\/?status='+encodeURIComponent(u+'AlbumId='+b+'&TrackId='+c), \"Twitter\",\"menubar=1,resizable=1,width=350,height=250\");\r\n\t\tbreak;\r\n\t}\r\n}\t\t\r\n     var so = new SWFObject(\"https:\/\/teehead.ee\/Galerii%201\/wp-content\/plugins\/player\/videoSpider_Video_Player.swf?wdrand=445600120\", \"Spider_Video_Player\", \"100%\", \"100%\", \"8\", \"#000000\");\r\n\t so.addParam(\"FlashVars\", \"settingsUrl=https:\/\/teehead.ee\/Galerii%201\/wp-admin\/admin-ajax.php?action=spiderVeideoPlayersettingsxml@playlist=1@theme=1@s_v_player_id=1@single=0&playlistUrl=https:\/\/teehead.ee\/Galerii%201\/wp-admin\/admin-ajax.php?action=spiderVeideoPlayerplaylistxml@playlist=1@single=0@show_trackid=1&defaultAlbumId=&defaultTrackId=\");\r\n\t\t   so.addParam(\"quality\", \"high\");\r\n\t\t   so.addParam(\"menu\", \"false\");\r\n\t\t   so.addParam(\"wmode\", \"transparent\");\r\n\t\t   so.addParam(\"loop\", \"false\");\r\n\t\t   so.addParam(\"allowfullscreen\", \"true\");\r\n\t\t   so.write(\"254_0_flashcontent\");\r\n\t\t\t<\/script>\r\n\t\t\t<\/div>\r\n\t\t\t    <div id=\"spidervideoplayerhtml5_1\" style=\"display:none\">\r\n        <\/div><br\/>\r\n        <script type=\"text\/javascript\"> \r\nvar html5_1 = document.getElementById(\"spidervideoplayerhtml5_1\");\r\nvar flash_1 = document.getElementById(\"spidervideoplayerflash_1\");\r\nif(!FlashDetect.installed){\r\nflash_1.parentNode.removeChild(flash_1);\r\nspidervideoplayerhtml5_1.style.display='';\r\n}\r\nelse{\r\nhtml5_1.parentNode.removeChild(html5_1);\r\nspidervideoplayerflash_1.style.display='';\r\n}\r\n<\/script><\/p>\n<p>&nbsp;<\/p>\n<p>Fotode autor:\u00a0<strong>Eero Talisainen<\/strong><\/p>\nngg_shortcode_1_placeholder\n<p>&nbsp;<\/p>\n<p>Fotode autor:\u00a0<strong>Urve Purga<\/strong><\/p>\nngg_shortcode_2_placeholder\n","protected":false},"excerpt":{"rendered":"<p>\u00a019.04.2014 &#8220;S\u00f5naga n\u00e4kku 2&#8243; raamatu esitlus Tallinnas, N\u00f5mme kultuurikeskuses Fotode ja videote autor: Mart Rummo Videod on esitlusj\u00e4rjekorras: &nbsp; Fotode autor:\u00a0Eero Talisainen &nbsp; Fotode autor:\u00a0Urve Purga<\/p>\n","protected":false},"author":1,"featured_media":0,"parent":173,"menu_order":0,"comment_status":"closed","ping_status":"open","template":"page-templates\/front-page.php","meta":{"ngg_post_thumbnail":0,"footnotes":""},"class_list":["post-254","page","type-page","status-publish","hentry"],"_links":{"self":[{"href":"https:\/\/teehead.ee\/Galerii%201\/index.php?rest_route=\/wp\/v2\/pages\/254","targetHints":{"allow":["GET"]}}],"collection":[{"href":"https:\/\/teehead.ee\/Galerii%201\/index.php?rest_route=\/wp\/v2\/pages"}],"about":[{"href":"https:\/\/teehead.ee\/Galerii%201\/index.php?rest_route=\/wp\/v2\/types\/page"}],"author":[{"embeddable":true,"href":"https:\/\/teehead.ee\/Galerii%201\/index.php?rest_route=\/wp\/v2\/users\/1"}],"replies":[{"embeddable":true,"href":"https:\/\/teehead.ee\/Galerii%201\/index.php?rest_route=%2Fwp%2Fv2%2Fcomments&post=254"}],"version-history":[{"count":5,"href":"https:\/\/teehead.ee\/Galerii%201\/index.php?rest_route=\/wp\/v2\/pages\/254\/revisions"}],"predecessor-version":[{"id":301,"href":"https:\/\/teehead.ee\/Galerii%201\/index.php?rest_route=\/wp\/v2\/pages\/254\/revisions\/301"}],"up":[{"embeddable":true,"href":"https:\/\/teehead.ee\/Galerii%201\/index.php?rest_route=\/wp\/v2\/pages\/173"}],"wp:attachment":[{"href":"https:\/\/teehead.ee\/Galerii%201\/index.php?rest_route=%2Fwp%2Fv2%2Fmedia&parent=254"}],"curies":[{"name":"wp","href":"https:\/\/api.w.org\/{rel}","templated":true}]}}