{"id":41,"date":"2013-01-05T09:54:37","date_gmt":"2013-01-05T09:54:37","guid":{"rendered":"http:\/\/teehead.ee\/Galerii%201\/?page_id=41"},"modified":"2020-01-20T20:11:11","modified_gmt":"2020-01-20T20:11:11","slug":"2010-2","status":"publish","type":"page","link":"https:\/\/teehead.ee\/Galerii%201\/?page_id=41","title":{"rendered":"2010"},"content":{"rendered":"<p>2010 aastal korraldasime 3 \u00fcritust:<\/p>\n<p><a title=\"Lastekaitsep\u00e4ev 2010\" href=\"http:\/\/teehead.ee\/Galerii%201\/?page_id=29\">Lastekaitsep\u00e4eva t\u00e4histamine 2010<\/a>&nbsp;&#8211; Hiiumaal, K\u00e4rdlas (05.06.2010)<br \/>\n<a title=\"APM 2010\" href=\"http:\/\/teehead.ee\/Galerii%201\/?page_id=32\">Arvutipiljardi Meistriv\u00f5istlused 2010<\/a>&nbsp;&#8211; Tallinnas, Kuulsaali ruumes (18.07.2010)<br \/>\n<a title=\"Suurperede bowling 2010\" href=\"http:\/\/teehead.ee\/Galerii%201\/?page_id=56\">Lasterikaste perede bowlingu v\u00f5istlus 2010<\/a>&nbsp;&#8211;&nbsp;Tallinnas, Kuulsaali ruumes (29.08.2010)<\/p>\n","protected":false},"excerpt":{"rendered":"<p>2010 aastal korraldasime 3 \u00fcritust: Lastekaitsep\u00e4eva t\u00e4histamine 2010&nbsp;&#8211; Hiiumaal, K\u00e4rdlas (05.06.2010) Arvutipiljardi Meistriv\u00f5istlused 2010&nbsp;&#8211; Tallinnas, Kuulsaali ruumes (18.07.2010) Lasterikaste perede bowlingu v\u00f5istlus 2010&nbsp;&#8211;&nbsp;Tallinnas, Kuulsaali ruumes (29.08.2010)<\/p>\n","protected":false},"author":1,"featured_media":0,"parent":0,"menu_order":19,"comment_status":"open","ping_status":"open","template":"page-templates\/front-page.php","meta":{"ngg_post_thumbnail":0,"footnotes":""},"class_list":["post-41","page","type-page","status-publish","hentry"],"_links":{"self":[{"href":"https:\/\/teehead.ee\/Galerii%201\/index.php?rest_route=\/wp\/v2\/pages\/41","targetHints":{"allow":["GET"]}}],"collection":[{"href":"https:\/\/teehead.ee\/Galerii%201\/index.php?rest_route=\/wp\/v2\/pages"}],"about":[{"href":"https:\/\/teehead.ee\/Galerii%201\/index.php?rest_route=\/wp\/v2\/types\/page"}],"author":[{"embeddable":true,"href":"https:\/\/teehead.ee\/Galerii%201\/index.php?rest_route=\/wp\/v2\/users\/1"}],"replies":[{"embeddable":true,"href":"https:\/\/teehead.ee\/Galerii%201\/index.php?rest_route=%2Fwp%2Fv2%2Fcomments&post=41"}],"version-history":[{"count":5,"href":"https:\/\/teehead.ee\/Galerii%201\/index.php?rest_route=\/wp\/v2\/pages\/41\/revisions"}],"predecessor-version":[{"id":10677,"href":"https:\/\/teehead.ee\/Galerii%201\/index.php?rest_route=\/wp\/v2\/pages\/41\/revisions\/10677"}],"wp:attachment":[{"href":"https:\/\/teehead.ee\/Galerii%201\/index.php?rest_route=%2Fwp%2Fv2%2Fmedia&parent=41"}],"curies":[{"name":"wp","href":"https:\/\/api.w.org\/{rel}","templated":true}]}}