{"id":4548,"date":"2015-01-15T07:55:06","date_gmt":"2015-01-15T07:55:06","guid":{"rendered":"http:\/\/teehead.ee\/Galerii%201\/?page_id=4548"},"modified":"2015-08-27T14:27:52","modified_gmt":"2015-08-27T14:27:52","slug":"joulupidu-2014","status":"publish","type":"page","link":"https:\/\/teehead.ee\/Galerii%201\/?page_id=4548","title":{"rendered":"J\u00f5ulupidu 2014"},"content":{"rendered":"<p>2014 aasta &#8220;Meie pere j\u00f5ulupidu&#8221; toimus sel korral 2. jaanuaril ja juba 2015 aastal. \u00dcritus leidis aset Tallinnas, Kuulsaali bowlinguklubis.<\/p>\n<p>Fotode autori on <strong>Aage \u00d5unap<\/strong><\/p>\nngg_shortcode_0_placeholder\n<p>&nbsp;<\/p>\n<p>Fotode autori on <strong>Kadri Erlenheim<\/strong><\/p>\nngg_shortcode_1_placeholder\n","protected":false},"excerpt":{"rendered":"<p>2014 aasta &#8220;Meie pere j\u00f5ulupidu&#8221; toimus sel korral 2. jaanuaril ja juba 2015 aastal. \u00dcritus leidis aset Tallinnas, Kuulsaali bowlinguklubis. Fotode autori on Aage \u00d5unap &nbsp; Fotode autori on Kadri Erlenheim<\/p>\n","protected":false},"author":1,"featured_media":0,"parent":4546,"menu_order":5,"comment_status":"closed","ping_status":"open","template":"page-templates\/front-page.php","meta":{"ngg_post_thumbnail":0,"footnotes":""},"class_list":["post-4548","page","type-page","status-publish","hentry"],"_links":{"self":[{"href":"https:\/\/teehead.ee\/Galerii%201\/index.php?rest_route=\/wp\/v2\/pages\/4548","targetHints":{"allow":["GET"]}}],"collection":[{"href":"https:\/\/teehead.ee\/Galerii%201\/index.php?rest_route=\/wp\/v2\/pages"}],"about":[{"href":"https:\/\/teehead.ee\/Galerii%201\/index.php?rest_route=\/wp\/v2\/types\/page"}],"author":[{"embeddable":true,"href":"https:\/\/teehead.ee\/Galerii%201\/index.php?rest_route=\/wp\/v2\/users\/1"}],"replies":[{"embeddable":true,"href":"https:\/\/teehead.ee\/Galerii%201\/index.php?rest_route=%2Fwp%2Fv2%2Fcomments&post=4548"}],"version-history":[{"count":5,"href":"https:\/\/teehead.ee\/Galerii%201\/index.php?rest_route=\/wp\/v2\/pages\/4548\/revisions"}],"predecessor-version":[{"id":4553,"href":"https:\/\/teehead.ee\/Galerii%201\/index.php?rest_route=\/wp\/v2\/pages\/4548\/revisions\/4553"}],"up":[{"embeddable":true,"href":"https:\/\/teehead.ee\/Galerii%201\/index.php?rest_route=\/wp\/v2\/pages\/4546"}],"wp:attachment":[{"href":"https:\/\/teehead.ee\/Galerii%201\/index.php?rest_route=%2Fwp%2Fv2%2Fmedia&parent=4548"}],"curies":[{"name":"wp","href":"https:\/\/api.w.org\/{rel}","templated":true}]}}