{"id":49,"date":"2013-01-05T09:58:13","date_gmt":"2013-01-05T09:58:13","guid":{"rendered":"http:\/\/teehead.ee\/Galerii%201\/?page_id=49"},"modified":"2020-01-20T20:12:10","modified_gmt":"2020-01-20T20:12:10","slug":"2013-2","status":"publish","type":"page","link":"https:\/\/teehead.ee\/Galerii%201\/?page_id=49","title":{"rendered":"2013"},"content":{"rendered":"<p>2013 aastal toimus 3 \u00fcritust:<\/p>\n<p><a title=\"J\u00f5ulupidu 2012\" href=\"http:\/\/teehead.ee\/Galerii%201\/?page_id=62\">&#8220;Meie pere j\u00f5ulupidu&#8221; 2012<\/a>&nbsp;&#8211; Tallinnas, Kuulsaali ruumes&nbsp;(03.01.2013)<\/p>\n<p><a href=\"http:\/\/teehead.ee\/Galerii%201\/?page_id=98\">&#8220;Lastekaitsep\u00e4ev&#8221; 2013&#8243;<\/a>&nbsp;&#8211; P\u00e4rnus, Kaubamajaka parklas&nbsp;(01.06.2013)<\/p>\n<p><a title=\"J\u00f5ulupidu 2013\" href=\"http:\/\/teehead.ee\/Galerii%201\/?page_id=110\">&#8220;Meie pere j\u00f5ulupidu&#8221; 2013<\/a>&nbsp;&#8211; Tallinnas, Kuulsaali ruumes&nbsp;(30.12.2013)<\/p>\n","protected":false},"excerpt":{"rendered":"<p>2013 aastal toimus 3 \u00fcritust: &#8220;Meie pere j\u00f5ulupidu&#8221; 2012&nbsp;&#8211; Tallinnas, Kuulsaali ruumes&nbsp;(03.01.2013) &#8220;Lastekaitsep\u00e4ev&#8221; 2013&#8243;&nbsp;&#8211; P\u00e4rnus, Kaubamajaka parklas&nbsp;(01.06.2013) &#8220;Meie pere j\u00f5ulupidu&#8221; 2013&nbsp;&#8211; Tallinnas, Kuulsaali ruumes&nbsp;(30.12.2013)<\/p>\n","protected":false},"author":1,"featured_media":0,"parent":0,"menu_order":16,"comment_status":"open","ping_status":"open","template":"page-templates\/front-page.php","meta":{"ngg_post_thumbnail":0,"footnotes":""},"class_list":["post-49","page","type-page","status-publish","hentry"],"_links":{"self":[{"href":"https:\/\/teehead.ee\/Galerii%201\/index.php?rest_route=\/wp\/v2\/pages\/49","targetHints":{"allow":["GET"]}}],"collection":[{"href":"https:\/\/teehead.ee\/Galerii%201\/index.php?rest_route=\/wp\/v2\/pages"}],"about":[{"href":"https:\/\/teehead.ee\/Galerii%201\/index.php?rest_route=\/wp\/v2\/types\/page"}],"author":[{"embeddable":true,"href":"https:\/\/teehead.ee\/Galerii%201\/index.php?rest_route=\/wp\/v2\/users\/1"}],"replies":[{"embeddable":true,"href":"https:\/\/teehead.ee\/Galerii%201\/index.php?rest_route=%2Fwp%2Fv2%2Fcomments&post=49"}],"version-history":[{"count":5,"href":"https:\/\/teehead.ee\/Galerii%201\/index.php?rest_route=\/wp\/v2\/pages\/49\/revisions"}],"predecessor-version":[{"id":10683,"href":"https:\/\/teehead.ee\/Galerii%201\/index.php?rest_route=\/wp\/v2\/pages\/49\/revisions\/10683"}],"wp:attachment":[{"href":"https:\/\/teehead.ee\/Galerii%201\/index.php?rest_route=%2Fwp%2Fv2%2Fmedia&parent=49"}],"curies":[{"name":"wp","href":"https:\/\/api.w.org\/{rel}","templated":true}]}}