{"id":5883,"date":"2016-01-04T21:43:40","date_gmt":"2016-01-04T21:43:40","guid":{"rendered":"http:\/\/teehead.ee\/Galerii%201\/?page_id=5883"},"modified":"2016-01-04T21:54:15","modified_gmt":"2016-01-04T21:54:15","slug":"jouluidu-2015","status":"publish","type":"page","link":"https:\/\/teehead.ee\/Galerii%201\/?page_id=5883","title":{"rendered":"J\u00f5ulupidu 2015"},"content":{"rendered":"<p>2015 aasta &#8220;Meie pere j\u00f5ulupidu&#8221; toimus sel korral 4. jaanuaril ja juba 2016 aastal. \u00dcritus leidis aset Viimsis, Kuulsaali bowlinguklubis ja seikluspargis MUUUV.<\/p>\n<p>Fotode autor on <strong>Rene Riismaa<\/strong><\/p>\nngg_shortcode_0_placeholder\n<p>&nbsp;<\/p>\n<p>Fotode autor on\u00a0<strong>Marion Tummeleht<\/strong><\/p>\nngg_shortcode_1_placeholder\n","protected":false},"excerpt":{"rendered":"<p>2015 aasta &#8220;Meie pere j\u00f5ulupidu&#8221; toimus sel korral 4. jaanuaril ja juba 2016 aastal. \u00dcritus leidis aset Viimsis, Kuulsaali bowlinguklubis ja seikluspargis MUUUV. Fotode autor on Rene Riismaa &nbsp; Fotode autor on\u00a0Marion Tummeleht<\/p>\n","protected":false},"author":1,"featured_media":0,"parent":5881,"menu_order":0,"comment_status":"closed","ping_status":"closed","template":"page-templates\/front-page.php","meta":{"ngg_post_thumbnail":0,"footnotes":""},"class_list":["post-5883","page","type-page","status-publish","hentry"],"_links":{"self":[{"href":"https:\/\/teehead.ee\/Galerii%201\/index.php?rest_route=\/wp\/v2\/pages\/5883","targetHints":{"allow":["GET"]}}],"collection":[{"href":"https:\/\/teehead.ee\/Galerii%201\/index.php?rest_route=\/wp\/v2\/pages"}],"about":[{"href":"https:\/\/teehead.ee\/Galerii%201\/index.php?rest_route=\/wp\/v2\/types\/page"}],"author":[{"embeddable":true,"href":"https:\/\/teehead.ee\/Galerii%201\/index.php?rest_route=\/wp\/v2\/users\/1"}],"replies":[{"embeddable":true,"href":"https:\/\/teehead.ee\/Galerii%201\/index.php?rest_route=%2Fwp%2Fv2%2Fcomments&post=5883"}],"version-history":[{"count":5,"href":"https:\/\/teehead.ee\/Galerii%201\/index.php?rest_route=\/wp\/v2\/pages\/5883\/revisions"}],"predecessor-version":[{"id":5915,"href":"https:\/\/teehead.ee\/Galerii%201\/index.php?rest_route=\/wp\/v2\/pages\/5883\/revisions\/5915"}],"up":[{"embeddable":true,"href":"https:\/\/teehead.ee\/Galerii%201\/index.php?rest_route=\/wp\/v2\/pages\/5881"}],"wp:attachment":[{"href":"https:\/\/teehead.ee\/Galerii%201\/index.php?rest_route=%2Fwp%2Fv2%2Fmedia&parent=5883"}],"curies":[{"name":"wp","href":"https:\/\/api.w.org\/{rel}","templated":true}]}}